{"id":10258,"date":"2025-12-05T22:07:31","date_gmt":"2025-12-05T22:07:31","guid":{"rendered":"https:\/\/senzorika.ajvonidol.si\/?post_type=product&#038;p=10258"},"modified":"2026-01-28T11:44:25","modified_gmt":"2026-01-28T11:44:25","slug":"mrezna-gugalnica","status":"publish","type":"product","link":"https:\/\/senzorika-varga.si\/en\/product\/mrezna-gugalnica\/","title":{"rendered":"Mre\u017ena gugalnica"},"content":{"rendered":"<p>Visokokakovostna gugalnica za notranjo in zunanjo uporabo. Vi\u0161ina: 160 cm (nastavljiva), jeklena cev: \u2248 25 x 1,2 mm, mre\u017ena vrv: \u2248 6 mm PE, vrv za obe\u0161anje: \u2248 10 mm PE, debelina \u010drne pene: 10 mm, najve\u010dja obremenitev: 100 kg, obro\u010d: \u2248 5,0 x 50 mm, pena za gugalnico, vezana s PP trakom.<\/p>","protected":false},"excerpt":{"rendered":"<p>Visokokakovostna gugalnica za notranjo in zunanjo uporabo. Vi\u0161ina: 160 cm (nastavljiva), jeklena cev: \u2248 25 x 1,2 mm, mre\u017ena vrv: \u2248 6 mm PE, vrv za obe\u0161anje: \u2248 10 mm PE, debelina \u010drne pene: 10 mm, najve\u010dja obremenitev: 100 kg, obro\u010d: \u2248 5,0 x 50 mm, pena za gugalnico, vezana s PP trakom.<\/p>","protected":false},"featured_media":12002,"menu_order":0,"comment_status":"open","ping_status":"closed","template":"","meta":[],"product_brand":[],"product_cat":[76,78,75],"product_tag":[],"class_list":{"0":"post-10258","1":"product","2":"type-product","3":"status-publish","4":"has-post-thumbnail","6":"product_cat-gugalnice","7":"product_cat-senzorna-integracija","8":"product_cat-vestibularni-pripomocki","10":"first","11":"instock","12":"taxable","13":"shipping-taxable","14":"purchasable","15":"product-type-simple"},"jetpack_sharing_enabled":true,"_links":{"self":[{"href":"https:\/\/senzorika-varga.si\/en\/wp-json\/wp\/v2\/product\/10258","targetHints":{"allow":["GET"]}}],"collection":[{"href":"https:\/\/senzorika-varga.si\/en\/wp-json\/wp\/v2\/product"}],"about":[{"href":"https:\/\/senzorika-varga.si\/en\/wp-json\/wp\/v2\/types\/product"}],"replies":[{"embeddable":true,"href":"https:\/\/senzorika-varga.si\/en\/wp-json\/wp\/v2\/comments?post=10258"}],"version-history":[{"count":2,"href":"https:\/\/senzorika-varga.si\/en\/wp-json\/wp\/v2\/product\/10258\/revisions"}],"predecessor-version":[{"id":13526,"href":"https:\/\/senzorika-varga.si\/en\/wp-json\/wp\/v2\/product\/10258\/revisions\/13526"}],"wp:featuredmedia":[{"embeddable":true,"href":"https:\/\/senzorika-varga.si\/en\/wp-json\/wp\/v2\/media\/12002"}],"wp:attachment":[{"href":"https:\/\/senzorika-varga.si\/en\/wp-json\/wp\/v2\/media?parent=10258"}],"wp:term":[{"taxonomy":"product_brand","embeddable":true,"href":"https:\/\/senzorika-varga.si\/en\/wp-json\/wp\/v2\/product_brand?post=10258"},{"taxonomy":"product_cat","embeddable":true,"href":"https:\/\/senzorika-varga.si\/en\/wp-json\/wp\/v2\/product_cat?post=10258"},{"taxonomy":"product_tag","embeddable":true,"href":"https:\/\/senzorika-varga.si\/en\/wp-json\/wp\/v2\/product_tag?post=10258"}],"curies":[{"name":"wp","href":"https:\/\/api.w.org\/{rel}","templated":true}]}}