{"id":10254,"date":"2025-12-05T22:07:30","date_gmt":"2025-12-05T22:07:30","guid":{"rendered":"https:\/\/senzorika.ajvonidol.si\/?post_type=product&#038;p=10254"},"modified":"2025-12-27T19:41:10","modified_gmt":"2025-12-27T19:41:10","slug":"gugalnik","status":"publish","type":"product","link":"https:\/\/senzorika-varga.si\/en\/product\/gugalnik\/","title":{"rendered":"Gugalnik"},"content":{"rendered":"<p>Gugalni stol na dveh nastavljivih vrveh. Trdna konstrukcija na robustnem jeklenem okvirju. Visok hrbet in globoko sedi\u0161\u010de zagotavljata veliko povr\u0161ino za sedenje. Izdelek zahteva monta\u017eo. Dimenzije: 50 x 137 cm; nastavljiva vi\u0161ina do 150 cm; najve\u010dja obremenitev: 150 kg;<\/p>","protected":false},"excerpt":{"rendered":"<p>Gugalni stol na dveh nastavljivih vrveh. Trdna konstrukcija na robustnem jeklenem okvirju. Visok hrbet in globoko sedi\u0161\u010de zagotavljata veliko povr\u0161ino za sedenje. Izdelek zahteva monta\u017eo. Dimenzije: 50 x 137 cm; nastavljiva vi\u0161ina do 150 cm; najve\u010dja obremenitev: 150 kg;<\/p>","protected":false},"featured_media":11995,"menu_order":0,"comment_status":"open","ping_status":"closed","template":"","meta":[],"product_brand":[],"product_cat":[76,78,75],"product_tag":[],"class_list":{"0":"post-10254","1":"product","2":"type-product","3":"status-publish","4":"has-post-thumbnail","6":"product_cat-gugalnice","7":"product_cat-senzorna-integracija","8":"product_cat-vestibularni-pripomocki","10":"first","11":"instock","12":"taxable","13":"shipping-taxable","14":"purchasable","15":"product-type-simple"},"jetpack_sharing_enabled":true,"_links":{"self":[{"href":"https:\/\/senzorika-varga.si\/en\/wp-json\/wp\/v2\/product\/10254","targetHints":{"allow":["GET"]}}],"collection":[{"href":"https:\/\/senzorika-varga.si\/en\/wp-json\/wp\/v2\/product"}],"about":[{"href":"https:\/\/senzorika-varga.si\/en\/wp-json\/wp\/v2\/types\/product"}],"replies":[{"embeddable":true,"href":"https:\/\/senzorika-varga.si\/en\/wp-json\/wp\/v2\/comments?post=10254"}],"version-history":[{"count":1,"href":"https:\/\/senzorika-varga.si\/en\/wp-json\/wp\/v2\/product\/10254\/revisions"}],"predecessor-version":[{"id":10255,"href":"https:\/\/senzorika-varga.si\/en\/wp-json\/wp\/v2\/product\/10254\/revisions\/10255"}],"wp:featuredmedia":[{"embeddable":true,"href":"https:\/\/senzorika-varga.si\/en\/wp-json\/wp\/v2\/media\/11995"}],"wp:attachment":[{"href":"https:\/\/senzorika-varga.si\/en\/wp-json\/wp\/v2\/media?parent=10254"}],"wp:term":[{"taxonomy":"product_brand","embeddable":true,"href":"https:\/\/senzorika-varga.si\/en\/wp-json\/wp\/v2\/product_brand?post=10254"},{"taxonomy":"product_cat","embeddable":true,"href":"https:\/\/senzorika-varga.si\/en\/wp-json\/wp\/v2\/product_cat?post=10254"},{"taxonomy":"product_tag","embeddable":true,"href":"https:\/\/senzorika-varga.si\/en\/wp-json\/wp\/v2\/product_tag?post=10254"}],"curies":[{"name":"wp","href":"https:\/\/api.w.org\/{rel}","templated":true}]}}