{"id":10244,"date":"2025-12-05T22:07:29","date_gmt":"2025-12-05T22:07:29","guid":{"rendered":"https:\/\/senzorika.ajvonidol.si\/?post_type=product&#038;p=10244"},"modified":"2025-12-27T19:41:07","modified_gmt":"2025-12-27T19:41:07","slug":"viseca-mreza-z-drogom","status":"publish","type":"product","link":"https:\/\/senzorika-varga.si\/en\/product\/viseca-mreza-z-drogom\/","title":{"rendered":"Vise\u010da mre\u017ea z drogom"},"content":{"rendered":"<p>dimenzije: 200 x 80 cm, material: me\u0161anica poliestra in bomba\u017ea, les; barva: modra &#8211; zelena &#8211; temno modra; nosilnost: do 150 kg; starost: 3+<\/p>","protected":false},"excerpt":{"rendered":"<p>dimenzije: 200 x 80 cm, material: me\u0161anica poliestra in bomba\u017ea, les; barva: modra &#8211; zelena &#8211; temno modra; nosilnost: do 150 kg; starost: 3+<\/p>","protected":false},"featured_media":11983,"menu_order":0,"comment_status":"open","ping_status":"closed","template":"","meta":[],"product_brand":[],"product_cat":[76,78,75],"product_tag":[],"class_list":{"0":"post-10244","1":"product","2":"type-product","3":"status-publish","4":"has-post-thumbnail","6":"product_cat-gugalnice","7":"product_cat-senzorna-integracija","8":"product_cat-vestibularni-pripomocki","10":"first","11":"instock","12":"taxable","13":"shipping-taxable","14":"purchasable","15":"product-type-simple"},"jetpack_sharing_enabled":true,"_links":{"self":[{"href":"https:\/\/senzorika-varga.si\/en\/wp-json\/wp\/v2\/product\/10244","targetHints":{"allow":["GET"]}}],"collection":[{"href":"https:\/\/senzorika-varga.si\/en\/wp-json\/wp\/v2\/product"}],"about":[{"href":"https:\/\/senzorika-varga.si\/en\/wp-json\/wp\/v2\/types\/product"}],"replies":[{"embeddable":true,"href":"https:\/\/senzorika-varga.si\/en\/wp-json\/wp\/v2\/comments?post=10244"}],"version-history":[{"count":1,"href":"https:\/\/senzorika-varga.si\/en\/wp-json\/wp\/v2\/product\/10244\/revisions"}],"predecessor-version":[{"id":10245,"href":"https:\/\/senzorika-varga.si\/en\/wp-json\/wp\/v2\/product\/10244\/revisions\/10245"}],"wp:featuredmedia":[{"embeddable":true,"href":"https:\/\/senzorika-varga.si\/en\/wp-json\/wp\/v2\/media\/11983"}],"wp:attachment":[{"href":"https:\/\/senzorika-varga.si\/en\/wp-json\/wp\/v2\/media?parent=10244"}],"wp:term":[{"taxonomy":"product_brand","embeddable":true,"href":"https:\/\/senzorika-varga.si\/en\/wp-json\/wp\/v2\/product_brand?post=10244"},{"taxonomy":"product_cat","embeddable":true,"href":"https:\/\/senzorika-varga.si\/en\/wp-json\/wp\/v2\/product_cat?post=10244"},{"taxonomy":"product_tag","embeddable":true,"href":"https:\/\/senzorika-varga.si\/en\/wp-json\/wp\/v2\/product_tag?post=10244"}],"curies":[{"name":"wp","href":"https:\/\/api.w.org\/{rel}","templated":true}]}}