{"id":10238,"date":"2025-12-05T22:07:29","date_gmt":"2025-12-05T22:07:29","guid":{"rendered":"https:\/\/senzorika.ajvonidol.si\/?post_type=product&#038;p=10238"},"modified":"2025-12-27T19:41:07","modified_gmt":"2025-12-27T19:41:07","slug":"gugalnica-z-vzmetnico","status":"publish","type":"product","link":"https:\/\/senzorika-varga.si\/en\/product\/gugalnica-z-vzmetnico\/","title":{"rendered":"Gugalnica z vzmetnico"},"content":{"rendered":"<p>Oran\u017ena terapevtska gugalnica je vsestransko orodje, ki podpira razvoj motorike in delovanje \u017eiv\u010dnega sistema. Prevle\u010dena je s PVC tkanino brez ftalatov, odporno proti obrabi, zato je izjemno trpe\u017ena, notranjost pa je napolnjena z elasti\u010dno poliuretansko peno, ki zagotavlja udobje in ustrezno oporo med vadbo. Vaje z nihanjem izbolj\u0161ujejo motori\u010dne sposobnosti, koordinacijo in mi\u0161i\u010dni tonus, hkrati pa spodbujajo vestibularne in proprioceptivne receptorje, kar spodbuja bolj\u0161o senzori\u010dno integracijo.<\/p>\n<p>Zahvaljujo\u010d trdni konstrukciji in zgornjemu nosilcu, ki zagotavlja izjemno stabilnost, je gugalnica odli\u010dno orodje za razvoj telesne zavesti in ravnote\u017eja. Razvija toni\u010dne reflekse, vklju\u010dno s toni\u010dnim labirintnim refleksom, ki je klju\u010den za skladen motori\u010dni razvoj. Gugalnica je odli\u010dna za skupinske in individualne dejavnosti v terapevtskih ustanovah, saj podpira senzori\u010dni razvoj in koordinacijsko delo.<\/p>\n<p>Dimenzije: 120 x 38 x 30 cm, dol\u017eina nosilca: 118 cm, premer: 4 cm;<\/p>\n<p>Dol\u017eina spodnjega traku: do 116 cm, dol\u017eina zgornjega traku: 51 cm;<\/p>\n<p>Kovinski obro\u010d s premerom 6 cm in karabinom;<\/p>\n<p>Najve\u010dja obremenitev: 100 kg.<\/p>","protected":false},"excerpt":{"rendered":"<p>Oran\u017ena terapevtska gugalnica je vsestransko orodje, ki podpira razvoj motorike in delovanje \u017eiv\u010dnega sistema. Prevle\u010dena je s PVC tkanino brez ftalatov, odporno proti obrabi, zato je izjemno trpe\u017ena, notranjost pa je napolnjena z elasti\u010dno poliuretansko peno, ki zagotavlja udobje in ustrezno oporo med vadbo. Vaje z nihanjem izbolj\u0161ujejo motori\u010dne sposobnosti, koordinacijo in mi\u0161i\u010dni tonus, hkrati pa spodbujajo vestibularne in proprioceptivne receptorje, kar spodbuja bolj\u0161o senzori\u010dno integracijo.<\/p>\n<p>Zahvaljujo\u010d trdni konstrukciji in zgornjemu nosilcu, ki zagotavlja izjemno stabilnost, je gugalnica odli\u010dno orodje za razvoj telesne zavesti in ravnote\u017eja. Razvija toni\u010dne reflekse, vklju\u010dno s toni\u010dnim labirintnim refleksom, ki je klju\u010den za skladen motori\u010dni razvoj. Gugalnica je odli\u010dna za skupinske in individualne dejavnosti v terapevtskih ustanovah, saj podpira senzori\u010dni razvoj in koordinacijsko delo.<\/p>\n<p>Dimenzije: 120 x 38 x 30 cm, dol\u017eina nosilca: 118 cm, premer: 4 cm;<\/p>\n<p>Dol\u017eina spodnjega traku: do 116 cm, dol\u017eina zgornjega traku: 51 cm;<\/p>\n<p>Kovinski obro\u010d s premerom 6 cm in karabinom;<\/p>\n<p>Najve\u010dja obremenitev: 100 kg.<\/p>","protected":false},"featured_media":11979,"menu_order":0,"comment_status":"open","ping_status":"closed","template":"","meta":[],"product_brand":[],"product_cat":[76,78,75],"product_tag":[],"class_list":{"0":"post-10238","1":"product","2":"type-product","3":"status-publish","4":"has-post-thumbnail","6":"product_cat-gugalnice","7":"product_cat-senzorna-integracija","8":"product_cat-vestibularni-pripomocki","10":"first","11":"instock","12":"taxable","13":"shipping-taxable","14":"purchasable","15":"product-type-simple"},"jetpack_sharing_enabled":true,"_links":{"self":[{"href":"https:\/\/senzorika-varga.si\/en\/wp-json\/wp\/v2\/product\/10238","targetHints":{"allow":["GET"]}}],"collection":[{"href":"https:\/\/senzorika-varga.si\/en\/wp-json\/wp\/v2\/product"}],"about":[{"href":"https:\/\/senzorika-varga.si\/en\/wp-json\/wp\/v2\/types\/product"}],"replies":[{"embeddable":true,"href":"https:\/\/senzorika-varga.si\/en\/wp-json\/wp\/v2\/comments?post=10238"}],"version-history":[{"count":1,"href":"https:\/\/senzorika-varga.si\/en\/wp-json\/wp\/v2\/product\/10238\/revisions"}],"predecessor-version":[{"id":10239,"href":"https:\/\/senzorika-varga.si\/en\/wp-json\/wp\/v2\/product\/10238\/revisions\/10239"}],"wp:featuredmedia":[{"embeddable":true,"href":"https:\/\/senzorika-varga.si\/en\/wp-json\/wp\/v2\/media\/11979"}],"wp:attachment":[{"href":"https:\/\/senzorika-varga.si\/en\/wp-json\/wp\/v2\/media?parent=10238"}],"wp:term":[{"taxonomy":"product_brand","embeddable":true,"href":"https:\/\/senzorika-varga.si\/en\/wp-json\/wp\/v2\/product_brand?post=10238"},{"taxonomy":"product_cat","embeddable":true,"href":"https:\/\/senzorika-varga.si\/en\/wp-json\/wp\/v2\/product_cat?post=10238"},{"taxonomy":"product_tag","embeddable":true,"href":"https:\/\/senzorika-varga.si\/en\/wp-json\/wp\/v2\/product_tag?post=10238"}],"curies":[{"name":"wp","href":"https:\/\/api.w.org\/{rel}","templated":true}]}}