{"id":10236,"date":"2025-12-05T22:07:29","date_gmt":"2025-12-05T22:07:29","guid":{"rendered":"https:\/\/senzorika.ajvonidol.si\/?post_type=product&#038;p=10236"},"modified":"2025-12-27T19:41:07","modified_gmt":"2025-12-27T19:41:07","slug":"terapevtska-gugalnica-v-obliki-crke-t","status":"publish","type":"product","link":"https:\/\/senzorika-varga.si\/en\/product\/terapevtska-gugalnica-v-obliki-crke-t\/","title":{"rendered":"Terapevtska gugalnica \u2013 v obliki \u010drke T"},"content":{"rendered":"<p>Modra T-\u017earometka, zasnovana za terapijo senzori\u010dne integracije, je gugalnica v obliki \u010drke T, prevle\u010dena s trpe\u017eno PVC tkanino brez ftalatov, odporno proti obrabi. Polnilo iz poliuretanske pene zagotavlja optimalno udobje in oporo za uporabnike. Zahvaljujo\u010d svoji zasnovi gugalnica spodbuja izbolj\u0161ano vizualno-motori\u010dno koordinacijo in dinami\u010dno ravnote\u017eje. Redne vaje na T-\u017earometku krepijo mi\u0161i\u010dni tonus in izbolj\u0161ujejo motori\u010dne sposobnosti, hkrati pa spodbujajo \u017eiv\u010dni sistem z aktiviranjem vestibularnih in proprioceptivnih receptorjev. To inovativno orodje podpira integracijo toni\u010dnih refleksov, zlasti toni\u010dnega labirintnega refleksa, ki je bistvenega pomena za motori\u010dni razvoj tako otrok kot odraslih.<\/p>\n<p>Dimenzije: 86 x 102 cm, pribli\u017eno 18 cm.<\/p>","protected":false},"excerpt":{"rendered":"<p>Modra T-\u017earometka, zasnovana za terapijo senzori\u010dne integracije, je gugalnica v obliki \u010drke T, prevle\u010dena s trpe\u017eno PVC tkanino brez ftalatov, odporno proti obrabi. Polnilo iz poliuretanske pene zagotavlja optimalno udobje in oporo za uporabnike. Zahvaljujo\u010d svoji zasnovi gugalnica spodbuja izbolj\u0161ano vizualno-motori\u010dno koordinacijo in dinami\u010dno ravnote\u017eje. Redne vaje na T-\u017earometku krepijo mi\u0161i\u010dni tonus in izbolj\u0161ujejo motori\u010dne sposobnosti, hkrati pa spodbujajo \u017eiv\u010dni sistem z aktiviranjem vestibularnih in proprioceptivnih receptorjev. To inovativno orodje podpira integracijo toni\u010dnih refleksov, zlasti toni\u010dnega labirintnega refleksa, ki je bistvenega pomena za motori\u010dni razvoj tako otrok kot odraslih.<\/p>\n<p>Dimenzije: 86 x 102 cm, pribli\u017eno 18 cm.<\/p>","protected":false},"featured_media":11977,"menu_order":0,"comment_status":"open","ping_status":"closed","template":"","meta":[],"product_brand":[],"product_cat":[76,78,75],"product_tag":[],"class_list":{"0":"post-10236","1":"product","2":"type-product","3":"status-publish","4":"has-post-thumbnail","6":"product_cat-gugalnice","7":"product_cat-senzorna-integracija","8":"product_cat-vestibularni-pripomocki","10":"first","11":"instock","12":"taxable","13":"shipping-taxable","14":"purchasable","15":"product-type-simple"},"jetpack_sharing_enabled":true,"_links":{"self":[{"href":"https:\/\/senzorika-varga.si\/en\/wp-json\/wp\/v2\/product\/10236","targetHints":{"allow":["GET"]}}],"collection":[{"href":"https:\/\/senzorika-varga.si\/en\/wp-json\/wp\/v2\/product"}],"about":[{"href":"https:\/\/senzorika-varga.si\/en\/wp-json\/wp\/v2\/types\/product"}],"replies":[{"embeddable":true,"href":"https:\/\/senzorika-varga.si\/en\/wp-json\/wp\/v2\/comments?post=10236"}],"version-history":[{"count":1,"href":"https:\/\/senzorika-varga.si\/en\/wp-json\/wp\/v2\/product\/10236\/revisions"}],"predecessor-version":[{"id":10237,"href":"https:\/\/senzorika-varga.si\/en\/wp-json\/wp\/v2\/product\/10236\/revisions\/10237"}],"wp:featuredmedia":[{"embeddable":true,"href":"https:\/\/senzorika-varga.si\/en\/wp-json\/wp\/v2\/media\/11977"}],"wp:attachment":[{"href":"https:\/\/senzorika-varga.si\/en\/wp-json\/wp\/v2\/media?parent=10236"}],"wp:term":[{"taxonomy":"product_brand","embeddable":true,"href":"https:\/\/senzorika-varga.si\/en\/wp-json\/wp\/v2\/product_brand?post=10236"},{"taxonomy":"product_cat","embeddable":true,"href":"https:\/\/senzorika-varga.si\/en\/wp-json\/wp\/v2\/product_cat?post=10236"},{"taxonomy":"product_tag","embeddable":true,"href":"https:\/\/senzorika-varga.si\/en\/wp-json\/wp\/v2\/product_tag?post=10236"}],"curies":[{"name":"wp","href":"https:\/\/api.w.org\/{rel}","templated":true}]}}