{"id":10232,"date":"2025-12-05T22:07:28","date_gmt":"2025-12-05T22:07:28","guid":{"rendered":"https:\/\/senzorika.ajvonidol.si\/?post_type=product&#038;p=10232"},"modified":"2025-12-27T19:41:06","modified_gmt":"2025-12-27T19:41:06","slug":"mehka-gugalnica","status":"publish","type":"product","link":"https:\/\/senzorika-varga.si\/en\/product\/mehka-gugalnica\/","title":{"rendered":"Mehka gugalnica"},"content":{"rendered":"<p>Zeleni \u017earek, zasnovan za terapijo senzori\u010dne integracije, prekrit s PVC tkanino, odporno proti obrabi brez ftalatov, in napolnjen z elasti\u010dno poliuretansko peno, je odli\u010dno orodje za podporo razvoja motori\u010dnega sistema. Njegova zasnova omogo\u010da izbolj\u0161anje koordinacije, krepitev mi\u0161ic in spodbujanje \u017eiv\u010dnega sistema z aktiviranjem vestibularnih in proprioceptivnih receptorjev. Redna uporaba \u017earka spodbuja skladen senzori\u010dni in motori\u010dni razvoj tako pri otrocih kot pri odraslih.<\/p>\n<p>\u017darek je izdelan iz trdne vezane plo\u0161\u010de za stabilnost in ima nastavljive kable s karabinkami za enostavno nastavitev vi\u0161ine. Izbolj\u0161uje ravnote\u017eje, mi\u0161i\u010dni tonus in zavedanje telesa, kar je klju\u010dnega pomena pri terapiji senzori\u010dne integracije.<\/p>\n<p>Dimenzije: 30 x 30 x 87 cm; vi\u0161ina: 160 cm;<\/p>\n<p>najve\u010dja obremenitev: 50 kg.<\/p>","protected":false},"excerpt":{"rendered":"<p>Zeleni \u017earek, zasnovan za terapijo senzori\u010dne integracije, prekrit s PVC tkanino, odporno proti obrabi brez ftalatov, in napolnjen z elasti\u010dno poliuretansko peno, je odli\u010dno orodje za podporo razvoja motori\u010dnega sistema. Njegova zasnova omogo\u010da izbolj\u0161anje koordinacije, krepitev mi\u0161ic in spodbujanje \u017eiv\u010dnega sistema z aktiviranjem vestibularnih in proprioceptivnih receptorjev. Redna uporaba \u017earka spodbuja skladen senzori\u010dni in motori\u010dni razvoj tako pri otrocih kot pri odraslih.<\/p>\n<p>\u017darek je izdelan iz trdne vezane plo\u0161\u010de za stabilnost in ima nastavljive kable s karabinkami za enostavno nastavitev vi\u0161ine. Izbolj\u0161uje ravnote\u017eje, mi\u0161i\u010dni tonus in zavedanje telesa, kar je klju\u010dnega pomena pri terapiji senzori\u010dne integracije.<\/p>\n<p>Dimenzije: 30 x 30 x 87 cm; vi\u0161ina: 160 cm;<\/p>\n<p>najve\u010dja obremenitev: 50 kg.<\/p>","protected":false},"featured_media":11971,"menu_order":0,"comment_status":"open","ping_status":"closed","template":"","meta":[],"product_brand":[],"product_cat":[76,78,75],"product_tag":[],"class_list":{"0":"post-10232","1":"product","2":"type-product","3":"status-publish","4":"has-post-thumbnail","6":"product_cat-gugalnice","7":"product_cat-senzorna-integracija","8":"product_cat-vestibularni-pripomocki","10":"first","11":"instock","12":"taxable","13":"shipping-taxable","14":"purchasable","15":"product-type-simple"},"jetpack_sharing_enabled":true,"_links":{"self":[{"href":"https:\/\/senzorika-varga.si\/en\/wp-json\/wp\/v2\/product\/10232","targetHints":{"allow":["GET"]}}],"collection":[{"href":"https:\/\/senzorika-varga.si\/en\/wp-json\/wp\/v2\/product"}],"about":[{"href":"https:\/\/senzorika-varga.si\/en\/wp-json\/wp\/v2\/types\/product"}],"replies":[{"embeddable":true,"href":"https:\/\/senzorika-varga.si\/en\/wp-json\/wp\/v2\/comments?post=10232"}],"version-history":[{"count":1,"href":"https:\/\/senzorika-varga.si\/en\/wp-json\/wp\/v2\/product\/10232\/revisions"}],"predecessor-version":[{"id":10233,"href":"https:\/\/senzorika-varga.si\/en\/wp-json\/wp\/v2\/product\/10232\/revisions\/10233"}],"wp:featuredmedia":[{"embeddable":true,"href":"https:\/\/senzorika-varga.si\/en\/wp-json\/wp\/v2\/media\/11971"}],"wp:attachment":[{"href":"https:\/\/senzorika-varga.si\/en\/wp-json\/wp\/v2\/media?parent=10232"}],"wp:term":[{"taxonomy":"product_brand","embeddable":true,"href":"https:\/\/senzorika-varga.si\/en\/wp-json\/wp\/v2\/product_brand?post=10232"},{"taxonomy":"product_cat","embeddable":true,"href":"https:\/\/senzorika-varga.si\/en\/wp-json\/wp\/v2\/product_cat?post=10232"},{"taxonomy":"product_tag","embeddable":true,"href":"https:\/\/senzorika-varga.si\/en\/wp-json\/wp\/v2\/product_tag?post=10232"}],"curies":[{"name":"wp","href":"https:\/\/api.w.org\/{rel}","templated":true}]}}