{"id":10230,"date":"2025-12-05T22:07:28","date_gmt":"2025-12-05T22:07:28","guid":{"rendered":"https:\/\/senzorika.ajvonidol.si\/?post_type=product&#038;p=10230"},"modified":"2025-12-27T19:41:06","modified_gmt":"2025-12-27T19:41:06","slug":"lesena-rehabilitacijska-gugalnica-modra","status":"publish","type":"product","link":"https:\/\/senzorika-varga.si\/en\/product\/lesena-rehabilitacijska-gugalnica-modra\/","title":{"rendered":"Lesena rehabilitacijska gugalnica \u2013 modra"},"content":{"rendered":"<p>Terapevtska gugalnica za stimulacijo vestibularnega sistema, izbolj\u0161anje koordinacije rok in o\u010di, vadbo dinami\u010dnega ravnote\u017eja in posturalnega odziva. Uporablja se lahko v sede\u010dem in stoje\u010dem polo\u017eaju. Opremljena z dvema lesenima ro\u010dajema in plo\u0161\u010dadjo z nedrse\u010do povr\u0161ino. Vse je obe\u0161eno na nastavljive plasti\u010dne vrvi, pritrjene na 4 to\u010dkah plo\u0161\u010dadi in na koncu ro\u010dajev. Gugalnica je obe\u0161ena z dvema vponkama, ki nista prilo\u017eeni.<\/p>\n<p>Dimenzije: plo\u0161\u010dad: 80 x 1,8 x 20 cm, nastavljiva vi\u0161ina do 160 cm; material: les, EVA pena, plastika, kovina; starost: 3+<\/p>","protected":false},"excerpt":{"rendered":"<p>Terapevtska gugalnica za stimulacijo vestibularnega sistema, izbolj\u0161anje koordinacije rok in o\u010di, vadbo dinami\u010dnega ravnote\u017eja in posturalnega odziva. Uporablja se lahko v sede\u010dem in stoje\u010dem polo\u017eaju. Opremljena z dvema lesenima ro\u010dajema in plo\u0161\u010dadjo z nedrse\u010do povr\u0161ino. Vse je obe\u0161eno na nastavljive plasti\u010dne vrvi, pritrjene na 4 to\u010dkah plo\u0161\u010dadi in na koncu ro\u010dajev. Gugalnica je obe\u0161ena z dvema vponkama, ki nista prilo\u017eeni.<\/p>\n<p>Dimenzije: plo\u0161\u010dad: 80 x 1,8 x 20 cm, nastavljiva vi\u0161ina do 160 cm; material: les, EVA pena, plastika, kovina; starost: 3+<\/p>","protected":false},"featured_media":11969,"menu_order":0,"comment_status":"open","ping_status":"closed","template":"","meta":[],"product_brand":[],"product_cat":[76,78,75],"product_tag":[],"class_list":{"0":"post-10230","1":"product","2":"type-product","3":"status-publish","4":"has-post-thumbnail","6":"product_cat-gugalnice","7":"product_cat-senzorna-integracija","8":"product_cat-vestibularni-pripomocki","10":"first","11":"instock","12":"taxable","13":"shipping-taxable","14":"purchasable","15":"product-type-simple"},"jetpack_sharing_enabled":true,"_links":{"self":[{"href":"https:\/\/senzorika-varga.si\/en\/wp-json\/wp\/v2\/product\/10230","targetHints":{"allow":["GET"]}}],"collection":[{"href":"https:\/\/senzorika-varga.si\/en\/wp-json\/wp\/v2\/product"}],"about":[{"href":"https:\/\/senzorika-varga.si\/en\/wp-json\/wp\/v2\/types\/product"}],"replies":[{"embeddable":true,"href":"https:\/\/senzorika-varga.si\/en\/wp-json\/wp\/v2\/comments?post=10230"}],"version-history":[{"count":1,"href":"https:\/\/senzorika-varga.si\/en\/wp-json\/wp\/v2\/product\/10230\/revisions"}],"predecessor-version":[{"id":10231,"href":"https:\/\/senzorika-varga.si\/en\/wp-json\/wp\/v2\/product\/10230\/revisions\/10231"}],"wp:featuredmedia":[{"embeddable":true,"href":"https:\/\/senzorika-varga.si\/en\/wp-json\/wp\/v2\/media\/11969"}],"wp:attachment":[{"href":"https:\/\/senzorika-varga.si\/en\/wp-json\/wp\/v2\/media?parent=10230"}],"wp:term":[{"taxonomy":"product_brand","embeddable":true,"href":"https:\/\/senzorika-varga.si\/en\/wp-json\/wp\/v2\/product_brand?post=10230"},{"taxonomy":"product_cat","embeddable":true,"href":"https:\/\/senzorika-varga.si\/en\/wp-json\/wp\/v2\/product_cat?post=10230"},{"taxonomy":"product_tag","embeddable":true,"href":"https:\/\/senzorika-varga.si\/en\/wp-json\/wp\/v2\/product_tag?post=10230"}],"curies":[{"name":"wp","href":"https:\/\/api.w.org\/{rel}","templated":true}]}}