{"id":10222,"date":"2025-12-05T22:07:27","date_gmt":"2025-12-05T22:07:27","guid":{"rendered":"https:\/\/senzorika.ajvonidol.si\/?post_type=product&#038;p=10222"},"modified":"2025-12-27T19:41:03","modified_gmt":"2025-12-27T19:41:03","slug":"viseca-lestev","status":"publish","type":"product","link":"https:\/\/senzorika-varga.si\/en\/product\/viseca-lestev\/","title":{"rendered":"Vise\u010da lestev"},"content":{"rendered":"<p>Vise\u010da lestev za kletke SI (velika NS3097 in mala NS3109)<\/p>\n<p>dim.: 61,6 x 4 x 200,2 cm,<\/p>\n<p>\u0161irina obro\u010da 49 cm,<\/p>\n<p>vi\u0161ina med pre\u010dkama 27 cm, najvi\u0161ja 29 cm,<\/p>\n<p>material: vezana plo\u0161\u010da iz brezovega trdega lesa, vrv in plastika;<\/p>\n<p>najve\u010dja nosilnost: 50 kg<\/p>","protected":false},"excerpt":{"rendered":"<p>Vise\u010da lestev za kletke SI (velika NS3097 in mala NS3109)<\/p>\n<p>dim.: 61,6 x 4 x 200,2 cm,<\/p>\n<p>\u0161irina obro\u010da 49 cm,<\/p>\n<p>vi\u0161ina med pre\u010dkama 27 cm, najvi\u0161ja 29 cm,<\/p>\n<p>material: vezana plo\u0161\u010da iz brezovega trdega lesa, vrv in plastika;<\/p>\n<p>najve\u010dja nosilnost: 50 kg<\/p>","protected":false},"featured_media":11958,"menu_order":0,"comment_status":"open","ping_status":"closed","template":"","meta":[],"product_brand":[],"product_cat":[78,75],"product_tag":[],"class_list":{"0":"post-10222","1":"product","2":"type-product","3":"status-publish","4":"has-post-thumbnail","6":"product_cat-senzorna-integracija","7":"product_cat-vestibularni-pripomocki","9":"first","10":"instock","11":"taxable","12":"shipping-taxable","13":"purchasable","14":"product-type-simple"},"jetpack_sharing_enabled":true,"_links":{"self":[{"href":"https:\/\/senzorika-varga.si\/en\/wp-json\/wp\/v2\/product\/10222","targetHints":{"allow":["GET"]}}],"collection":[{"href":"https:\/\/senzorika-varga.si\/en\/wp-json\/wp\/v2\/product"}],"about":[{"href":"https:\/\/senzorika-varga.si\/en\/wp-json\/wp\/v2\/types\/product"}],"replies":[{"embeddable":true,"href":"https:\/\/senzorika-varga.si\/en\/wp-json\/wp\/v2\/comments?post=10222"}],"version-history":[{"count":1,"href":"https:\/\/senzorika-varga.si\/en\/wp-json\/wp\/v2\/product\/10222\/revisions"}],"predecessor-version":[{"id":10223,"href":"https:\/\/senzorika-varga.si\/en\/wp-json\/wp\/v2\/product\/10222\/revisions\/10223"}],"wp:featuredmedia":[{"embeddable":true,"href":"https:\/\/senzorika-varga.si\/en\/wp-json\/wp\/v2\/media\/11958"}],"wp:attachment":[{"href":"https:\/\/senzorika-varga.si\/en\/wp-json\/wp\/v2\/media?parent=10222"}],"wp:term":[{"taxonomy":"product_brand","embeddable":true,"href":"https:\/\/senzorika-varga.si\/en\/wp-json\/wp\/v2\/product_brand?post=10222"},{"taxonomy":"product_cat","embeddable":true,"href":"https:\/\/senzorika-varga.si\/en\/wp-json\/wp\/v2\/product_cat?post=10222"},{"taxonomy":"product_tag","embeddable":true,"href":"https:\/\/senzorika-varga.si\/en\/wp-json\/wp\/v2\/product_tag?post=10222"}],"curies":[{"name":"wp","href":"https:\/\/api.w.org\/{rel}","templated":true}]}}