{"id":10218,"date":"2025-12-05T22:07:27","date_gmt":"2025-12-05T22:07:27","guid":{"rendered":"https:\/\/senzorika.ajvonidol.si\/?post_type=product&#038;p=10218"},"modified":"2025-12-27T19:41:03","modified_gmt":"2025-12-27T19:41:03","slug":"rocaji-za-visece-elemente-dvojni","status":"publish","type":"product","link":"https:\/\/senzorika-varga.si\/en\/product\/rocaji-za-visece-elemente-dvojni\/","title":{"rendered":"Ro\u010daji za vise\u010de elemente dvojni"},"content":{"rendered":"<p>Dimenzija: 3,9 cm. Kovinski pritrdilni sistem, ki podpira opremo za dvoto\u010dkovno obe\u0161anje za kletko za senzori\u010dno integracijo. Namen uporabe: monta\u017ea.<\/p>","protected":false},"excerpt":{"rendered":"<p>Dimenzija: 3,9 cm. Kovinski pritrdilni sistem, ki podpira opremo za dvoto\u010dkovno obe\u0161anje za kletko za senzori\u010dno integracijo. Namen uporabe: monta\u017ea.<\/p>","protected":false},"featured_media":11956,"menu_order":0,"comment_status":"open","ping_status":"closed","template":"","meta":[],"product_brand":[],"product_cat":[78,75],"product_tag":[],"class_list":{"0":"post-10218","1":"product","2":"type-product","3":"status-publish","4":"has-post-thumbnail","6":"product_cat-senzorna-integracija","7":"product_cat-vestibularni-pripomocki","9":"first","10":"instock","11":"taxable","12":"shipping-taxable","13":"purchasable","14":"product-type-simple"},"jetpack_sharing_enabled":true,"_links":{"self":[{"href":"https:\/\/senzorika-varga.si\/en\/wp-json\/wp\/v2\/product\/10218","targetHints":{"allow":["GET"]}}],"collection":[{"href":"https:\/\/senzorika-varga.si\/en\/wp-json\/wp\/v2\/product"}],"about":[{"href":"https:\/\/senzorika-varga.si\/en\/wp-json\/wp\/v2\/types\/product"}],"replies":[{"embeddable":true,"href":"https:\/\/senzorika-varga.si\/en\/wp-json\/wp\/v2\/comments?post=10218"}],"version-history":[{"count":1,"href":"https:\/\/senzorika-varga.si\/en\/wp-json\/wp\/v2\/product\/10218\/revisions"}],"predecessor-version":[{"id":10219,"href":"https:\/\/senzorika-varga.si\/en\/wp-json\/wp\/v2\/product\/10218\/revisions\/10219"}],"wp:featuredmedia":[{"embeddable":true,"href":"https:\/\/senzorika-varga.si\/en\/wp-json\/wp\/v2\/media\/11956"}],"wp:attachment":[{"href":"https:\/\/senzorika-varga.si\/en\/wp-json\/wp\/v2\/media?parent=10218"}],"wp:term":[{"taxonomy":"product_brand","embeddable":true,"href":"https:\/\/senzorika-varga.si\/en\/wp-json\/wp\/v2\/product_brand?post=10218"},{"taxonomy":"product_cat","embeddable":true,"href":"https:\/\/senzorika-varga.si\/en\/wp-json\/wp\/v2\/product_cat?post=10218"},{"taxonomy":"product_tag","embeddable":true,"href":"https:\/\/senzorika-varga.si\/en\/wp-json\/wp\/v2\/product_tag?post=10218"}],"curies":[{"name":"wp","href":"https:\/\/api.w.org\/{rel}","templated":true}]}}