{"id":10216,"date":"2025-12-05T22:07:27","date_gmt":"2025-12-05T22:07:27","guid":{"rendered":"https:\/\/senzorika.ajvonidol.si\/?post_type=product&#038;p=10216"},"modified":"2025-12-27T19:41:03","modified_gmt":"2025-12-27T19:41:03","slug":"drzalo-za-dvigovanje-1-z-nastavljivo-visino","status":"publish","type":"product","link":"https:\/\/senzorika-varga.si\/en\/product\/drzalo-za-dvigovanje-1-z-nastavljivo-visino\/","title":{"rendered":"Dr\u017ealo za dvigovanje 1 z nastavljivo vi\u0161ino"},"content":{"rendered":"<p>Palica s srednjim nastavkom se uporablja za dvigovanje, vaje za ravnote\u017eje, pove\u0161anje &#8211; koordinacijo gibov in mo\u010d. Je dodaten element za opremljanje SI sobe. Vrv s 3 kroglicami omogo\u010da nastavitev vi\u0161ine palice. Premer palice: D 3,5 cm, \u0160 49 cm \/ 3 vi\u0161ine: 135, 150, 165 cm \/ najve\u010dja delovna obremenitev 80 kg<\/p>","protected":false},"excerpt":{"rendered":"<p>Palica s srednjim nastavkom se uporablja za dvigovanje, vaje za ravnote\u017eje, pove\u0161anje &#8211; koordinacijo gibov in mo\u010d. Je dodaten element za opremljanje SI sobe. Vrv s 3 kroglicami omogo\u010da nastavitev vi\u0161ine palice. Premer palice: D 3,5 cm, \u0160 49 cm \/ 3 vi\u0161ine: 135, 150, 165 cm \/ najve\u010dja delovna obremenitev 80 kg<\/p>","protected":false},"featured_media":11954,"menu_order":0,"comment_status":"open","ping_status":"closed","template":"","meta":[],"product_brand":[],"product_cat":[78,75],"product_tag":[],"class_list":{"0":"post-10216","1":"product","2":"type-product","3":"status-publish","4":"has-post-thumbnail","6":"product_cat-senzorna-integracija","7":"product_cat-vestibularni-pripomocki","9":"first","10":"instock","11":"taxable","12":"shipping-taxable","13":"purchasable","14":"product-type-simple"},"jetpack_sharing_enabled":true,"_links":{"self":[{"href":"https:\/\/senzorika-varga.si\/en\/wp-json\/wp\/v2\/product\/10216","targetHints":{"allow":["GET"]}}],"collection":[{"href":"https:\/\/senzorika-varga.si\/en\/wp-json\/wp\/v2\/product"}],"about":[{"href":"https:\/\/senzorika-varga.si\/en\/wp-json\/wp\/v2\/types\/product"}],"replies":[{"embeddable":true,"href":"https:\/\/senzorika-varga.si\/en\/wp-json\/wp\/v2\/comments?post=10216"}],"version-history":[{"count":1,"href":"https:\/\/senzorika-varga.si\/en\/wp-json\/wp\/v2\/product\/10216\/revisions"}],"predecessor-version":[{"id":10217,"href":"https:\/\/senzorika-varga.si\/en\/wp-json\/wp\/v2\/product\/10216\/revisions\/10217"}],"wp:featuredmedia":[{"embeddable":true,"href":"https:\/\/senzorika-varga.si\/en\/wp-json\/wp\/v2\/media\/11954"}],"wp:attachment":[{"href":"https:\/\/senzorika-varga.si\/en\/wp-json\/wp\/v2\/media?parent=10216"}],"wp:term":[{"taxonomy":"product_brand","embeddable":true,"href":"https:\/\/senzorika-varga.si\/en\/wp-json\/wp\/v2\/product_brand?post=10216"},{"taxonomy":"product_cat","embeddable":true,"href":"https:\/\/senzorika-varga.si\/en\/wp-json\/wp\/v2\/product_cat?post=10216"},{"taxonomy":"product_tag","embeddable":true,"href":"https:\/\/senzorika-varga.si\/en\/wp-json\/wp\/v2\/product_tag?post=10216"}],"curies":[{"name":"wp","href":"https:\/\/api.w.org\/{rel}","templated":true}]}}