{"id":10210,"date":"2025-12-05T22:07:26","date_gmt":"2025-12-05T22:07:26","guid":{"rendered":"https:\/\/senzorika.ajvonidol.si\/?post_type=product&#038;p=10210"},"modified":"2025-12-27T19:41:02","modified_gmt":"2025-12-27T19:41:02","slug":"majhna-si-kletka","status":"publish","type":"product","link":"https:\/\/senzorika-varga.si\/en\/product\/majhna-si-kletka\/","title":{"rendered":"Majhna SI kletka"},"content":{"rendered":"<p>Majhna SI kletka, idealna za vaje senzori\u010dne integracije. Sistem je mogo\u010de nadgraditi z dodajanjem vise\u010dih elementov. Opremljena je s \u0161tevilnimi predmeti, ki spodbujajo razvoj motori\u010dnih sposobnosti. V notranjosti najdete dvostransko plezalno steno. Na eni strani stene so kamniti ro\u010daji, na drugi pa lesene zareze. SI kletka ima tudi desko z luknjami za plezanje in lestve na stropu. V stropni konstrukciji so bile name\u0161\u010dene luknje za la\u017ejo monta\u017eo nosilcev. Dimenzije: 200 x 200 x 216 cm. Barva: naravna vezana plo\u0161\u010da.<\/p>","protected":false},"excerpt":{"rendered":"<p>Majhna SI kletka, idealna za vaje senzori\u010dne integracije. Sistem je mogo\u010de nadgraditi z dodajanjem vise\u010dih elementov. Opremljena je s \u0161tevilnimi predmeti, ki spodbujajo razvoj motori\u010dnih sposobnosti. V notranjosti najdete dvostransko plezalno steno. Na eni strani stene so kamniti ro\u010daji, na drugi pa lesene zareze. SI kletka ima tudi desko z luknjami za plezanje in lestve na stropu. V stropni konstrukciji so bile name\u0161\u010dene luknje za la\u017ejo monta\u017eo nosilcev. Dimenzije: 200 x 200 x 216 cm. Barva: naravna vezana plo\u0161\u010da.<\/p>","protected":false},"featured_media":11942,"menu_order":0,"comment_status":"open","ping_status":"closed","template":"","meta":[],"product_brand":[],"product_cat":[78,75],"product_tag":[],"class_list":{"0":"post-10210","1":"product","2":"type-product","3":"status-publish","4":"has-post-thumbnail","6":"product_cat-senzorna-integracija","7":"product_cat-vestibularni-pripomocki","9":"first","10":"instock","11":"taxable","12":"shipping-taxable","13":"purchasable","14":"product-type-simple"},"jetpack_sharing_enabled":true,"_links":{"self":[{"href":"https:\/\/senzorika-varga.si\/en\/wp-json\/wp\/v2\/product\/10210","targetHints":{"allow":["GET"]}}],"collection":[{"href":"https:\/\/senzorika-varga.si\/en\/wp-json\/wp\/v2\/product"}],"about":[{"href":"https:\/\/senzorika-varga.si\/en\/wp-json\/wp\/v2\/types\/product"}],"replies":[{"embeddable":true,"href":"https:\/\/senzorika-varga.si\/en\/wp-json\/wp\/v2\/comments?post=10210"}],"version-history":[{"count":1,"href":"https:\/\/senzorika-varga.si\/en\/wp-json\/wp\/v2\/product\/10210\/revisions"}],"predecessor-version":[{"id":10211,"href":"https:\/\/senzorika-varga.si\/en\/wp-json\/wp\/v2\/product\/10210\/revisions\/10211"}],"wp:featuredmedia":[{"embeddable":true,"href":"https:\/\/senzorika-varga.si\/en\/wp-json\/wp\/v2\/media\/11942"}],"wp:attachment":[{"href":"https:\/\/senzorika-varga.si\/en\/wp-json\/wp\/v2\/media?parent=10210"}],"wp:term":[{"taxonomy":"product_brand","embeddable":true,"href":"https:\/\/senzorika-varga.si\/en\/wp-json\/wp\/v2\/product_brand?post=10210"},{"taxonomy":"product_cat","embeddable":true,"href":"https:\/\/senzorika-varga.si\/en\/wp-json\/wp\/v2\/product_cat?post=10210"},{"taxonomy":"product_tag","embeddable":true,"href":"https:\/\/senzorika-varga.si\/en\/wp-json\/wp\/v2\/product_tag?post=10210"}],"curies":[{"name":"wp","href":"https:\/\/api.w.org\/{rel}","templated":true}]}}