{"id":1021,"date":"2025-11-03T21:50:50","date_gmt":"2025-11-03T21:50:50","guid":{"rendered":"https:\/\/senzorika.ajvonidol.si\/?post_type=product&#038;p=1021"},"modified":"2025-12-31T08:36:14","modified_gmt":"2025-12-31T08:36:14","slug":"stena-palck","status":"publish","type":"product","link":"https:\/\/senzorika-varga.si\/en\/product\/stena-palck\/","title":{"rendered":"Stena pal\u010dk"},"content":{"rendered":"<p>Zanimiva, privla\u010dna in zelo odizvna stena. Ko vstavite pal\u010dko v steno, zasveti. Vklju\u010duje 150 pal\u010dk.<\/p>","protected":false},"excerpt":{"rendered":"<p>Stena pal\u010dk<\/p>","protected":false},"featured_media":9130,"menu_order":0,"comment_status":"open","ping_status":"closed","template":"","meta":[],"product_brand":[],"product_cat":[71,102,70,101,104,125,131,68],"product_tag":[],"class_list":{"0":"post-1021","1":"product","2":"type-product","3":"status-publish","4":"has-post-thumbnail","6":"product_cat-barve","7":"product_cat-fina-motorika","8":"product_cat-gledanje","9":"product_cat-motorika","10":"product_cat-seganje","11":"product_cat-snoezelen","12":"product_cat-vecta-mse","13":"product_cat-vizualni-pripomocki","15":"first","16":"instock","17":"taxable","18":"shipping-taxable","19":"purchasable","20":"product-type-simple"},"jetpack_sharing_enabled":true,"_links":{"self":[{"href":"https:\/\/senzorika-varga.si\/en\/wp-json\/wp\/v2\/product\/1021","targetHints":{"allow":["GET"]}}],"collection":[{"href":"https:\/\/senzorika-varga.si\/en\/wp-json\/wp\/v2\/product"}],"about":[{"href":"https:\/\/senzorika-varga.si\/en\/wp-json\/wp\/v2\/types\/product"}],"replies":[{"embeddable":true,"href":"https:\/\/senzorika-varga.si\/en\/wp-json\/wp\/v2\/comments?post=1021"}],"version-history":[{"count":1,"href":"https:\/\/senzorika-varga.si\/en\/wp-json\/wp\/v2\/product\/1021\/revisions"}],"predecessor-version":[{"id":1022,"href":"https:\/\/senzorika-varga.si\/en\/wp-json\/wp\/v2\/product\/1021\/revisions\/1022"}],"wp:featuredmedia":[{"embeddable":true,"href":"https:\/\/senzorika-varga.si\/en\/wp-json\/wp\/v2\/media\/9130"}],"wp:attachment":[{"href":"https:\/\/senzorika-varga.si\/en\/wp-json\/wp\/v2\/media?parent=1021"}],"wp:term":[{"taxonomy":"product_brand","embeddable":true,"href":"https:\/\/senzorika-varga.si\/en\/wp-json\/wp\/v2\/product_brand?post=1021"},{"taxonomy":"product_cat","embeddable":true,"href":"https:\/\/senzorika-varga.si\/en\/wp-json\/wp\/v2\/product_cat?post=1021"},{"taxonomy":"product_tag","embeddable":true,"href":"https:\/\/senzorika-varga.si\/en\/wp-json\/wp\/v2\/product_tag?post=1021"}],"curies":[{"name":"wp","href":"https:\/\/api.w.org\/{rel}","templated":true}]}}