{"id":10208,"date":"2025-12-05T22:07:26","date_gmt":"2025-12-05T22:07:26","guid":{"rendered":"https:\/\/senzorika.ajvonidol.si\/?post_type=product&#038;p=10208"},"modified":"2025-12-27T19:41:02","modified_gmt":"2025-12-27T19:41:02","slug":"kovinska-si-kletka","status":"publish","type":"product","link":"https:\/\/senzorika-varga.si\/en\/product\/kovinska-si-kletka\/","title":{"rendered":"Kovinska SI kletka"},"content":{"rendered":"<p>Prostorna in funkcionalna kovinska SI kletka, zasnovana za vise\u010do monta\u017eo v prostorih za senzori\u010dno integracijsko terapijo. Debel in stabilen kovinski okvir prenese te\u017eo gugalnic, nosilcev in vise\u010dih plo\u0161\u010dadi. Sestavljen je iz 14 jeklenih elementov, povezanih z metri\u010dnimi vijaki. Dva pre\u010dna nosilca imata sistem tirnic, ki omogo\u010da premikanje opreme v eni ravnini. 10 robustnih kovinskih o\u010desnih vijakov, ki se nahajajo na dveh pre\u010dkah in zunanjih stebri\u010dkih, omogo\u010dajo hkratno obe\u0161anje ve\u010d enojnih ali dvojnih gugalnic. Penasta podloga zagotavlja varnost uporabnikov. Ko je na dno kletke name\u0161\u010dena penasta vzmetnica (naprodaj lo\u010deno), zagotavlja odli\u010dno izolacijo od tal in za\u0161\u010dito v primeru padcev. Samo za notranjo uporabo.<\/p>\n<p>Dimenzije: 220 x 220 x 250 cm; vi\u0161ina penaste podloge: 130 cm; debelina elementov okvirja: 8 cm; debelina kovinskih pre\u010dnih nosilcev: 6 cm; material okvirja: pra\u0161no barvano jeklo v beli barvi; vzmetnica in prevleke: visoko elasti\u010dna poliuretanska pena; PVC tkanina; najve\u010dja obremenitev: 200 kg; Vzmetnica NS3152, naprodaj lo\u010deno.<\/p>","protected":false},"excerpt":{"rendered":"<p>Prostorna in funkcionalna kovinska SI kletka, zasnovana za vise\u010do monta\u017eo v prostorih za senzori\u010dno integracijsko terapijo. Debel in stabilen kovinski okvir prenese te\u017eo gugalnic, nosilcev in vise\u010dih plo\u0161\u010dadi. Sestavljen je iz 14 jeklenih elementov, povezanih z metri\u010dnimi vijaki. Dva pre\u010dna nosilca imata sistem tirnic, ki omogo\u010da premikanje opreme v eni ravnini. 10 robustnih kovinskih o\u010desnih vijakov, ki se nahajajo na dveh pre\u010dkah in zunanjih stebri\u010dkih, omogo\u010dajo hkratno obe\u0161anje ve\u010d enojnih ali dvojnih gugalnic. Penasta podloga zagotavlja varnost uporabnikov. Ko je na dno kletke name\u0161\u010dena penasta vzmetnica (naprodaj lo\u010deno), zagotavlja odli\u010dno izolacijo od tal in za\u0161\u010dito v primeru padcev. Samo za notranjo uporabo.<\/p>\n<p>Dimenzije: 220 x 220 x 250 cm; vi\u0161ina penaste podloge: 130 cm; debelina elementov okvirja: 8 cm; debelina kovinskih pre\u010dnih nosilcev: 6 cm; material okvirja: pra\u0161no barvano jeklo v beli barvi; vzmetnica in prevleke: visoko elasti\u010dna poliuretanska pena; PVC tkanina; najve\u010dja obremenitev: 200 kg; Vzmetnica NS3152, naprodaj lo\u010deno.<\/p>","protected":false},"featured_media":11935,"menu_order":0,"comment_status":"open","ping_status":"closed","template":"","meta":[],"product_brand":[],"product_cat":[78,75],"product_tag":[],"class_list":{"0":"post-10208","1":"product","2":"type-product","3":"status-publish","4":"has-post-thumbnail","6":"product_cat-senzorna-integracija","7":"product_cat-vestibularni-pripomocki","9":"first","10":"instock","11":"taxable","12":"shipping-taxable","13":"purchasable","14":"product-type-simple"},"jetpack_sharing_enabled":true,"_links":{"self":[{"href":"https:\/\/senzorika-varga.si\/en\/wp-json\/wp\/v2\/product\/10208","targetHints":{"allow":["GET"]}}],"collection":[{"href":"https:\/\/senzorika-varga.si\/en\/wp-json\/wp\/v2\/product"}],"about":[{"href":"https:\/\/senzorika-varga.si\/en\/wp-json\/wp\/v2\/types\/product"}],"replies":[{"embeddable":true,"href":"https:\/\/senzorika-varga.si\/en\/wp-json\/wp\/v2\/comments?post=10208"}],"version-history":[{"count":1,"href":"https:\/\/senzorika-varga.si\/en\/wp-json\/wp\/v2\/product\/10208\/revisions"}],"predecessor-version":[{"id":10209,"href":"https:\/\/senzorika-varga.si\/en\/wp-json\/wp\/v2\/product\/10208\/revisions\/10209"}],"wp:featuredmedia":[{"embeddable":true,"href":"https:\/\/senzorika-varga.si\/en\/wp-json\/wp\/v2\/media\/11935"}],"wp:attachment":[{"href":"https:\/\/senzorika-varga.si\/en\/wp-json\/wp\/v2\/media?parent=10208"}],"wp:term":[{"taxonomy":"product_brand","embeddable":true,"href":"https:\/\/senzorika-varga.si\/en\/wp-json\/wp\/v2\/product_brand?post=10208"},{"taxonomy":"product_cat","embeddable":true,"href":"https:\/\/senzorika-varga.si\/en\/wp-json\/wp\/v2\/product_cat?post=10208"},{"taxonomy":"product_tag","embeddable":true,"href":"https:\/\/senzorika-varga.si\/en\/wp-json\/wp\/v2\/product_tag?post=10208"}],"curies":[{"name":"wp","href":"https:\/\/api.w.org\/{rel}","templated":true}]}}