{"id":10206,"date":"2025-12-05T22:07:26","date_gmt":"2025-12-05T22:07:26","guid":{"rendered":"https:\/\/senzorika.ajvonidol.si\/?post_type=product&#038;p=10206"},"modified":"2025-12-27T19:41:02","modified_gmt":"2025-12-27T19:41:02","slug":"kovinska-vzmetnica-si-kletka","status":"publish","type":"product","link":"https:\/\/senzorika-varga.si\/en\/product\/kovinska-vzmetnica-si-kletka\/","title":{"rendered":"Kovinska vzmetnica SI kletka"},"content":{"rendered":"<p>Vzmetnica z natan\u010dno odrezanimi vogali, ki se popolnoma prilega kovinski SI kletki, je izdelana iz visoko elasti\u010dne poliuretanske pene in zagotavlja dolgotrajno udobje in oporo. Prevle\u010dena s sivo PVC tkanino brez ftalatov, odporno proti obrabi, ustvarja varen in estetski prostor, potreben za terapijo senzori\u010dne integracije. Njena zasnova zagotavlja udobje udele\u017eencem, hkrati pa olaj\u0161a delo specialistom.<\/p>\n<p>Dimenzije: 220 x 220 x 4 cm.<\/p>","protected":false},"excerpt":{"rendered":"<p>Vzmetnica z natan\u010dno odrezanimi vogali, ki se popolnoma prilega kovinski SI kletki, je izdelana iz visoko elasti\u010dne poliuretanske pene in zagotavlja dolgotrajno udobje in oporo. Prevle\u010dena s sivo PVC tkanino brez ftalatov, odporno proti obrabi, ustvarja varen in estetski prostor, potreben za terapijo senzori\u010dne integracije. Njena zasnova zagotavlja udobje udele\u017eencem, hkrati pa olaj\u0161a delo specialistom.<\/p>\n<p>Dimenzije: 220 x 220 x 4 cm.<\/p>","protected":false},"featured_media":11933,"menu_order":0,"comment_status":"open","ping_status":"closed","template":"","meta":[],"product_brand":[],"product_cat":[78,75],"product_tag":[],"class_list":{"0":"post-10206","1":"product","2":"type-product","3":"status-publish","4":"has-post-thumbnail","6":"product_cat-senzorna-integracija","7":"product_cat-vestibularni-pripomocki","9":"first","10":"instock","11":"taxable","12":"shipping-taxable","13":"purchasable","14":"product-type-simple"},"jetpack_sharing_enabled":true,"_links":{"self":[{"href":"https:\/\/senzorika-varga.si\/en\/wp-json\/wp\/v2\/product\/10206","targetHints":{"allow":["GET"]}}],"collection":[{"href":"https:\/\/senzorika-varga.si\/en\/wp-json\/wp\/v2\/product"}],"about":[{"href":"https:\/\/senzorika-varga.si\/en\/wp-json\/wp\/v2\/types\/product"}],"replies":[{"embeddable":true,"href":"https:\/\/senzorika-varga.si\/en\/wp-json\/wp\/v2\/comments?post=10206"}],"version-history":[{"count":1,"href":"https:\/\/senzorika-varga.si\/en\/wp-json\/wp\/v2\/product\/10206\/revisions"}],"predecessor-version":[{"id":10207,"href":"https:\/\/senzorika-varga.si\/en\/wp-json\/wp\/v2\/product\/10206\/revisions\/10207"}],"wp:featuredmedia":[{"embeddable":true,"href":"https:\/\/senzorika-varga.si\/en\/wp-json\/wp\/v2\/media\/11933"}],"wp:attachment":[{"href":"https:\/\/senzorika-varga.si\/en\/wp-json\/wp\/v2\/media?parent=10206"}],"wp:term":[{"taxonomy":"product_brand","embeddable":true,"href":"https:\/\/senzorika-varga.si\/en\/wp-json\/wp\/v2\/product_brand?post=10206"},{"taxonomy":"product_cat","embeddable":true,"href":"https:\/\/senzorika-varga.si\/en\/wp-json\/wp\/v2\/product_cat?post=10206"},{"taxonomy":"product_tag","embeddable":true,"href":"https:\/\/senzorika-varga.si\/en\/wp-json\/wp\/v2\/product_tag?post=10206"}],"curies":[{"name":"wp","href":"https:\/\/api.w.org\/{rel}","templated":true}]}}