{"id":10204,"date":"2025-12-05T22:07:24","date_gmt":"2025-12-05T22:07:24","guid":{"rendered":"https:\/\/senzorika.ajvonidol.si\/?post_type=product&#038;p=10204"},"modified":"2025-12-27T19:40:56","modified_gmt":"2025-12-27T19:40:56","slug":"terapevtska-osvetljena-gugalnica","status":"publish","type":"product","link":"https:\/\/senzorika-varga.si\/en\/product\/terapevtska-osvetljena-gugalnica\/","title":{"rendered":"Terapevtska osvetljena gugalnica"},"content":{"rendered":"<p>dim.: premer 100 cm, nastavitev vi\u0161ine do 160 cm; material: pocinkana cev s premerom 2,5 cm; vrsta obe\u0161anja: vrvi s premerom 1 cm; monta\u017ea: okrogli nosilci (na voljo lo\u010deno) za leseno kletko SI; material: poliestrska tkanina, cink, plastika; LED trak, baterije AAA (niso prilo\u017eene); uporabljati samo pod nadzorom odrasle osebe.<\/p>","protected":false},"excerpt":{"rendered":"<p>dim.: premer 100 cm, nastavitev vi\u0161ine do 160 cm; material: pocinkana cev s premerom 2,5 cm; vrsta obe\u0161anja: vrvi s premerom 1 cm; monta\u017ea: okrogli nosilci (na voljo lo\u010deno) za leseno kletko SI; material: poliestrska tkanina, cink, plastika; LED trak, baterije AAA (niso prilo\u017eene); uporabljati samo pod nadzorom odrasle osebe.<\/p>","protected":false},"featured_media":11932,"menu_order":0,"comment_status":"open","ping_status":"closed","template":"","meta":[],"product_brand":[],"product_cat":[76,78,75],"product_tag":[],"class_list":{"0":"post-10204","1":"product","2":"type-product","3":"status-publish","4":"has-post-thumbnail","6":"product_cat-gugalnice","7":"product_cat-senzorna-integracija","8":"product_cat-vestibularni-pripomocki","10":"first","11":"instock","12":"taxable","13":"shipping-taxable","14":"purchasable","15":"product-type-simple"},"jetpack_sharing_enabled":true,"_links":{"self":[{"href":"https:\/\/senzorika-varga.si\/en\/wp-json\/wp\/v2\/product\/10204","targetHints":{"allow":["GET"]}}],"collection":[{"href":"https:\/\/senzorika-varga.si\/en\/wp-json\/wp\/v2\/product"}],"about":[{"href":"https:\/\/senzorika-varga.si\/en\/wp-json\/wp\/v2\/types\/product"}],"replies":[{"embeddable":true,"href":"https:\/\/senzorika-varga.si\/en\/wp-json\/wp\/v2\/comments?post=10204"}],"version-history":[{"count":1,"href":"https:\/\/senzorika-varga.si\/en\/wp-json\/wp\/v2\/product\/10204\/revisions"}],"predecessor-version":[{"id":10205,"href":"https:\/\/senzorika-varga.si\/en\/wp-json\/wp\/v2\/product\/10204\/revisions\/10205"}],"wp:featuredmedia":[{"embeddable":true,"href":"https:\/\/senzorika-varga.si\/en\/wp-json\/wp\/v2\/media\/11932"}],"wp:attachment":[{"href":"https:\/\/senzorika-varga.si\/en\/wp-json\/wp\/v2\/media?parent=10204"}],"wp:term":[{"taxonomy":"product_brand","embeddable":true,"href":"https:\/\/senzorika-varga.si\/en\/wp-json\/wp\/v2\/product_brand?post=10204"},{"taxonomy":"product_cat","embeddable":true,"href":"https:\/\/senzorika-varga.si\/en\/wp-json\/wp\/v2\/product_cat?post=10204"},{"taxonomy":"product_tag","embeddable":true,"href":"https:\/\/senzorika-varga.si\/en\/wp-json\/wp\/v2\/product_tag?post=10204"}],"curies":[{"name":"wp","href":"https:\/\/api.w.org\/{rel}","templated":true}]}}