{"id":10192,"date":"2025-12-05T22:07:24","date_gmt":"2025-12-05T22:07:24","guid":{"rendered":"https:\/\/senzorika.ajvonidol.si\/?post_type=product&#038;p=10192"},"modified":"2025-12-27T19:40:54","modified_gmt":"2025-12-27T19:40:54","slug":"utezi-za-zapestja-in-gleznje","status":"publish","type":"product","link":"https:\/\/senzorika-varga.si\/en\/product\/utezi-za-zapestja-in-gleznje\/","title":{"rendered":"Ute\u017ei za zapestja in gle\u017enje"},"content":{"rendered":"<p>Univerzalne ute\u017ei, namenjene vajam za roke in noge. Omogo\u010dajo oblikovanje pravilne motori\u010dne koordinacije, urjenje pravilnih motori\u010dnih sposobnosti in na\u010drtovanje gibanja. Nastavljiv trak z je\u017ekom omogo\u010da prilagajanje ute\u017ei izbranemu delu telesa. Izdelane so iz trpe\u017enega jeansa in prijetne na dotik tkanine Minky, zaradi \u010desar so ute\u017ei v stiku s ko\u017eo mehke. Pre\u0161ita podloga iz bomba\u017ea je polnjena s kovinskimi perlicami. 2 kosa: dimenzije: 25 x 8,5 cm; te\u017ea: 1 kg; material: siv jeans, tkanina Minky v sivi barvi, bomba\u017e; polnilo: kovinske perlice; regulacija: trak z je\u017ekom;<\/p>","protected":false},"excerpt":{"rendered":"<p>Univerzalne ute\u017ei, namenjene vajam za roke in noge. Omogo\u010dajo oblikovanje pravilne motori\u010dne koordinacije, urjenje pravilnih motori\u010dnih sposobnosti in na\u010drtovanje gibanja. Nastavljiv trak z je\u017ekom omogo\u010da prilagajanje ute\u017ei izbranemu delu telesa. Izdelane so iz trpe\u017enega jeansa in prijetne na dotik tkanine Minky, zaradi \u010desar so ute\u017ei v stiku s ko\u017eo mehke. Pre\u0161ita podloga iz bomba\u017ea je polnjena s kovinskimi perlicami. 2 kosa: dimenzije: 25 x 8,5 cm; te\u017ea: 1 kg; material: siv jeans, tkanina Minky v sivi barvi, bomba\u017e; polnilo: kovinske perlice; regulacija: trak z je\u017ekom;<\/p>","protected":false},"featured_media":11905,"menu_order":0,"comment_status":"open","ping_status":"closed","template":"","meta":[],"product_brand":[],"product_cat":[98,95],"product_tag":[],"class_list":{"0":"post-10192","1":"product","2":"type-product","3":"status-publish","4":"has-post-thumbnail","6":"product_cat-obcutek-telesa","7":"product_cat-propriocepcija","9":"first","10":"instock","11":"taxable","12":"shipping-taxable","13":"purchasable","14":"product-type-simple"},"jetpack_sharing_enabled":true,"_links":{"self":[{"href":"https:\/\/senzorika-varga.si\/en\/wp-json\/wp\/v2\/product\/10192","targetHints":{"allow":["GET"]}}],"collection":[{"href":"https:\/\/senzorika-varga.si\/en\/wp-json\/wp\/v2\/product"}],"about":[{"href":"https:\/\/senzorika-varga.si\/en\/wp-json\/wp\/v2\/types\/product"}],"replies":[{"embeddable":true,"href":"https:\/\/senzorika-varga.si\/en\/wp-json\/wp\/v2\/comments?post=10192"}],"version-history":[{"count":1,"href":"https:\/\/senzorika-varga.si\/en\/wp-json\/wp\/v2\/product\/10192\/revisions"}],"predecessor-version":[{"id":10193,"href":"https:\/\/senzorika-varga.si\/en\/wp-json\/wp\/v2\/product\/10192\/revisions\/10193"}],"wp:featuredmedia":[{"embeddable":true,"href":"https:\/\/senzorika-varga.si\/en\/wp-json\/wp\/v2\/media\/11905"}],"wp:attachment":[{"href":"https:\/\/senzorika-varga.si\/en\/wp-json\/wp\/v2\/media?parent=10192"}],"wp:term":[{"taxonomy":"product_brand","embeddable":true,"href":"https:\/\/senzorika-varga.si\/en\/wp-json\/wp\/v2\/product_brand?post=10192"},{"taxonomy":"product_cat","embeddable":true,"href":"https:\/\/senzorika-varga.si\/en\/wp-json\/wp\/v2\/product_cat?post=10192"},{"taxonomy":"product_tag","embeddable":true,"href":"https:\/\/senzorika-varga.si\/en\/wp-json\/wp\/v2\/product_tag?post=10192"}],"curies":[{"name":"wp","href":"https:\/\/api.w.org\/{rel}","templated":true}]}}