{"id":10188,"date":"2025-12-05T22:07:24","date_gmt":"2025-12-05T22:07:24","guid":{"rendered":"https:\/\/senzorika.ajvonidol.si\/?post_type=product&#038;p=10188"},"modified":"2026-01-17T10:34:29","modified_gmt":"2026-01-17T10:34:29","slug":"scitniki-za-oblacila","status":"publish","type":"product","link":"https:\/\/senzorika-varga.si\/en\/product\/scitniki-za-oblacila\/","title":{"rendered":"\u0160c\u010dtniki za obla\u010dila"},"content":{"rendered":"<p>Za\u0161\u010dita za obla\u010dila ohranja obla\u010dila \u010dista in suha med jedjo ali nenadzorovanim slinjenjem. Spodnji del se lahko pritrdi in ustvari \u017eep. Izdelana je iz vodoodporne poliestrske tkanine, ki prepre\u010duje vpijanje teko\u010din v obla\u010dila in omogo\u010da enostavno pranje made\u017eev. Strani in vrat so opremljeni z zaponkami \u2022 Dimenzije: 50 x 50 cm<\/p>\n<p>\u2022 Lahko se pere ro\u010dno ali v pralnem stroju pri 60 \u00b0C<\/p>","protected":false},"excerpt":{"rendered":"<p>Za\u0161\u010dita za obla\u010dila ohranja obla\u010dila \u010dista in suha med jedjo ali nenadzorovanim slinjenjem. Spodnji del se lahko pritrdi in ustvari \u017eep. Izdelana je iz vodoodporne poliestrske tkanine, ki prepre\u010duje vpijanje teko\u010din v obla\u010dila in omogo\u010da enostavno pranje made\u017eev. Strani in vrat so opremljeni z zaponkami \u2022 Dimenzije: 50 x 50 cm<\/p>\n<p>\u2022 Lahko se pere ro\u010dno ali v pralnem stroju pri 60 \u00b0C<\/p>","protected":false},"featured_media":11898,"menu_order":0,"comment_status":"open","ping_status":"closed","template":"","meta":[],"product_brand":[],"product_cat":[98,95],"product_tag":[],"class_list":{"0":"post-10188","1":"product","2":"type-product","3":"status-publish","4":"has-post-thumbnail","6":"product_cat-obcutek-telesa","7":"product_cat-propriocepcija","9":"first","10":"instock","11":"taxable","12":"shipping-taxable","13":"purchasable","14":"product-type-simple"},"jetpack_sharing_enabled":true,"_links":{"self":[{"href":"https:\/\/senzorika-varga.si\/en\/wp-json\/wp\/v2\/product\/10188","targetHints":{"allow":["GET"]}}],"collection":[{"href":"https:\/\/senzorika-varga.si\/en\/wp-json\/wp\/v2\/product"}],"about":[{"href":"https:\/\/senzorika-varga.si\/en\/wp-json\/wp\/v2\/types\/product"}],"replies":[{"embeddable":true,"href":"https:\/\/senzorika-varga.si\/en\/wp-json\/wp\/v2\/comments?post=10188"}],"version-history":[{"count":2,"href":"https:\/\/senzorika-varga.si\/en\/wp-json\/wp\/v2\/product\/10188\/revisions"}],"predecessor-version":[{"id":13481,"href":"https:\/\/senzorika-varga.si\/en\/wp-json\/wp\/v2\/product\/10188\/revisions\/13481"}],"wp:featuredmedia":[{"embeddable":true,"href":"https:\/\/senzorika-varga.si\/en\/wp-json\/wp\/v2\/media\/11898"}],"wp:attachment":[{"href":"https:\/\/senzorika-varga.si\/en\/wp-json\/wp\/v2\/media?parent=10188"}],"wp:term":[{"taxonomy":"product_brand","embeddable":true,"href":"https:\/\/senzorika-varga.si\/en\/wp-json\/wp\/v2\/product_brand?post=10188"},{"taxonomy":"product_cat","embeddable":true,"href":"https:\/\/senzorika-varga.si\/en\/wp-json\/wp\/v2\/product_cat?post=10188"},{"taxonomy":"product_tag","embeddable":true,"href":"https:\/\/senzorika-varga.si\/en\/wp-json\/wp\/v2\/product_tag?post=10188"}],"curies":[{"name":"wp","href":"https:\/\/api.w.org\/{rel}","templated":true}]}}