{"id":10184,"date":"2025-12-05T22:07:22","date_gmt":"2025-12-05T22:07:22","guid":{"rendered":"https:\/\/senzorika.ajvonidol.si\/?post_type=product&#038;p=10184"},"modified":"2025-12-27T19:40:51","modified_gmt":"2025-12-27T19:40:51","slug":"obtezena-odeja-velikost-l-turkizna-z-vzorcem-medvedka","status":"publish","type":"product","link":"https:\/\/senzorika-varga.si\/en\/product\/obtezena-odeja-velikost-l-turkizna-z-vzorcem-medvedka\/","title":{"rendered":"Obte\u017eena odeja &#8211; velikost L, turkizna, z vzorcem medvedka"},"content":{"rendered":"<p>velikost L; 100 x 150 cm, pre\u0161ita; te\u017ea 4 kg; material: turkizno blago Minky, bomba\u017eno blago z vzorcem medvedka;<\/p>","protected":false},"excerpt":{"rendered":"<p>velikost L; 100 x 150 cm, pre\u0161ita; te\u017ea 4 kg; material: turkizno blago Minky, bomba\u017eno blago z vzorcem medvedka;<\/p>","protected":false},"featured_media":11893,"menu_order":0,"comment_status":"open","ping_status":"closed","template":"","meta":[],"product_brand":[],"product_cat":[98,95],"product_tag":[],"class_list":{"0":"post-10184","1":"product","2":"type-product","3":"status-publish","4":"has-post-thumbnail","6":"product_cat-obcutek-telesa","7":"product_cat-propriocepcija","9":"first","10":"instock","11":"taxable","12":"shipping-taxable","13":"purchasable","14":"product-type-simple"},"jetpack_sharing_enabled":true,"_links":{"self":[{"href":"https:\/\/senzorika-varga.si\/en\/wp-json\/wp\/v2\/product\/10184","targetHints":{"allow":["GET"]}}],"collection":[{"href":"https:\/\/senzorika-varga.si\/en\/wp-json\/wp\/v2\/product"}],"about":[{"href":"https:\/\/senzorika-varga.si\/en\/wp-json\/wp\/v2\/types\/product"}],"replies":[{"embeddable":true,"href":"https:\/\/senzorika-varga.si\/en\/wp-json\/wp\/v2\/comments?post=10184"}],"version-history":[{"count":1,"href":"https:\/\/senzorika-varga.si\/en\/wp-json\/wp\/v2\/product\/10184\/revisions"}],"predecessor-version":[{"id":10185,"href":"https:\/\/senzorika-varga.si\/en\/wp-json\/wp\/v2\/product\/10184\/revisions\/10185"}],"wp:featuredmedia":[{"embeddable":true,"href":"https:\/\/senzorika-varga.si\/en\/wp-json\/wp\/v2\/media\/11893"}],"wp:attachment":[{"href":"https:\/\/senzorika-varga.si\/en\/wp-json\/wp\/v2\/media?parent=10184"}],"wp:term":[{"taxonomy":"product_brand","embeddable":true,"href":"https:\/\/senzorika-varga.si\/en\/wp-json\/wp\/v2\/product_brand?post=10184"},{"taxonomy":"product_cat","embeddable":true,"href":"https:\/\/senzorika-varga.si\/en\/wp-json\/wp\/v2\/product_cat?post=10184"},{"taxonomy":"product_tag","embeddable":true,"href":"https:\/\/senzorika-varga.si\/en\/wp-json\/wp\/v2\/product_tag?post=10184"}],"curies":[{"name":"wp","href":"https:\/\/api.w.org\/{rel}","templated":true}]}}