{"id":10178,"date":"2025-12-05T22:07:22","date_gmt":"2025-12-05T22:07:22","guid":{"rendered":"https:\/\/senzorika.ajvonidol.si\/?post_type=product&#038;p=10178"},"modified":"2025-12-27T19:40:42","modified_gmt":"2025-12-27T19:40:42","slug":"obtezena-odeja-velikost-s-siva-z-vzorcem-jezka","status":"publish","type":"product","link":"https:\/\/senzorika-varga.si\/en\/product\/obtezena-odeja-velikost-s-siva-z-vzorcem-jezka\/","title":{"rendered":"Obte\u017eena odeja &#8211; velikost S, siva, z vzorcem je\u017eka"},"content":{"rendered":"<p>velikost S; 60 x 100 cm, pre\u0161ita; te\u017ea 1,5 kg; material: sivo blago Minky, bomba\u017eno blago z vzorcem je\u017eka;<\/p>","protected":false},"excerpt":{"rendered":"<p>velikost S; 60 x 100 cm, pre\u0161ita; te\u017ea 1,5 kg; material: sivo blago Minky, bomba\u017eno blago z vzorcem je\u017eka;<\/p>","protected":false},"featured_media":11886,"menu_order":0,"comment_status":"open","ping_status":"closed","template":"","meta":[],"product_brand":[],"product_cat":[98,95],"product_tag":[],"class_list":{"0":"post-10178","1":"product","2":"type-product","3":"status-publish","4":"has-post-thumbnail","6":"product_cat-obcutek-telesa","7":"product_cat-propriocepcija","9":"first","10":"instock","11":"taxable","12":"shipping-taxable","13":"purchasable","14":"product-type-simple"},"jetpack_sharing_enabled":true,"_links":{"self":[{"href":"https:\/\/senzorika-varga.si\/en\/wp-json\/wp\/v2\/product\/10178","targetHints":{"allow":["GET"]}}],"collection":[{"href":"https:\/\/senzorika-varga.si\/en\/wp-json\/wp\/v2\/product"}],"about":[{"href":"https:\/\/senzorika-varga.si\/en\/wp-json\/wp\/v2\/types\/product"}],"replies":[{"embeddable":true,"href":"https:\/\/senzorika-varga.si\/en\/wp-json\/wp\/v2\/comments?post=10178"}],"version-history":[{"count":1,"href":"https:\/\/senzorika-varga.si\/en\/wp-json\/wp\/v2\/product\/10178\/revisions"}],"predecessor-version":[{"id":10179,"href":"https:\/\/senzorika-varga.si\/en\/wp-json\/wp\/v2\/product\/10178\/revisions\/10179"}],"wp:featuredmedia":[{"embeddable":true,"href":"https:\/\/senzorika-varga.si\/en\/wp-json\/wp\/v2\/media\/11886"}],"wp:attachment":[{"href":"https:\/\/senzorika-varga.si\/en\/wp-json\/wp\/v2\/media?parent=10178"}],"wp:term":[{"taxonomy":"product_brand","embeddable":true,"href":"https:\/\/senzorika-varga.si\/en\/wp-json\/wp\/v2\/product_brand?post=10178"},{"taxonomy":"product_cat","embeddable":true,"href":"https:\/\/senzorika-varga.si\/en\/wp-json\/wp\/v2\/product_cat?post=10178"},{"taxonomy":"product_tag","embeddable":true,"href":"https:\/\/senzorika-varga.si\/en\/wp-json\/wp\/v2\/product_tag?post=10178"}],"curies":[{"name":"wp","href":"https:\/\/api.w.org\/{rel}","templated":true}]}}