{"id":10176,"date":"2025-12-05T22:07:22","date_gmt":"2025-12-05T22:07:22","guid":{"rendered":"https:\/\/senzorika.ajvonidol.si\/?post_type=product&#038;p=10176"},"modified":"2025-12-27T19:40:41","modified_gmt":"2025-12-27T19:40:41","slug":"obtezeni-jopic-velikost-s-siv-z-vzorcem-jezka-2","status":"publish","type":"product","link":"https:\/\/senzorika-varga.si\/en\/product\/obtezeni-jopic-velikost-s-siv-z-vzorcem-jezka-2\/","title":{"rendered":"Obte\u017eeni jopi\u010d &#8211; velikost S, siv, z vzorcem je\u017eka"},"content":{"rendered":"<p>velikost L; vi\u0161ina 140 &#8211; 155 cm; obseg prsnega ko\u0161a 70 cm, te\u017ea 3,6 kg; material: turkizno blago Minky, bomba\u017eno blago z vzorcem medvedka; nastavljivi naramniki s 4 belimi plasti\u010dnimi zaponkami;<\/p>","protected":false},"excerpt":{"rendered":"<p>velikost L; vi\u0161ina 140 &#8211; 155 cm; obseg prsnega ko\u0161a 70 cm, te\u017ea 3,6 kg; material: turkizno blago Minky, bomba\u017eno blago z vzorcem medvedka; nastavljivi naramniki s 4 belimi plasti\u010dnimi zaponkami;<\/p>","protected":false},"featured_media":11883,"menu_order":0,"comment_status":"open","ping_status":"closed","template":"","meta":[],"product_brand":[],"product_cat":[98,95],"product_tag":[],"class_list":{"0":"post-10176","1":"product","2":"type-product","3":"status-publish","4":"has-post-thumbnail","6":"product_cat-obcutek-telesa","7":"product_cat-propriocepcija","9":"first","10":"instock","11":"taxable","12":"shipping-taxable","13":"purchasable","14":"product-type-simple"},"jetpack_sharing_enabled":true,"_links":{"self":[{"href":"https:\/\/senzorika-varga.si\/en\/wp-json\/wp\/v2\/product\/10176","targetHints":{"allow":["GET"]}}],"collection":[{"href":"https:\/\/senzorika-varga.si\/en\/wp-json\/wp\/v2\/product"}],"about":[{"href":"https:\/\/senzorika-varga.si\/en\/wp-json\/wp\/v2\/types\/product"}],"replies":[{"embeddable":true,"href":"https:\/\/senzorika-varga.si\/en\/wp-json\/wp\/v2\/comments?post=10176"}],"version-history":[{"count":1,"href":"https:\/\/senzorika-varga.si\/en\/wp-json\/wp\/v2\/product\/10176\/revisions"}],"predecessor-version":[{"id":10177,"href":"https:\/\/senzorika-varga.si\/en\/wp-json\/wp\/v2\/product\/10176\/revisions\/10177"}],"wp:featuredmedia":[{"embeddable":true,"href":"https:\/\/senzorika-varga.si\/en\/wp-json\/wp\/v2\/media\/11883"}],"wp:attachment":[{"href":"https:\/\/senzorika-varga.si\/en\/wp-json\/wp\/v2\/media?parent=10176"}],"wp:term":[{"taxonomy":"product_brand","embeddable":true,"href":"https:\/\/senzorika-varga.si\/en\/wp-json\/wp\/v2\/product_brand?post=10176"},{"taxonomy":"product_cat","embeddable":true,"href":"https:\/\/senzorika-varga.si\/en\/wp-json\/wp\/v2\/product_cat?post=10176"},{"taxonomy":"product_tag","embeddable":true,"href":"https:\/\/senzorika-varga.si\/en\/wp-json\/wp\/v2\/product_tag?post=10176"}],"curies":[{"name":"wp","href":"https:\/\/api.w.org\/{rel}","templated":true}]}}