{"id":10170,"date":"2025-12-05T22:07:22","date_gmt":"2025-12-05T22:07:22","guid":{"rendered":"https:\/\/senzorika.ajvonidol.si\/?post_type=product&#038;p=10170"},"modified":"2025-12-27T19:40:41","modified_gmt":"2025-12-27T19:40:41","slug":"obtezena-ovratnica-velikost-xl-pescena","status":"publish","type":"product","link":"https:\/\/senzorika-varga.si\/en\/product\/obtezena-ovratnica-velikost-xl-pescena\/","title":{"rendered":"Obte\u017eena ovratnica &#8211; velikost XL, pe\u0161\u010dena"},"content":{"rendered":"<p>Ovratnik je izdelan iz mehke, senzori\u010dne tkanine Minky z dvignjenim pik\u010dastim vzorcem in bomba\u017ea. Par plasti\u010dnih zaponk omogo\u010da enostavno obla\u010denje in hitro snemanje. Med uporabo ovratnik ne\u017eno pritiska na telo in tako stimulira vestibularni in proprioceptivni sistem, ki sta odgovorna za globoko zaznavanje. Spodbuja koncentracijo, osredoto\u010denost in pove\u010duje zavedanje telesa. Ovratnik ima lahko tudi spro\u0161\u010dujo\u010d in pomirjujo\u010d u\u010dinek, saj pomaga zmanj\u0161ati samo-stimulativno vedenje, tesnobo in \u017eiv\u010dnost.<\/p>\n<p>1 kos; velikost: XL; dimenzije: 50 x 60 cm; priporo\u010dena vi\u0161ina: 155 cm in ve\u010d; te\u017ea: 2 kg; prevleka: tkanina Minky z dvignjenim vzorcem v pe\u0161\u010deni barvi, bel bomba\u017e; polnilo: steklene kroglice; regulirana zaponka.<\/p>","protected":false},"excerpt":{"rendered":"<p>Ovratnik je izdelan iz mehke, senzori\u010dne tkanine Minky z dvignjenim pik\u010dastim vzorcem in bomba\u017ea. Par plasti\u010dnih zaponk omogo\u010da enostavno obla\u010denje in hitro snemanje. Med uporabo ovratnik ne\u017eno pritiska na telo in tako stimulira vestibularni in proprioceptivni sistem, ki sta odgovorna za globoko zaznavanje. Spodbuja koncentracijo, osredoto\u010denost in pove\u010duje zavedanje telesa. Ovratnik ima lahko tudi spro\u0161\u010dujo\u010d in pomirjujo\u010d u\u010dinek, saj pomaga zmanj\u0161ati samo-stimulativno vedenje, tesnobo in \u017eiv\u010dnost.<\/p>\n<p>1 kos; velikost: XL; dimenzije: 50 x 60 cm; priporo\u010dena vi\u0161ina: 155 cm in ve\u010d; te\u017ea: 2 kg; prevleka: tkanina Minky z dvignjenim vzorcem v pe\u0161\u010deni barvi, bel bomba\u017e; polnilo: steklene kroglice; regulirana zaponka.<\/p>","protected":false},"featured_media":11873,"menu_order":0,"comment_status":"open","ping_status":"closed","template":"","meta":[],"product_brand":[],"product_cat":[98,95],"product_tag":[],"class_list":{"0":"post-10170","1":"product","2":"type-product","3":"status-publish","4":"has-post-thumbnail","6":"product_cat-obcutek-telesa","7":"product_cat-propriocepcija","9":"first","10":"instock","11":"taxable","12":"shipping-taxable","13":"purchasable","14":"product-type-simple"},"jetpack_sharing_enabled":true,"_links":{"self":[{"href":"https:\/\/senzorika-varga.si\/en\/wp-json\/wp\/v2\/product\/10170","targetHints":{"allow":["GET"]}}],"collection":[{"href":"https:\/\/senzorika-varga.si\/en\/wp-json\/wp\/v2\/product"}],"about":[{"href":"https:\/\/senzorika-varga.si\/en\/wp-json\/wp\/v2\/types\/product"}],"replies":[{"embeddable":true,"href":"https:\/\/senzorika-varga.si\/en\/wp-json\/wp\/v2\/comments?post=10170"}],"version-history":[{"count":1,"href":"https:\/\/senzorika-varga.si\/en\/wp-json\/wp\/v2\/product\/10170\/revisions"}],"predecessor-version":[{"id":10171,"href":"https:\/\/senzorika-varga.si\/en\/wp-json\/wp\/v2\/product\/10170\/revisions\/10171"}],"wp:featuredmedia":[{"embeddable":true,"href":"https:\/\/senzorika-varga.si\/en\/wp-json\/wp\/v2\/media\/11873"}],"wp:attachment":[{"href":"https:\/\/senzorika-varga.si\/en\/wp-json\/wp\/v2\/media?parent=10170"}],"wp:term":[{"taxonomy":"product_brand","embeddable":true,"href":"https:\/\/senzorika-varga.si\/en\/wp-json\/wp\/v2\/product_brand?post=10170"},{"taxonomy":"product_cat","embeddable":true,"href":"https:\/\/senzorika-varga.si\/en\/wp-json\/wp\/v2\/product_cat?post=10170"},{"taxonomy":"product_tag","embeddable":true,"href":"https:\/\/senzorika-varga.si\/en\/wp-json\/wp\/v2\/product_tag?post=10170"}],"curies":[{"name":"wp","href":"https:\/\/api.w.org\/{rel}","templated":true}]}}