{"id":10164,"date":"2025-12-05T22:07:20","date_gmt":"2025-12-05T22:07:20","guid":{"rendered":"https:\/\/senzorika.ajvonidol.si\/?post_type=product&#038;p=10164"},"modified":"2025-12-27T19:36:51","modified_gmt":"2025-12-27T19:36:51","slug":"obtezena-ovratnica-velikost-s-siva-z-vzorcem-jezka","status":"publish","type":"product","link":"https:\/\/senzorika-varga.si\/en\/product\/obtezena-ovratnica-velikost-s-siva-z-vzorcem-jezka\/","title":{"rendered":"Obte\u017eena ovratnica &#8211; velikost S, siva, z vzorcem je\u017eka"},"content":{"rendered":"<p>velikost S; vi\u0161ina 110 &#8211; 125 cm; te\u017ea 0,8 kg; material: sivo blago Minky, bomba\u017eno blago z vzorcem je\u017eka; nastavljiv trak z belo zaponko;<\/p>","protected":false},"excerpt":{"rendered":"<p>velikost S; vi\u0161ina 110 &#8211; 125 cm; te\u017ea 0,8 kg; material: sivo blago Minky, bomba\u017eno blago z vzorcem je\u017eka; nastavljiv trak z belo zaponko;<\/p>","protected":false},"featured_media":11867,"menu_order":0,"comment_status":"open","ping_status":"closed","template":"","meta":[],"product_brand":[],"product_cat":[98,95],"product_tag":[],"class_list":{"0":"post-10164","1":"product","2":"type-product","3":"status-publish","4":"has-post-thumbnail","6":"product_cat-obcutek-telesa","7":"product_cat-propriocepcija","9":"first","10":"instock","11":"taxable","12":"shipping-taxable","13":"purchasable","14":"product-type-simple"},"jetpack_sharing_enabled":true,"_links":{"self":[{"href":"https:\/\/senzorika-varga.si\/en\/wp-json\/wp\/v2\/product\/10164","targetHints":{"allow":["GET"]}}],"collection":[{"href":"https:\/\/senzorika-varga.si\/en\/wp-json\/wp\/v2\/product"}],"about":[{"href":"https:\/\/senzorika-varga.si\/en\/wp-json\/wp\/v2\/types\/product"}],"replies":[{"embeddable":true,"href":"https:\/\/senzorika-varga.si\/en\/wp-json\/wp\/v2\/comments?post=10164"}],"version-history":[{"count":1,"href":"https:\/\/senzorika-varga.si\/en\/wp-json\/wp\/v2\/product\/10164\/revisions"}],"predecessor-version":[{"id":10165,"href":"https:\/\/senzorika-varga.si\/en\/wp-json\/wp\/v2\/product\/10164\/revisions\/10165"}],"wp:featuredmedia":[{"embeddable":true,"href":"https:\/\/senzorika-varga.si\/en\/wp-json\/wp\/v2\/media\/11867"}],"wp:attachment":[{"href":"https:\/\/senzorika-varga.si\/en\/wp-json\/wp\/v2\/media?parent=10164"}],"wp:term":[{"taxonomy":"product_brand","embeddable":true,"href":"https:\/\/senzorika-varga.si\/en\/wp-json\/wp\/v2\/product_brand?post=10164"},{"taxonomy":"product_cat","embeddable":true,"href":"https:\/\/senzorika-varga.si\/en\/wp-json\/wp\/v2\/product_cat?post=10164"},{"taxonomy":"product_tag","embeddable":true,"href":"https:\/\/senzorika-varga.si\/en\/wp-json\/wp\/v2\/product_tag?post=10164"}],"curies":[{"name":"wp","href":"https:\/\/api.w.org\/{rel}","templated":true}]}}