{"id":10162,"date":"2025-12-05T22:07:20","date_gmt":"2025-12-05T22:07:20","guid":{"rendered":"https:\/\/senzorika.ajvonidol.si\/?post_type=product&#038;p=10162"},"modified":"2025-12-27T19:36:51","modified_gmt":"2025-12-27T19:36:51","slug":"obtezena-gosenica","status":"publish","type":"product","link":"https:\/\/senzorika-varga.si\/en\/product\/obtezena-gosenica\/","title":{"rendered":"Obte\u017eena gosenica"},"content":{"rendered":"<p>Notranjost odeje je sestavljena iz 8 panelov, napolnjenih s steklenimi perlicami, in 6 parov nogic, ki zagotavljajo enakomerno porazdelitev te\u017ee po celotni dol\u017eini. Prevleka je iz mehke tkanine Minky s senzori\u010dnimi vlo\u017eki. Dimenzije: 138 x 46 cm; prevleka: tkanina Minky; polnilo: steklene perlice; te\u017ea 2,5 kg<\/p>","protected":false},"excerpt":{"rendered":"<p>Notranjost odeje je sestavljena iz 8 panelov, napolnjenih s steklenimi perlicami, in 6 parov nogic, ki zagotavljajo enakomerno porazdelitev te\u017ee po celotni dol\u017eini. Prevleka je iz mehke tkanine Minky s senzori\u010dnimi vlo\u017eki. Dimenzije: 138 x 46 cm; prevleka: tkanina Minky; polnilo: steklene perlice; te\u017ea 2,5 kg<\/p>","protected":false},"featured_media":11864,"menu_order":0,"comment_status":"open","ping_status":"closed","template":"","meta":[],"product_brand":[],"product_cat":[98,95],"product_tag":[],"class_list":{"0":"post-10162","1":"product","2":"type-product","3":"status-publish","4":"has-post-thumbnail","6":"product_cat-obcutek-telesa","7":"product_cat-propriocepcija","9":"first","10":"instock","11":"taxable","12":"shipping-taxable","13":"purchasable","14":"product-type-simple"},"jetpack_sharing_enabled":true,"_links":{"self":[{"href":"https:\/\/senzorika-varga.si\/en\/wp-json\/wp\/v2\/product\/10162","targetHints":{"allow":["GET"]}}],"collection":[{"href":"https:\/\/senzorika-varga.si\/en\/wp-json\/wp\/v2\/product"}],"about":[{"href":"https:\/\/senzorika-varga.si\/en\/wp-json\/wp\/v2\/types\/product"}],"replies":[{"embeddable":true,"href":"https:\/\/senzorika-varga.si\/en\/wp-json\/wp\/v2\/comments?post=10162"}],"version-history":[{"count":1,"href":"https:\/\/senzorika-varga.si\/en\/wp-json\/wp\/v2\/product\/10162\/revisions"}],"predecessor-version":[{"id":10163,"href":"https:\/\/senzorika-varga.si\/en\/wp-json\/wp\/v2\/product\/10162\/revisions\/10163"}],"wp:featuredmedia":[{"embeddable":true,"href":"https:\/\/senzorika-varga.si\/en\/wp-json\/wp\/v2\/media\/11864"}],"wp:attachment":[{"href":"https:\/\/senzorika-varga.si\/en\/wp-json\/wp\/v2\/media?parent=10162"}],"wp:term":[{"taxonomy":"product_brand","embeddable":true,"href":"https:\/\/senzorika-varga.si\/en\/wp-json\/wp\/v2\/product_brand?post=10162"},{"taxonomy":"product_cat","embeddable":true,"href":"https:\/\/senzorika-varga.si\/en\/wp-json\/wp\/v2\/product_cat?post=10162"},{"taxonomy":"product_tag","embeddable":true,"href":"https:\/\/senzorika-varga.si\/en\/wp-json\/wp\/v2\/product_tag?post=10162"}],"curies":[{"name":"wp","href":"https:\/\/api.w.org\/{rel}","templated":true}]}}