{"id":10160,"date":"2025-12-05T22:07:20","date_gmt":"2025-12-05T22:07:20","guid":{"rendered":"https:\/\/senzorika.ajvonidol.si\/?post_type=product&#038;p=10160"},"modified":"2025-12-27T19:36:51","modified_gmt":"2025-12-27T19:36:51","slug":"obtezena-zelva","status":"publish","type":"product","link":"https:\/\/senzorika-varga.si\/en\/product\/obtezena-zelva\/","title":{"rendered":"Obte\u017eena \u017eelva"},"content":{"rendered":"<p>Ute\u017eena \u017eelva je edinstveno terapevtsko orodje, zasnovano za podporo razvoju propriocepcije in ob\u010dutka varnosti. Izdelana je iz mehkega, prijetnega materiala, zato ima \u017eelva enakomerno porazdeljeno te\u017eo, ki se ne\u017eno ovije okoli otrokovega telesa in zagotavlja pomirjujo\u010d in tola\u017eilen ob\u010dutek. Idealna je za otroke s senzori\u010dno ob\u010dutljivostjo, saj pomaga pri sprostitvi, zmanj\u0161evanju stresa in izbolj\u0161anju koncentracije.<\/p>\n<p>Dimenzije: 60 x 55 x 17 cm<\/p>\n<p>Te\u017ea: 2,37 kg<\/p>\n<p>material: poliester<\/p>\n<p>polnilo: steklene kroglice<\/p>","protected":false},"excerpt":{"rendered":"<p>Ute\u017eena \u017eelva je edinstveno terapevtsko orodje, zasnovano za podporo razvoju propriocepcije in ob\u010dutka varnosti. Izdelana je iz mehkega, prijetnega materiala, zato ima \u017eelva enakomerno porazdeljeno te\u017eo, ki se ne\u017eno ovije okoli otrokovega telesa in zagotavlja pomirjujo\u010d in tola\u017eilen ob\u010dutek. Idealna je za otroke s senzori\u010dno ob\u010dutljivostjo, saj pomaga pri sprostitvi, zmanj\u0161evanju stresa in izbolj\u0161anju koncentracije.<\/p>\n<p>Dimenzije: 60 x 55 x 17 cm<\/p>\n<p>Te\u017ea: 2,37 kg<\/p>\n<p>material: poliester<\/p>\n<p>polnilo: steklene kroglice<\/p>","protected":false},"featured_media":11861,"menu_order":0,"comment_status":"open","ping_status":"closed","template":"","meta":[],"product_brand":[],"product_cat":[98,95],"product_tag":[],"class_list":{"0":"post-10160","1":"product","2":"type-product","3":"status-publish","4":"has-post-thumbnail","6":"product_cat-obcutek-telesa","7":"product_cat-propriocepcija","9":"first","10":"instock","11":"taxable","12":"shipping-taxable","13":"purchasable","14":"product-type-simple"},"jetpack_sharing_enabled":true,"_links":{"self":[{"href":"https:\/\/senzorika-varga.si\/en\/wp-json\/wp\/v2\/product\/10160","targetHints":{"allow":["GET"]}}],"collection":[{"href":"https:\/\/senzorika-varga.si\/en\/wp-json\/wp\/v2\/product"}],"about":[{"href":"https:\/\/senzorika-varga.si\/en\/wp-json\/wp\/v2\/types\/product"}],"replies":[{"embeddable":true,"href":"https:\/\/senzorika-varga.si\/en\/wp-json\/wp\/v2\/comments?post=10160"}],"version-history":[{"count":1,"href":"https:\/\/senzorika-varga.si\/en\/wp-json\/wp\/v2\/product\/10160\/revisions"}],"predecessor-version":[{"id":10161,"href":"https:\/\/senzorika-varga.si\/en\/wp-json\/wp\/v2\/product\/10160\/revisions\/10161"}],"wp:featuredmedia":[{"embeddable":true,"href":"https:\/\/senzorika-varga.si\/en\/wp-json\/wp\/v2\/media\/11861"}],"wp:attachment":[{"href":"https:\/\/senzorika-varga.si\/en\/wp-json\/wp\/v2\/media?parent=10160"}],"wp:term":[{"taxonomy":"product_brand","embeddable":true,"href":"https:\/\/senzorika-varga.si\/en\/wp-json\/wp\/v2\/product_brand?post=10160"},{"taxonomy":"product_cat","embeddable":true,"href":"https:\/\/senzorika-varga.si\/en\/wp-json\/wp\/v2\/product_cat?post=10160"},{"taxonomy":"product_tag","embeddable":true,"href":"https:\/\/senzorika-varga.si\/en\/wp-json\/wp\/v2\/product_tag?post=10160"}],"curies":[{"name":"wp","href":"https:\/\/api.w.org\/{rel}","templated":true}]}}