{"id":10158,"date":"2025-12-05T22:07:20","date_gmt":"2025-12-05T22:07:20","guid":{"rendered":"https:\/\/senzorika.ajvonidol.si\/?post_type=product&#038;p=10158"},"modified":"2025-12-27T19:36:51","modified_gmt":"2025-12-27T19:36:51","slug":"vibrirajoci-kuzek-obtezeni","status":"publish","type":"product","link":"https:\/\/senzorika-varga.si\/en\/product\/vibrirajoci-kuzek-obtezeni\/","title":{"rendered":"Vibrirajo\u010di ku\u017eek &#8211; obte\u017eeni"},"content":{"rendered":"<p>Vibrirajo\u010di ku\u017eek je ute\u017eeni senzori\u010dni pripomo\u010dek, zasnovan za posameznike vseh starosti, ki potrebujejo senzori\u010dno podporo. Ku\u017eek je izdelan iz mehkega, prijetnega materiala na dotik in ima ne\u017eno vibracijsko funkcijo, ki pomaga pri sprostitvi in \u200b\u200bzmanj\u0161evanju stresa. Dodatna te\u017ea, enakomerno porazdeljena po igra\u010di, zagotavlja pomirjujo\u010d ob\u010dutek pritiska, ki podpira propriocepcijo in ob\u010dutek udobja.<\/p>\n<p>Dimenzije: 33 x 55 x 16 cm<\/p>\n<p>Te\u017ea: 2,37 kg<\/p>\n<p>material: poliester<\/p>\n<p>polnilo: steklene kroglice<\/p>","protected":false},"excerpt":{"rendered":"<p>Vibrirajo\u010di ku\u017eek je ute\u017eeni senzori\u010dni pripomo\u010dek, zasnovan za posameznike vseh starosti, ki potrebujejo senzori\u010dno podporo. Ku\u017eek je izdelan iz mehkega, prijetnega materiala na dotik in ima ne\u017eno vibracijsko funkcijo, ki pomaga pri sprostitvi in \u200b\u200bzmanj\u0161evanju stresa. Dodatna te\u017ea, enakomerno porazdeljena po igra\u010di, zagotavlja pomirjujo\u010d ob\u010dutek pritiska, ki podpira propriocepcijo in ob\u010dutek udobja.<\/p>\n<p>Dimenzije: 33 x 55 x 16 cm<\/p>\n<p>Te\u017ea: 2,37 kg<\/p>\n<p>material: poliester<\/p>\n<p>polnilo: steklene kroglice<\/p>","protected":false},"featured_media":11857,"menu_order":0,"comment_status":"open","ping_status":"closed","template":"","meta":[],"product_brand":[],"product_cat":[98,95],"product_tag":[],"class_list":{"0":"post-10158","1":"product","2":"type-product","3":"status-publish","4":"has-post-thumbnail","6":"product_cat-obcutek-telesa","7":"product_cat-propriocepcija","9":"first","10":"instock","11":"taxable","12":"shipping-taxable","13":"purchasable","14":"product-type-simple"},"jetpack_sharing_enabled":true,"_links":{"self":[{"href":"https:\/\/senzorika-varga.si\/en\/wp-json\/wp\/v2\/product\/10158","targetHints":{"allow":["GET"]}}],"collection":[{"href":"https:\/\/senzorika-varga.si\/en\/wp-json\/wp\/v2\/product"}],"about":[{"href":"https:\/\/senzorika-varga.si\/en\/wp-json\/wp\/v2\/types\/product"}],"replies":[{"embeddable":true,"href":"https:\/\/senzorika-varga.si\/en\/wp-json\/wp\/v2\/comments?post=10158"}],"version-history":[{"count":1,"href":"https:\/\/senzorika-varga.si\/en\/wp-json\/wp\/v2\/product\/10158\/revisions"}],"predecessor-version":[{"id":10159,"href":"https:\/\/senzorika-varga.si\/en\/wp-json\/wp\/v2\/product\/10158\/revisions\/10159"}],"wp:featuredmedia":[{"embeddable":true,"href":"https:\/\/senzorika-varga.si\/en\/wp-json\/wp\/v2\/media\/11857"}],"wp:attachment":[{"href":"https:\/\/senzorika-varga.si\/en\/wp-json\/wp\/v2\/media?parent=10158"}],"wp:term":[{"taxonomy":"product_brand","embeddable":true,"href":"https:\/\/senzorika-varga.si\/en\/wp-json\/wp\/v2\/product_brand?post=10158"},{"taxonomy":"product_cat","embeddable":true,"href":"https:\/\/senzorika-varga.si\/en\/wp-json\/wp\/v2\/product_cat?post=10158"},{"taxonomy":"product_tag","embeddable":true,"href":"https:\/\/senzorika-varga.si\/en\/wp-json\/wp\/v2\/product_tag?post=10158"}],"curies":[{"name":"wp","href":"https:\/\/api.w.org\/{rel}","templated":true}]}}