{"id":10156,"date":"2025-12-05T22:07:20","date_gmt":"2025-12-05T22:07:20","guid":{"rendered":"https:\/\/senzorika.ajvonidol.si\/?post_type=product&#038;p=10156"},"modified":"2025-12-27T19:36:51","modified_gmt":"2025-12-27T19:36:51","slug":"sod","status":"publish","type":"product","link":"https:\/\/senzorika-varga.si\/en\/product\/sod\/","title":{"rendered":"Sod"},"content":{"rendered":"<p>Modro-siv terapevtski sod, prevle\u010den s PVC tkanino brez ftalatov, odporno proti obrabi, in napolnjen z visoko elasti\u010dno poliuretansko peno, je idealno orodje za terapijo senzori\u010dne integracije. Otrokom omogo\u010da ne\u017eno zibanje z ene strani na drugo in kotaljenje, s \u010dimer spodbuja taktilni, proprioceptivni, vestibularni in vidni sistem. Sod s privabljajo\u010dimi vajami podpira motori\u010dni razvoj in motori\u010dno koordinacijo. Njegovi konstrukcijski elementi zagotavljajo varnost, med uporabo pa je priporo\u010dljiv nadzor odrasle osebe.<\/p>\n<p>Skupne dimenzije: 100 x 65 cm, premer 43 cm.<\/p>","protected":false},"excerpt":{"rendered":"<p>Modro-siv terapevtski sod, prevle\u010den s PVC tkanino brez ftalatov, odporno proti obrabi, in napolnjen z visoko elasti\u010dno poliuretansko peno, je idealno orodje za terapijo senzori\u010dne integracije. Otrokom omogo\u010da ne\u017eno zibanje z ene strani na drugo in kotaljenje, s \u010dimer spodbuja taktilni, proprioceptivni, vestibularni in vidni sistem. Sod s privabljajo\u010dimi vajami podpira motori\u010dni razvoj in motori\u010dno koordinacijo. Njegovi konstrukcijski elementi zagotavljajo varnost, med uporabo pa je priporo\u010dljiv nadzor odrasle osebe.<\/p>\n<p>Skupne dimenzije: 100 x 65 cm, premer 43 cm.<\/p>","protected":false},"featured_media":11855,"menu_order":0,"comment_status":"open","ping_status":"closed","template":"","meta":[],"product_brand":[],"product_cat":[98,95,97],"product_tag":[],"class_list":{"0":"post-10156","1":"product","2":"type-product","3":"status-publish","4":"has-post-thumbnail","6":"product_cat-obcutek-telesa","7":"product_cat-propriocepcija","8":"product_cat-razlicnost-stiska","10":"first","11":"instock","12":"taxable","13":"shipping-taxable","14":"purchasable","15":"product-type-simple"},"jetpack_sharing_enabled":true,"_links":{"self":[{"href":"https:\/\/senzorika-varga.si\/en\/wp-json\/wp\/v2\/product\/10156","targetHints":{"allow":["GET"]}}],"collection":[{"href":"https:\/\/senzorika-varga.si\/en\/wp-json\/wp\/v2\/product"}],"about":[{"href":"https:\/\/senzorika-varga.si\/en\/wp-json\/wp\/v2\/types\/product"}],"replies":[{"embeddable":true,"href":"https:\/\/senzorika-varga.si\/en\/wp-json\/wp\/v2\/comments?post=10156"}],"version-history":[{"count":1,"href":"https:\/\/senzorika-varga.si\/en\/wp-json\/wp\/v2\/product\/10156\/revisions"}],"predecessor-version":[{"id":10157,"href":"https:\/\/senzorika-varga.si\/en\/wp-json\/wp\/v2\/product\/10156\/revisions\/10157"}],"wp:featuredmedia":[{"embeddable":true,"href":"https:\/\/senzorika-varga.si\/en\/wp-json\/wp\/v2\/media\/11855"}],"wp:attachment":[{"href":"https:\/\/senzorika-varga.si\/en\/wp-json\/wp\/v2\/media?parent=10156"}],"wp:term":[{"taxonomy":"product_brand","embeddable":true,"href":"https:\/\/senzorika-varga.si\/en\/wp-json\/wp\/v2\/product_brand?post=10156"},{"taxonomy":"product_cat","embeddable":true,"href":"https:\/\/senzorika-varga.si\/en\/wp-json\/wp\/v2\/product_cat?post=10156"},{"taxonomy":"product_tag","embeddable":true,"href":"https:\/\/senzorika-varga.si\/en\/wp-json\/wp\/v2\/product_tag?post=10156"}],"curies":[{"name":"wp","href":"https:\/\/api.w.org\/{rel}","templated":true}]}}