{"id":10150,"date":"2025-12-05T22:07:20","date_gmt":"2025-12-05T22:07:20","guid":{"rendered":"https:\/\/senzorika.ajvonidol.si\/?post_type=product&#038;p=10150"},"modified":"2025-12-27T19:36:51","modified_gmt":"2025-12-27T19:36:51","slug":"stiskalni-stroj","status":"publish","type":"product","link":"https:\/\/senzorika-varga.si\/en\/product\/stiskalni-stroj\/","title":{"rendered":"Stiskalni stroj"},"content":{"rendered":"<p>Mangle je poseben pripomo\u010dek, ki se uporablja pri otrocih z motnjami senzori\u010dne obdelave. Simulira proprioceptivni sistem. Celoten stroj je izdelan iz vezane plo\u0161\u010de in \u0161estih penastih valjev, prevle\u010denih s sinteti\u010dnim usnjem. Z gumijastimi zategovalniki je mogo\u010de pritisk prilagoditi individualnim potrebam.<br \/>\nDimenzije v zlo\u017eenem stanju: 114,5 x 67 x 39,5 cm;<br \/>\nDimenzije v razgrnjenem stanju: 191 x 67 x 42 cm;<br \/>\nmateriali: lesena vezana plo\u0161\u010da, PVC, guma<\/p>","protected":false},"excerpt":{"rendered":"<p>Mangle je poseben pripomo\u010dek, ki se uporablja pri otrocih z motnjami senzori\u010dne obdelave. Simulira proprioceptivni sistem. Celoten stroj je izdelan iz vezane plo\u0161\u010de in \u0161estih penastih valjev, prevle\u010denih s sinteti\u010dnim usnjem. Z gumijastimi zategovalniki je mogo\u010de pritisk prilagoditi individualnim potrebam.<br \/>\nDimenzije v zlo\u017eenem stanju: 114,5 x 67 x 39,5 cm;<br \/>\nDimenzije v razgrnjenem stanju: 191 x 67 x 42 cm;<br \/>\nmateriali: lesena vezana plo\u0161\u010da, PVC, guma<\/p>","protected":false},"featured_media":11846,"menu_order":0,"comment_status":"open","ping_status":"closed","template":"","meta":[],"product_brand":[],"product_cat":[98,95,97],"product_tag":[],"class_list":{"0":"post-10150","1":"product","2":"type-product","3":"status-publish","4":"has-post-thumbnail","6":"product_cat-obcutek-telesa","7":"product_cat-propriocepcija","8":"product_cat-razlicnost-stiska","10":"first","11":"instock","12":"taxable","13":"shipping-taxable","14":"purchasable","15":"product-type-simple"},"jetpack_sharing_enabled":true,"_links":{"self":[{"href":"https:\/\/senzorika-varga.si\/en\/wp-json\/wp\/v2\/product\/10150","targetHints":{"allow":["GET"]}}],"collection":[{"href":"https:\/\/senzorika-varga.si\/en\/wp-json\/wp\/v2\/product"}],"about":[{"href":"https:\/\/senzorika-varga.si\/en\/wp-json\/wp\/v2\/types\/product"}],"replies":[{"embeddable":true,"href":"https:\/\/senzorika-varga.si\/en\/wp-json\/wp\/v2\/comments?post=10150"}],"version-history":[{"count":1,"href":"https:\/\/senzorika-varga.si\/en\/wp-json\/wp\/v2\/product\/10150\/revisions"}],"predecessor-version":[{"id":10151,"href":"https:\/\/senzorika-varga.si\/en\/wp-json\/wp\/v2\/product\/10150\/revisions\/10151"}],"wp:featuredmedia":[{"embeddable":true,"href":"https:\/\/senzorika-varga.si\/en\/wp-json\/wp\/v2\/media\/11846"}],"wp:attachment":[{"href":"https:\/\/senzorika-varga.si\/en\/wp-json\/wp\/v2\/media?parent=10150"}],"wp:term":[{"taxonomy":"product_brand","embeddable":true,"href":"https:\/\/senzorika-varga.si\/en\/wp-json\/wp\/v2\/product_brand?post=10150"},{"taxonomy":"product_cat","embeddable":true,"href":"https:\/\/senzorika-varga.si\/en\/wp-json\/wp\/v2\/product_cat?post=10150"},{"taxonomy":"product_tag","embeddable":true,"href":"https:\/\/senzorika-varga.si\/en\/wp-json\/wp\/v2\/product_tag?post=10150"}],"curies":[{"name":"wp","href":"https:\/\/api.w.org\/{rel}","templated":true}]}}