{"id":10148,"date":"2025-12-05T22:07:19","date_gmt":"2025-12-05T22:07:19","guid":{"rendered":"https:\/\/senzorika.ajvonidol.si\/?post_type=product&#038;p=10148"},"modified":"2025-12-27T19:36:47","modified_gmt":"2025-12-27T19:36:47","slug":"majhen-stiskalni-stroj","status":"publish","type":"product","link":"https:\/\/senzorika-varga.si\/en\/product\/majhen-stiskalni-stroj\/","title":{"rendered":"Majhen stiskalni stroj"},"content":{"rendered":"<p>Terapevtski pripomo\u010dek iz laminirane vezane plo\u0161\u010de, PVC tkanine in gume. Valj za telo je opremljen s sistemom za regulacijo napetosti, da se prilagodi potrebam uporabnika.<br \/>\nDimenzije v zlo\u017eenem stanju: 74,5 x 67 x 37,5 cm.;<\/p>\n<p>Dimenzije v razgrnjenem stanju: 113 x 67 x 40 cm;<br \/>\nmateriali: lesena vezana plo\u0161\u010da, PVC, guma<\/p>","protected":false},"excerpt":{"rendered":"<p>Terapevtski pripomo\u010dek iz laminirane vezane plo\u0161\u010de, PVC tkanine in gume. Valj za telo je opremljen s sistemom za regulacijo napetosti, da se prilagodi potrebam uporabnika.<br \/>\nDimenzije v zlo\u017eenem stanju: 74,5 x 67 x 37,5 cm.;<\/p>\n<p>Dimenzije v razgrnjenem stanju: 113 x 67 x 40 cm;<br \/>\nmateriali: lesena vezana plo\u0161\u010da, PVC, guma<\/p>","protected":false},"featured_media":11844,"menu_order":0,"comment_status":"open","ping_status":"closed","template":"","meta":[],"product_brand":[],"product_cat":[98,95,97],"product_tag":[],"class_list":{"0":"post-10148","1":"product","2":"type-product","3":"status-publish","4":"has-post-thumbnail","6":"product_cat-obcutek-telesa","7":"product_cat-propriocepcija","8":"product_cat-razlicnost-stiska","10":"first","11":"instock","12":"taxable","13":"shipping-taxable","14":"purchasable","15":"product-type-simple"},"jetpack_sharing_enabled":true,"_links":{"self":[{"href":"https:\/\/senzorika-varga.si\/en\/wp-json\/wp\/v2\/product\/10148","targetHints":{"allow":["GET"]}}],"collection":[{"href":"https:\/\/senzorika-varga.si\/en\/wp-json\/wp\/v2\/product"}],"about":[{"href":"https:\/\/senzorika-varga.si\/en\/wp-json\/wp\/v2\/types\/product"}],"replies":[{"embeddable":true,"href":"https:\/\/senzorika-varga.si\/en\/wp-json\/wp\/v2\/comments?post=10148"}],"version-history":[{"count":1,"href":"https:\/\/senzorika-varga.si\/en\/wp-json\/wp\/v2\/product\/10148\/revisions"}],"predecessor-version":[{"id":10149,"href":"https:\/\/senzorika-varga.si\/en\/wp-json\/wp\/v2\/product\/10148\/revisions\/10149"}],"wp:featuredmedia":[{"embeddable":true,"href":"https:\/\/senzorika-varga.si\/en\/wp-json\/wp\/v2\/media\/11844"}],"wp:attachment":[{"href":"https:\/\/senzorika-varga.si\/en\/wp-json\/wp\/v2\/media?parent=10148"}],"wp:term":[{"taxonomy":"product_brand","embeddable":true,"href":"https:\/\/senzorika-varga.si\/en\/wp-json\/wp\/v2\/product_brand?post=10148"},{"taxonomy":"product_cat","embeddable":true,"href":"https:\/\/senzorika-varga.si\/en\/wp-json\/wp\/v2\/product_cat?post=10148"},{"taxonomy":"product_tag","embeddable":true,"href":"https:\/\/senzorika-varga.si\/en\/wp-json\/wp\/v2\/product_tag?post=10148"}],"curies":[{"name":"wp","href":"https:\/\/api.w.org\/{rel}","templated":true}]}}