{"id":10146,"date":"2025-12-05T22:07:19","date_gmt":"2025-12-05T22:07:19","guid":{"rendered":"https:\/\/senzorika.ajvonidol.si\/?post_type=product&#038;p=10146"},"modified":"2025-12-27T19:36:47","modified_gmt":"2025-12-27T19:36:47","slug":"elasticni-senzoricni-tunel","status":"publish","type":"product","link":"https:\/\/senzorika-varga.si\/en\/product\/elasticni-senzoricni-tunel\/","title":{"rendered":"Elasti\u010dni rokav za skupinsko igro"},"content":{"rendered":"<p>Modro moder elasti\u010den rokav iz likre je vsestranski terapevtski pripomo\u010dek, ki spodbuja globok dotik in podpira razvoj motori\u010dnih sposobnosti, mo\u010di in vzdr\u017eljivosti pri otrocih. Zasnovan je za vaje integracije in spro\u0161\u010danja ter omogo\u010da skrivanje, po\u010ditek ali branje knjig. Blago se ne\u017eno ovije okoli telesa, regulacija napetosti pa se zgodi z gibanjem ljudi v njem. Rokav je enostaven za \u010di\u0161\u010denje do 40 \u00b0C in je idealen za uporabo v zaprtih prostorih in na prostem.<\/p>\n<p>Dimenzije: obseg 750 cm, vi\u0161ina 150 cm Starost: 3+<\/p>","protected":false},"excerpt":{"rendered":"<p>Modro moder elasti\u010den rokav iz likre je vsestranski terapevtski pripomo\u010dek, ki spodbuja globok dotik in podpira razvoj motori\u010dnih sposobnosti, mo\u010di in vzdr\u017eljivosti pri otrocih. Zasnovan je za vaje integracije in spro\u0161\u010danja ter omogo\u010da skrivanje, po\u010ditek ali branje knjig. Blago se ne\u017eno ovije okoli telesa, regulacija napetosti pa se zgodi z gibanjem ljudi v njem. Rokav je enostaven za \u010di\u0161\u010denje do 40 \u00b0C in je idealen za uporabo v zaprtih prostorih in na prostem.<\/p>\n<p>Dimenzije: obseg 750 cm, vi\u0161ina 150 cm Starost: 3+<\/p>","protected":false},"featured_media":11841,"menu_order":0,"comment_status":"open","ping_status":"closed","template":"","meta":[],"product_brand":[],"product_cat":[98,95,97],"product_tag":[],"class_list":{"0":"post-10146","1":"product","2":"type-product","3":"status-publish","4":"has-post-thumbnail","6":"product_cat-obcutek-telesa","7":"product_cat-propriocepcija","8":"product_cat-razlicnost-stiska","10":"first","11":"instock","12":"taxable","13":"shipping-taxable","14":"purchasable","15":"product-type-simple"},"jetpack_sharing_enabled":true,"_links":{"self":[{"href":"https:\/\/senzorika-varga.si\/en\/wp-json\/wp\/v2\/product\/10146","targetHints":{"allow":["GET"]}}],"collection":[{"href":"https:\/\/senzorika-varga.si\/en\/wp-json\/wp\/v2\/product"}],"about":[{"href":"https:\/\/senzorika-varga.si\/en\/wp-json\/wp\/v2\/types\/product"}],"replies":[{"embeddable":true,"href":"https:\/\/senzorika-varga.si\/en\/wp-json\/wp\/v2\/comments?post=10146"}],"version-history":[{"count":2,"href":"https:\/\/senzorika-varga.si\/en\/wp-json\/wp\/v2\/product\/10146\/revisions"}],"predecessor-version":[{"id":12978,"href":"https:\/\/senzorika-varga.si\/en\/wp-json\/wp\/v2\/product\/10146\/revisions\/12978"}],"wp:featuredmedia":[{"embeddable":true,"href":"https:\/\/senzorika-varga.si\/en\/wp-json\/wp\/v2\/media\/11841"}],"wp:attachment":[{"href":"https:\/\/senzorika-varga.si\/en\/wp-json\/wp\/v2\/media?parent=10146"}],"wp:term":[{"taxonomy":"product_brand","embeddable":true,"href":"https:\/\/senzorika-varga.si\/en\/wp-json\/wp\/v2\/product_brand?post=10146"},{"taxonomy":"product_cat","embeddable":true,"href":"https:\/\/senzorika-varga.si\/en\/wp-json\/wp\/v2\/product_cat?post=10146"},{"taxonomy":"product_tag","embeddable":true,"href":"https:\/\/senzorika-varga.si\/en\/wp-json\/wp\/v2\/product_tag?post=10146"}],"curies":[{"name":"wp","href":"https:\/\/api.w.org\/{rel}","templated":true}]}}