{"id":10142,"date":"2025-12-05T22:07:17","date_gmt":"2025-12-05T22:07:17","guid":{"rendered":"https:\/\/senzorika.ajvonidol.si\/?post_type=product&#038;p=10142"},"modified":"2025-12-27T19:36:46","modified_gmt":"2025-12-27T19:36:46","slug":"senzoricna-vreca-velikost-l","status":"publish","type":"product","link":"https:\/\/senzorika-varga.si\/en\/product\/senzoricna-vreca-velikost-l\/","title":{"rendered":"Senzori\u010dna vre\u010da (velikost L)"},"content":{"rendered":"<p>Terapevtska vre\u010da za sedenje Duszek velikosti L, izdelana iz elasti\u010dne mornarsko modre likre, je zasnovana za spodbujanje proprioceptivnega sistema, izbolj\u0161anje telesne zavesti in pomo\u010d posameznikom z motnjami senzori\u010dne integracije. Pritisk, ki ga izvaja vre\u010da, pomaga zmanj\u0161ati samo-stimulativno vedenje, pove\u010da koncentracijo in razvija motori\u010dno koordinacijo. Opremljena je z zadrgo, kar omogo\u010da enostavno obla\u010denje in sla\u010denje.<\/p>\n<p>Dimenzije: dol\u017eina 142 cm, \u0161irina 71 cm.<\/p>","protected":false},"excerpt":{"rendered":"<p>Terapevtska vre\u010da za sedenje Duszek velikosti L, izdelana iz elasti\u010dne mornarsko modre likre, je zasnovana za spodbujanje proprioceptivnega sistema, izbolj\u0161anje telesne zavesti in pomo\u010d posameznikom z motnjami senzori\u010dne integracije. Pritisk, ki ga izvaja vre\u010da, pomaga zmanj\u0161ati samo-stimulativno vedenje, pove\u010da koncentracijo in razvija motori\u010dno koordinacijo. Opremljena je z zadrgo, kar omogo\u010da enostavno obla\u010denje in sla\u010denje.<\/p>\n<p>Dimenzije: dol\u017eina 142 cm, \u0161irina 71 cm.<\/p>","protected":false},"featured_media":11839,"menu_order":0,"comment_status":"open","ping_status":"closed","template":"","meta":[],"product_brand":[],"product_cat":[98,95,97],"product_tag":[],"class_list":{"0":"post-10142","1":"product","2":"type-product","3":"status-publish","4":"has-post-thumbnail","6":"product_cat-obcutek-telesa","7":"product_cat-propriocepcija","8":"product_cat-razlicnost-stiska","10":"first","11":"instock","12":"taxable","13":"shipping-taxable","14":"purchasable","15":"product-type-simple"},"jetpack_sharing_enabled":true,"_links":{"self":[{"href":"https:\/\/senzorika-varga.si\/en\/wp-json\/wp\/v2\/product\/10142","targetHints":{"allow":["GET"]}}],"collection":[{"href":"https:\/\/senzorika-varga.si\/en\/wp-json\/wp\/v2\/product"}],"about":[{"href":"https:\/\/senzorika-varga.si\/en\/wp-json\/wp\/v2\/types\/product"}],"replies":[{"embeddable":true,"href":"https:\/\/senzorika-varga.si\/en\/wp-json\/wp\/v2\/comments?post=10142"}],"version-history":[{"count":1,"href":"https:\/\/senzorika-varga.si\/en\/wp-json\/wp\/v2\/product\/10142\/revisions"}],"predecessor-version":[{"id":10143,"href":"https:\/\/senzorika-varga.si\/en\/wp-json\/wp\/v2\/product\/10142\/revisions\/10143"}],"wp:featuredmedia":[{"embeddable":true,"href":"https:\/\/senzorika-varga.si\/en\/wp-json\/wp\/v2\/media\/11839"}],"wp:attachment":[{"href":"https:\/\/senzorika-varga.si\/en\/wp-json\/wp\/v2\/media?parent=10142"}],"wp:term":[{"taxonomy":"product_brand","embeddable":true,"href":"https:\/\/senzorika-varga.si\/en\/wp-json\/wp\/v2\/product_brand?post=10142"},{"taxonomy":"product_cat","embeddable":true,"href":"https:\/\/senzorika-varga.si\/en\/wp-json\/wp\/v2\/product_cat?post=10142"},{"taxonomy":"product_tag","embeddable":true,"href":"https:\/\/senzorika-varga.si\/en\/wp-json\/wp\/v2\/product_tag?post=10142"}],"curies":[{"name":"wp","href":"https:\/\/api.w.org\/{rel}","templated":true}]}}