{"id":10136,"date":"2025-12-05T22:07:17","date_gmt":"2025-12-05T22:07:17","guid":{"rendered":"https:\/\/senzorika.ajvonidol.si\/?post_type=product&#038;p=10136"},"modified":"2025-12-27T19:36:46","modified_gmt":"2025-12-27T19:36:46","slug":"terapevtska-piramida","status":"publish","type":"product","link":"https:\/\/senzorika-varga.si\/en\/product\/terapevtska-piramida\/","title":{"rendered":"Terapevtska piramida"},"content":{"rendered":"<p>Terapevtska piramida je prevle\u010dena z vzdr\u017eljivo oxfordsko poliestrsko tkanino v svetlo sivi in \u200b\u200bazurni barvi, elementi pa so povezani z zadrgami, kar omogo\u010da enostavno zlaganje in razstavljanje strukture. Visoko elasti\u010dno polnilo iz poliuretanske pene zagotavlja udobje in odpornost na deformacije ter se prilagaja intenzivnim terapevtskim potrebam.<\/p>\n<p>Piramidna struktura otrokom omogo\u010da, da se izolirajo od zunanjih dra\u017eljajev, kar podpira njihov ob\u010dutek varnosti in miru. Dva odprta vhoda omogo\u010data diskretno opazovanje okolice, hkrati pa ohranjata udobje, kar je \u0161e posebej pomembno za otroke, ki potrebujejo senzori\u010dno podporo. Raztegljive stranice ustvarjajo prostorno vzmetnico, ki omogo\u010da razli\u010dne terapevtske uporabe. Piramida je izjemno koristna pri delu z otroki z avtisti\u010dnim spektrom, hiperaktivnimi otroki in tistimi z globokimi senzori\u010dnimi motnjami, saj se odziva na njihove potrebe po pomirjujo\u010di in senzori\u010dni stimulaciji.<\/p>\n<p>Dimenzije: Premer razgrnjenega 236 cm, premer zlo\u017eenega 84 cm.<\/p>","protected":false},"excerpt":{"rendered":"<p>Terapevtska piramida je prevle\u010dena z vzdr\u017eljivo oxfordsko poliestrsko tkanino v svetlo sivi in \u200b\u200bazurni barvi, elementi pa so povezani z zadrgami, kar omogo\u010da enostavno zlaganje in razstavljanje strukture. Visoko elasti\u010dno polnilo iz poliuretanske pene zagotavlja udobje in odpornost na deformacije ter se prilagaja intenzivnim terapevtskim potrebam.<\/p>\n<p>Piramidna struktura otrokom omogo\u010da, da se izolirajo od zunanjih dra\u017eljajev, kar podpira njihov ob\u010dutek varnosti in miru. Dva odprta vhoda omogo\u010data diskretno opazovanje okolice, hkrati pa ohranjata udobje, kar je \u0161e posebej pomembno za otroke, ki potrebujejo senzori\u010dno podporo. Raztegljive stranice ustvarjajo prostorno vzmetnico, ki omogo\u010da razli\u010dne terapevtske uporabe. Piramida je izjemno koristna pri delu z otroki z avtisti\u010dnim spektrom, hiperaktivnimi otroki in tistimi z globokimi senzori\u010dnimi motnjami, saj se odziva na njihove potrebe po pomirjujo\u010di in senzori\u010dni stimulaciji.<\/p>\n<p>Dimenzije: Premer razgrnjenega 236 cm, premer zlo\u017eenega 84 cm.<\/p>","protected":false},"featured_media":11831,"menu_order":0,"comment_status":"open","ping_status":"closed","template":"","meta":[],"product_brand":[],"product_cat":[98,95,97],"product_tag":[],"class_list":{"0":"post-10136","1":"product","2":"type-product","3":"status-publish","4":"has-post-thumbnail","6":"product_cat-obcutek-telesa","7":"product_cat-propriocepcija","8":"product_cat-razlicnost-stiska","10":"first","11":"instock","12":"taxable","13":"shipping-taxable","14":"purchasable","15":"product-type-simple"},"jetpack_sharing_enabled":true,"_links":{"self":[{"href":"https:\/\/senzorika-varga.si\/en\/wp-json\/wp\/v2\/product\/10136","targetHints":{"allow":["GET"]}}],"collection":[{"href":"https:\/\/senzorika-varga.si\/en\/wp-json\/wp\/v2\/product"}],"about":[{"href":"https:\/\/senzorika-varga.si\/en\/wp-json\/wp\/v2\/types\/product"}],"replies":[{"embeddable":true,"href":"https:\/\/senzorika-varga.si\/en\/wp-json\/wp\/v2\/comments?post=10136"}],"version-history":[{"count":1,"href":"https:\/\/senzorika-varga.si\/en\/wp-json\/wp\/v2\/product\/10136\/revisions"}],"predecessor-version":[{"id":10137,"href":"https:\/\/senzorika-varga.si\/en\/wp-json\/wp\/v2\/product\/10136\/revisions\/10137"}],"wp:featuredmedia":[{"embeddable":true,"href":"https:\/\/senzorika-varga.si\/en\/wp-json\/wp\/v2\/media\/11831"}],"wp:attachment":[{"href":"https:\/\/senzorika-varga.si\/en\/wp-json\/wp\/v2\/media?parent=10136"}],"wp:term":[{"taxonomy":"product_brand","embeddable":true,"href":"https:\/\/senzorika-varga.si\/en\/wp-json\/wp\/v2\/product_brand?post=10136"},{"taxonomy":"product_cat","embeddable":true,"href":"https:\/\/senzorika-varga.si\/en\/wp-json\/wp\/v2\/product_cat?post=10136"},{"taxonomy":"product_tag","embeddable":true,"href":"https:\/\/senzorika-varga.si\/en\/wp-json\/wp\/v2\/product_tag?post=10136"}],"curies":[{"name":"wp","href":"https:\/\/api.w.org\/{rel}","templated":true}]}}