{"id":10134,"date":"2025-12-05T22:07:17","date_gmt":"2025-12-05T22:07:17","guid":{"rendered":"https:\/\/senzorika.ajvonidol.si\/?post_type=product&#038;p=10134"},"modified":"2025-12-27T19:36:46","modified_gmt":"2025-12-27T19:36:46","slug":"roll-up-senzorna-blazina","status":"publish","type":"product","link":"https:\/\/senzorika-varga.si\/en\/product\/roll-up-senzorna-blazina\/","title":{"rendered":"Roll-up senzorna blazina"},"content":{"rendered":"<p>Modra valovita senzori\u010dna vzmetnica, izdelana iz poliestrske tkanine Oxford z obrobo in polnjena z granulami stiropora, je izjemno vsestranska in ponuja \u0161tevilne prednosti. Njena valovita oblika ne le izolira uporabnika od hladnih tal, temve\u010d tudi spodbuja \u010dute, kar spodbuja motori\u010dni razvoj in ravnote\u017eje. Lahko slu\u017ei kot senzori\u010dna pot, ki spodbuja dotik, ali kot sede\u017e, ki podpira sprostitev. Poleg tega, ko je zvita, deluje kot terapevtska podloga, ki omogo\u010da razli\u010dne vaje in igro.<\/p>\n<p>Dimenzije: 120 x 4 x 100 cm; starost: 3+.<\/p>","protected":false},"excerpt":{"rendered":"<p>Modra valovita senzori\u010dna vzmetnica, izdelana iz poliestrske tkanine Oxford z obrobo in polnjena z granulami stiropora, je izjemno vsestranska in ponuja \u0161tevilne prednosti. Njena valovita oblika ne le izolira uporabnika od hladnih tal, temve\u010d tudi spodbuja \u010dute, kar spodbuja motori\u010dni razvoj in ravnote\u017eje. Lahko slu\u017ei kot senzori\u010dna pot, ki spodbuja dotik, ali kot sede\u017e, ki podpira sprostitev. Poleg tega, ko je zvita, deluje kot terapevtska podloga, ki omogo\u010da razli\u010dne vaje in igro.<\/p>\n<p>Dimenzije: 120 x 4 x 100 cm; starost: 3+.<\/p>","protected":false},"featured_media":11827,"menu_order":0,"comment_status":"open","ping_status":"closed","template":"","meta":[],"product_brand":[],"product_cat":[98,95,97],"product_tag":[],"class_list":{"0":"post-10134","1":"product","2":"type-product","3":"status-publish","4":"has-post-thumbnail","6":"product_cat-obcutek-telesa","7":"product_cat-propriocepcija","8":"product_cat-razlicnost-stiska","10":"first","11":"instock","12":"taxable","13":"shipping-taxable","14":"purchasable","15":"product-type-simple"},"jetpack_sharing_enabled":true,"_links":{"self":[{"href":"https:\/\/senzorika-varga.si\/en\/wp-json\/wp\/v2\/product\/10134","targetHints":{"allow":["GET"]}}],"collection":[{"href":"https:\/\/senzorika-varga.si\/en\/wp-json\/wp\/v2\/product"}],"about":[{"href":"https:\/\/senzorika-varga.si\/en\/wp-json\/wp\/v2\/types\/product"}],"replies":[{"embeddable":true,"href":"https:\/\/senzorika-varga.si\/en\/wp-json\/wp\/v2\/comments?post=10134"}],"version-history":[{"count":1,"href":"https:\/\/senzorika-varga.si\/en\/wp-json\/wp\/v2\/product\/10134\/revisions"}],"predecessor-version":[{"id":10135,"href":"https:\/\/senzorika-varga.si\/en\/wp-json\/wp\/v2\/product\/10134\/revisions\/10135"}],"wp:featuredmedia":[{"embeddable":true,"href":"https:\/\/senzorika-varga.si\/en\/wp-json\/wp\/v2\/media\/11827"}],"wp:attachment":[{"href":"https:\/\/senzorika-varga.si\/en\/wp-json\/wp\/v2\/media?parent=10134"}],"wp:term":[{"taxonomy":"product_brand","embeddable":true,"href":"https:\/\/senzorika-varga.si\/en\/wp-json\/wp\/v2\/product_brand?post=10134"},{"taxonomy":"product_cat","embeddable":true,"href":"https:\/\/senzorika-varga.si\/en\/wp-json\/wp\/v2\/product_cat?post=10134"},{"taxonomy":"product_tag","embeddable":true,"href":"https:\/\/senzorika-varga.si\/en\/wp-json\/wp\/v2\/product_tag?post=10134"}],"curies":[{"name":"wp","href":"https:\/\/api.w.org\/{rel}","templated":true}]}}