{"id":10132,"date":"2025-12-05T22:07:17","date_gmt":"2025-12-05T22:07:17","guid":{"rendered":"https:\/\/senzorika.ajvonidol.si\/?post_type=product&#038;p=10132"},"modified":"2025-12-27T19:36:46","modified_gmt":"2025-12-27T19:36:46","slug":"terapevtska-preproga-palacinka","status":"publish","type":"product","link":"https:\/\/senzorika-varga.si\/en\/product\/terapevtska-preproga-palacinka\/","title":{"rendered":"Terapevtska preproga &#8211; Pala\u010dinka"},"content":{"rendered":"<p>Sivo-modra terapevtska podloga Pancake je prekrita z Minky teksturirano tkanino in napolnjena s poliuretansko peno z zelo visoko elasti\u010dnostjo, zaradi \u010desar je odli\u010dno orodje za senzori\u010dno terapijo. Njena zasnova omogo\u010da natan\u010dno ovijanje otroka, kar u\u010dinkovito stimulira taktilne receptorje in pove\u010duje telesno zavest.<\/p>\n<p>Z razli\u010dnimi terapevtskimi tehnikami, kot sta masa\u017ea in pritisk, otroci razvijajo ravnote\u017ene in koordinacijske sposobnosti, kar se odra\u017ea v bolj\u0161em delovanju v vsakdanjem \u017eivljenju. Podloga podpira tudi sprostitev in zmanj\u0161anje napetosti, kar je \u0161e posebej pomembno za otroke s senzori\u010dnimi motnjami. Trakovi z je\u017ekom zagotavljajo enostavno sprostitev, ko je to potrebno, kar pove\u010duje ob\u010dutek varnosti in udobja.<\/p>\n<p>Dimenzije: 100 x 118 x 2 cm<\/p>","protected":false},"excerpt":{"rendered":"<p>Sivo-modra terapevtska podloga Pancake je prekrita z Minky teksturirano tkanino in napolnjena s poliuretansko peno z zelo visoko elasti\u010dnostjo, zaradi \u010desar je odli\u010dno orodje za senzori\u010dno terapijo. Njena zasnova omogo\u010da natan\u010dno ovijanje otroka, kar u\u010dinkovito stimulira taktilne receptorje in pove\u010duje telesno zavest.<\/p>\n<p>Z razli\u010dnimi terapevtskimi tehnikami, kot sta masa\u017ea in pritisk, otroci razvijajo ravnote\u017ene in koordinacijske sposobnosti, kar se odra\u017ea v bolj\u0161em delovanju v vsakdanjem \u017eivljenju. Podloga podpira tudi sprostitev in zmanj\u0161anje napetosti, kar je \u0161e posebej pomembno za otroke s senzori\u010dnimi motnjami. Trakovi z je\u017ekom zagotavljajo enostavno sprostitev, ko je to potrebno, kar pove\u010duje ob\u010dutek varnosti in udobja.<\/p>\n<p>Dimenzije: 100 x 118 x 2 cm<\/p>","protected":false},"featured_media":11823,"menu_order":0,"comment_status":"open","ping_status":"closed","template":"","meta":[],"product_brand":[],"product_cat":[98,95,97],"product_tag":[],"class_list":{"0":"post-10132","1":"product","2":"type-product","3":"status-publish","4":"has-post-thumbnail","6":"product_cat-obcutek-telesa","7":"product_cat-propriocepcija","8":"product_cat-razlicnost-stiska","10":"first","11":"instock","12":"taxable","13":"shipping-taxable","14":"purchasable","15":"product-type-simple"},"jetpack_sharing_enabled":true,"_links":{"self":[{"href":"https:\/\/senzorika-varga.si\/en\/wp-json\/wp\/v2\/product\/10132","targetHints":{"allow":["GET"]}}],"collection":[{"href":"https:\/\/senzorika-varga.si\/en\/wp-json\/wp\/v2\/product"}],"about":[{"href":"https:\/\/senzorika-varga.si\/en\/wp-json\/wp\/v2\/types\/product"}],"replies":[{"embeddable":true,"href":"https:\/\/senzorika-varga.si\/en\/wp-json\/wp\/v2\/comments?post=10132"}],"version-history":[{"count":1,"href":"https:\/\/senzorika-varga.si\/en\/wp-json\/wp\/v2\/product\/10132\/revisions"}],"predecessor-version":[{"id":10133,"href":"https:\/\/senzorika-varga.si\/en\/wp-json\/wp\/v2\/product\/10132\/revisions\/10133"}],"wp:featuredmedia":[{"embeddable":true,"href":"https:\/\/senzorika-varga.si\/en\/wp-json\/wp\/v2\/media\/11823"}],"wp:attachment":[{"href":"https:\/\/senzorika-varga.si\/en\/wp-json\/wp\/v2\/media?parent=10132"}],"wp:term":[{"taxonomy":"product_brand","embeddable":true,"href":"https:\/\/senzorika-varga.si\/en\/wp-json\/wp\/v2\/product_brand?post=10132"},{"taxonomy":"product_cat","embeddable":true,"href":"https:\/\/senzorika-varga.si\/en\/wp-json\/wp\/v2\/product_cat?post=10132"},{"taxonomy":"product_tag","embeddable":true,"href":"https:\/\/senzorika-varga.si\/en\/wp-json\/wp\/v2\/product_tag?post=10132"}],"curies":[{"name":"wp","href":"https:\/\/api.w.org\/{rel}","templated":true}]}}