{"id":10130,"date":"2025-12-05T22:07:17","date_gmt":"2025-12-05T22:07:17","guid":{"rendered":"https:\/\/senzorika.ajvonidol.si\/?post_type=product&#038;p=10130"},"modified":"2025-12-27T19:36:45","modified_gmt":"2025-12-27T19:36:45","slug":"kanu","status":"publish","type":"product","link":"https:\/\/senzorika-varga.si\/en\/product\/kanu\/","title":{"rendered":"Kanu"},"content":{"rendered":"<p>Terapevtski kompresijski kajak, prevle\u010den z modro PVC tkanino, odporno proti obrabi, brez ftalatov, in napolnjen z visoko elasti\u010dno poliuretansko peno, je izjemno orodje, ki podpira senzori\u010dni razvoj. Pritisk, ki ga kajak izvaja na telo, pomaga otrokom razviti bolj\u0161e zavedanje telesa, kar je klju\u010dnega pomena za njihov senzori\u010dni razvoj. Stimulacija proprioceptivnega sistema pomaga pri umirjanju, izbolj\u0161anju koncentracije in krepitvi motori\u010dne koordinacije. Trpe\u017eni pritrdilni elementi z mo\u010dnim je\u017ekom in trakovi z zaponkami zagotavljajo varnost med uporabo in omogo\u010dajo enostavno prilagajanje potrebam uporabnikov.<\/p>\n<p>Ta kajak je idealen za terapevtske seanse, kjer lahko otroci s podporo odraslih raziskujejo svoje motori\u010dne in \u010dustvene sposobnosti. Odli\u010dno se obnese tudi pri individualnih vajah v terapevtskih in izobra\u017eevalnih ustanovah, saj spodbuja celovit senzori\u010dni razvoj in podpira delo z zavedanjem telesa.<\/p>\n<p>Dimenzije: 100 x 70 cm.<\/p>","protected":false},"excerpt":{"rendered":"<p>Terapevtski kompresijski kajak, prevle\u010den z modro PVC tkanino, odporno proti obrabi, brez ftalatov, in napolnjen z visoko elasti\u010dno poliuretansko peno, je izjemno orodje, ki podpira senzori\u010dni razvoj. Pritisk, ki ga kajak izvaja na telo, pomaga otrokom razviti bolj\u0161e zavedanje telesa, kar je klju\u010dnega pomena za njihov senzori\u010dni razvoj. Stimulacija proprioceptivnega sistema pomaga pri umirjanju, izbolj\u0161anju koncentracije in krepitvi motori\u010dne koordinacije. Trpe\u017eni pritrdilni elementi z mo\u010dnim je\u017ekom in trakovi z zaponkami zagotavljajo varnost med uporabo in omogo\u010dajo enostavno prilagajanje potrebam uporabnikov.<\/p>\n<p>Ta kajak je idealen za terapevtske seanse, kjer lahko otroci s podporo odraslih raziskujejo svoje motori\u010dne in \u010dustvene sposobnosti. Odli\u010dno se obnese tudi pri individualnih vajah v terapevtskih in izobra\u017eevalnih ustanovah, saj spodbuja celovit senzori\u010dni razvoj in podpira delo z zavedanjem telesa.<\/p>\n<p>Dimenzije: 100 x 70 cm.<\/p>","protected":false},"featured_media":11820,"menu_order":0,"comment_status":"open","ping_status":"closed","template":"","meta":[],"product_brand":[],"product_cat":[98,95,97],"product_tag":[],"class_list":{"0":"post-10130","1":"product","2":"type-product","3":"status-publish","4":"has-post-thumbnail","6":"product_cat-obcutek-telesa","7":"product_cat-propriocepcija","8":"product_cat-razlicnost-stiska","10":"first","11":"instock","12":"taxable","13":"shipping-taxable","14":"purchasable","15":"product-type-simple"},"jetpack_sharing_enabled":true,"_links":{"self":[{"href":"https:\/\/senzorika-varga.si\/en\/wp-json\/wp\/v2\/product\/10130","targetHints":{"allow":["GET"]}}],"collection":[{"href":"https:\/\/senzorika-varga.si\/en\/wp-json\/wp\/v2\/product"}],"about":[{"href":"https:\/\/senzorika-varga.si\/en\/wp-json\/wp\/v2\/types\/product"}],"replies":[{"embeddable":true,"href":"https:\/\/senzorika-varga.si\/en\/wp-json\/wp\/v2\/comments?post=10130"}],"version-history":[{"count":1,"href":"https:\/\/senzorika-varga.si\/en\/wp-json\/wp\/v2\/product\/10130\/revisions"}],"predecessor-version":[{"id":10131,"href":"https:\/\/senzorika-varga.si\/en\/wp-json\/wp\/v2\/product\/10130\/revisions\/10131"}],"wp:featuredmedia":[{"embeddable":true,"href":"https:\/\/senzorika-varga.si\/en\/wp-json\/wp\/v2\/media\/11820"}],"wp:attachment":[{"href":"https:\/\/senzorika-varga.si\/en\/wp-json\/wp\/v2\/media?parent=10130"}],"wp:term":[{"taxonomy":"product_brand","embeddable":true,"href":"https:\/\/senzorika-varga.si\/en\/wp-json\/wp\/v2\/product_brand?post=10130"},{"taxonomy":"product_cat","embeddable":true,"href":"https:\/\/senzorika-varga.si\/en\/wp-json\/wp\/v2\/product_cat?post=10130"},{"taxonomy":"product_tag","embeddable":true,"href":"https:\/\/senzorika-varga.si\/en\/wp-json\/wp\/v2\/product_tag?post=10130"}],"curies":[{"name":"wp","href":"https:\/\/api.w.org\/{rel}","templated":true}]}}