{"id":10128,"date":"2025-12-05T22:07:17","date_gmt":"2025-12-05T22:07:17","guid":{"rendered":"https:\/\/senzorika.ajvonidol.si\/?post_type=product&#038;p=10128"},"modified":"2025-12-27T19:36:41","modified_gmt":"2025-12-27T19:36:41","slug":"stisljiv-sedez-v-obliki-crke-a","status":"publish","type":"product","link":"https:\/\/senzorika-varga.si\/en\/product\/stisljiv-sedez-v-obliki-crke-a\/","title":{"rendered":"Stisljiv sede\u017e v obliki \u010drke A"},"content":{"rendered":"<p>Moder kompresijski stol v obliki \u010drke A, izdelan iz PVC tkanine in napolnjen z visoko elasti\u010dno poliuretansko peno, je inovativno terapevtsko orodje, ki subtilno izvaja pritisk in ustvarja ob\u010dutek varnosti in udobja. Idealen je za otroke z motnjami senzori\u010dne obdelave, motnjo avtisti\u010dnega spektra ali ADHD, saj pomaga pri umirjanju in izbolj\u0161anju osredoto\u010denosti. Stol ustvarja prostor za sprostitev in podpira senzori\u010dno integracijo. Uporablja se lahko za dihalne vaje, meditacijo ali kot po\u010divali\u0161\u010de po intenzivnih aktivnostih. V terapiji otrokom pomaga razumeti svoja \u010dustva in olaj\u0161a u\u010dni proces v mirnem vzdu\u0161ju.<\/p>\n<p>Dimenzije: 80 x 22 x 75 cm; vi\u0161ina sede\u017ea: 32 cm.<\/p>","protected":false},"excerpt":{"rendered":"<p>Moder kompresijski stol v obliki \u010drke A, izdelan iz PVC tkanine in napolnjen z visoko elasti\u010dno poliuretansko peno, je inovativno terapevtsko orodje, ki subtilno izvaja pritisk in ustvarja ob\u010dutek varnosti in udobja. Idealen je za otroke z motnjami senzori\u010dne obdelave, motnjo avtisti\u010dnega spektra ali ADHD, saj pomaga pri umirjanju in izbolj\u0161anju osredoto\u010denosti. Stol ustvarja prostor za sprostitev in podpira senzori\u010dno integracijo. Uporablja se lahko za dihalne vaje, meditacijo ali kot po\u010divali\u0161\u010de po intenzivnih aktivnostih. V terapiji otrokom pomaga razumeti svoja \u010dustva in olaj\u0161a u\u010dni proces v mirnem vzdu\u0161ju.<\/p>\n<p>Dimenzije: 80 x 22 x 75 cm; vi\u0161ina sede\u017ea: 32 cm.<\/p>","protected":false},"featured_media":11818,"menu_order":0,"comment_status":"open","ping_status":"closed","template":"","meta":[],"product_brand":[],"product_cat":[98,95,97],"product_tag":[],"class_list":{"0":"post-10128","1":"product","2":"type-product","3":"status-publish","4":"has-post-thumbnail","6":"product_cat-obcutek-telesa","7":"product_cat-propriocepcija","8":"product_cat-razlicnost-stiska","10":"first","11":"instock","12":"taxable","13":"shipping-taxable","14":"purchasable","15":"product-type-simple"},"jetpack_sharing_enabled":true,"_links":{"self":[{"href":"https:\/\/senzorika-varga.si\/en\/wp-json\/wp\/v2\/product\/10128","targetHints":{"allow":["GET"]}}],"collection":[{"href":"https:\/\/senzorika-varga.si\/en\/wp-json\/wp\/v2\/product"}],"about":[{"href":"https:\/\/senzorika-varga.si\/en\/wp-json\/wp\/v2\/types\/product"}],"replies":[{"embeddable":true,"href":"https:\/\/senzorika-varga.si\/en\/wp-json\/wp\/v2\/comments?post=10128"}],"version-history":[{"count":1,"href":"https:\/\/senzorika-varga.si\/en\/wp-json\/wp\/v2\/product\/10128\/revisions"}],"predecessor-version":[{"id":10129,"href":"https:\/\/senzorika-varga.si\/en\/wp-json\/wp\/v2\/product\/10128\/revisions\/10129"}],"wp:featuredmedia":[{"embeddable":true,"href":"https:\/\/senzorika-varga.si\/en\/wp-json\/wp\/v2\/media\/11818"}],"wp:attachment":[{"href":"https:\/\/senzorika-varga.si\/en\/wp-json\/wp\/v2\/media?parent=10128"}],"wp:term":[{"taxonomy":"product_brand","embeddable":true,"href":"https:\/\/senzorika-varga.si\/en\/wp-json\/wp\/v2\/product_brand?post=10128"},{"taxonomy":"product_cat","embeddable":true,"href":"https:\/\/senzorika-varga.si\/en\/wp-json\/wp\/v2\/product_cat?post=10128"},{"taxonomy":"product_tag","embeddable":true,"href":"https:\/\/senzorika-varga.si\/en\/wp-json\/wp\/v2\/product_tag?post=10128"}],"curies":[{"name":"wp","href":"https:\/\/api.w.org\/{rel}","templated":true}]}}