{"id":10112,"date":"2025-12-05T22:07:15","date_gmt":"2025-12-05T22:07:15","guid":{"rendered":"https:\/\/senzorika.ajvonidol.si\/?post_type=product&#038;p=10112"},"modified":"2025-12-27T19:36:40","modified_gmt":"2025-12-27T19:36:40","slug":"led-trak-za-bazen-z-mehko-igro-kvadrat-2-x-2-m","status":"publish","type":"product","link":"https:\/\/senzorika-varga.si\/en\/product\/led-trak-za-bazen-z-mehko-igro-kvadrat-2-x-2-m\/","title":{"rendered":"LED trak za bazen z mehko igro &#8211; kvadrat 2 x 2 m"},"content":{"rendered":"<p>Svetlobna palica za kvadratni suhi bazen velikosti 2 x 2 m je sodoben dodatek, ki izbolj\u0161a senzori\u010dne izku\u0161nje med igro. Opremljena je z energetsko u\u010dinkovitimi LED diodami in ponuja paleto RGB (rde\u010da, zelena, modra) barv, kar omogo\u010da razli\u010dne odtenke in svetlobne u\u010dinke z me\u0161anjem teh treh osnovnih barv. Enostavna uporaba s prilo\u017eenim daljinskim upravljalnikom omogo\u010da prilagajanje osvetlitve glede na potrebe uporabnikov. Samolepilni trak olaj\u0161a namestitev, zasnova bazena pa je posebej prilagojena za namestitev s predhodno pripravljenimi luknjami za enostavno monta\u017eo. Za izjemen vizualni u\u010dinek priporo\u010damo prozorne kroglice, ki v kombinaciji z LED osvetlitvijo ustvarjajo \u010darobno vzdu\u0161je za igro.<\/p>\n<p>Dol\u017eina: 800 cm.<\/p>","protected":false},"excerpt":{"rendered":"<p>Svetlobna palica za kvadratni suhi bazen velikosti 2 x 2 m je sodoben dodatek, ki izbolj\u0161a senzori\u010dne izku\u0161nje med igro. Opremljena je z energetsko u\u010dinkovitimi LED diodami in ponuja paleto RGB (rde\u010da, zelena, modra) barv, kar omogo\u010da razli\u010dne odtenke in svetlobne u\u010dinke z me\u0161anjem teh treh osnovnih barv. Enostavna uporaba s prilo\u017eenim daljinskim upravljalnikom omogo\u010da prilagajanje osvetlitve glede na potrebe uporabnikov. Samolepilni trak olaj\u0161a namestitev, zasnova bazena pa je posebej prilagojena za namestitev s predhodno pripravljenimi luknjami za enostavno monta\u017eo. Za izjemen vizualni u\u010dinek priporo\u010damo prozorne kroglice, ki v kombinaciji z LED osvetlitvijo ustvarjajo \u010darobno vzdu\u0161je za igro.<\/p>\n<p>Dol\u017eina: 800 cm.<\/p>","protected":false},"featured_media":11804,"menu_order":0,"comment_status":"open","ping_status":"closed","template":"","meta":[],"product_brand":[],"product_cat":[130,125],"product_tag":[],"class_list":{"0":"post-10112","1":"product","2":"type-product","3":"status-publish","4":"has-post-thumbnail","6":"product_cat-mehki-predmeti","7":"product_cat-snoezelen","9":"first","10":"instock","11":"taxable","12":"shipping-taxable","13":"purchasable","14":"product-type-simple"},"jetpack_sharing_enabled":true,"_links":{"self":[{"href":"https:\/\/senzorika-varga.si\/en\/wp-json\/wp\/v2\/product\/10112","targetHints":{"allow":["GET"]}}],"collection":[{"href":"https:\/\/senzorika-varga.si\/en\/wp-json\/wp\/v2\/product"}],"about":[{"href":"https:\/\/senzorika-varga.si\/en\/wp-json\/wp\/v2\/types\/product"}],"replies":[{"embeddable":true,"href":"https:\/\/senzorika-varga.si\/en\/wp-json\/wp\/v2\/comments?post=10112"}],"version-history":[{"count":1,"href":"https:\/\/senzorika-varga.si\/en\/wp-json\/wp\/v2\/product\/10112\/revisions"}],"predecessor-version":[{"id":10113,"href":"https:\/\/senzorika-varga.si\/en\/wp-json\/wp\/v2\/product\/10112\/revisions\/10113"}],"wp:featuredmedia":[{"embeddable":true,"href":"https:\/\/senzorika-varga.si\/en\/wp-json\/wp\/v2\/media\/11804"}],"wp:attachment":[{"href":"https:\/\/senzorika-varga.si\/en\/wp-json\/wp\/v2\/media?parent=10112"}],"wp:term":[{"taxonomy":"product_brand","embeddable":true,"href":"https:\/\/senzorika-varga.si\/en\/wp-json\/wp\/v2\/product_brand?post=10112"},{"taxonomy":"product_cat","embeddable":true,"href":"https:\/\/senzorika-varga.si\/en\/wp-json\/wp\/v2\/product_cat?post=10112"},{"taxonomy":"product_tag","embeddable":true,"href":"https:\/\/senzorika-varga.si\/en\/wp-json\/wp\/v2\/product_tag?post=10112"}],"curies":[{"name":"wp","href":"https:\/\/api.w.org\/{rel}","templated":true}]}}