{"id":1011,"date":"2025-11-03T21:50:50","date_gmt":"2025-11-03T21:50:50","guid":{"rendered":"https:\/\/senzorika.ajvonidol.si\/?post_type=product&#038;p=1011"},"modified":"2025-12-31T08:33:43","modified_gmt":"2025-12-31T08:33:43","slug":"atomski-masaznik","status":"publish","type":"product","link":"https:\/\/senzorika-varga.si\/en\/product\/atomski-masaznik\/","title":{"rendered":"Atomski masa\u017enik"},"content":{"rendered":"<p>Masa\u017enik za dvojno uporabo. Ne le za zelo dobre ob\u010dutke, ampak se tudi sveti ter se na ravni povr\u0161ini vrti na svojih nogah.<\/p>","protected":false},"excerpt":{"rendered":"<p>Atomski masa\u017enik<\/p>","protected":false},"featured_media":5012,"menu_order":0,"comment_status":"open","ping_status":"closed","template":"","meta":[],"product_brand":[],"product_cat":[96,95,125,99],"product_tag":[],"class_list":{"0":"post-1011","1":"product","2":"type-product","3":"status-publish","4":"has-post-thumbnail","6":"product_cat-masaza","7":"product_cat-propriocepcija","8":"product_cat-snoezelen","9":"product_cat-vibracije","11":"first","12":"instock","13":"taxable","14":"shipping-taxable","15":"purchasable","16":"product-type-simple"},"jetpack_sharing_enabled":true,"_links":{"self":[{"href":"https:\/\/senzorika-varga.si\/en\/wp-json\/wp\/v2\/product\/1011","targetHints":{"allow":["GET"]}}],"collection":[{"href":"https:\/\/senzorika-varga.si\/en\/wp-json\/wp\/v2\/product"}],"about":[{"href":"https:\/\/senzorika-varga.si\/en\/wp-json\/wp\/v2\/types\/product"}],"replies":[{"embeddable":true,"href":"https:\/\/senzorika-varga.si\/en\/wp-json\/wp\/v2\/comments?post=1011"}],"version-history":[{"count":1,"href":"https:\/\/senzorika-varga.si\/en\/wp-json\/wp\/v2\/product\/1011\/revisions"}],"predecessor-version":[{"id":1012,"href":"https:\/\/senzorika-varga.si\/en\/wp-json\/wp\/v2\/product\/1011\/revisions\/1012"}],"wp:featuredmedia":[{"embeddable":true,"href":"https:\/\/senzorika-varga.si\/en\/wp-json\/wp\/v2\/media\/5012"}],"wp:attachment":[{"href":"https:\/\/senzorika-varga.si\/en\/wp-json\/wp\/v2\/media?parent=1011"}],"wp:term":[{"taxonomy":"product_brand","embeddable":true,"href":"https:\/\/senzorika-varga.si\/en\/wp-json\/wp\/v2\/product_brand?post=1011"},{"taxonomy":"product_cat","embeddable":true,"href":"https:\/\/senzorika-varga.si\/en\/wp-json\/wp\/v2\/product_cat?post=1011"},{"taxonomy":"product_tag","embeddable":true,"href":"https:\/\/senzorika-varga.si\/en\/wp-json\/wp\/v2\/product_tag?post=1011"}],"curies":[{"name":"wp","href":"https:\/\/api.w.org\/{rel}","templated":true}]}}