{"id":10106,"date":"2025-12-05T22:07:15","date_gmt":"2025-12-05T22:07:15","guid":{"rendered":"https:\/\/senzorika.ajvonidol.si\/?post_type=product&#038;p=10106"},"modified":"2025-12-27T19:36:34","modified_gmt":"2025-12-27T19:36:34","slug":"zogice-za-bazen-500-kosov-rumena","status":"publish","type":"product","link":"https:\/\/senzorika-varga.si\/en\/product\/zogice-za-bazen-500-kosov-rumena\/","title":{"rendered":"\u017dogice za bazen 500 kosov Rumena"},"content":{"rendered":"<p>Komplet \u017eogic, s katerimi lahko napolnite suh bazen ali otro\u0161ko igri\u0161\u010de. Njihova pro\u017enost, velikost in raznolikost barv zagotavljajo psihomotori\u010dno stimulacijo in pozitivno vplivajo na senzori\u010dni razvoj pri otrocih. 500 kosov; premer \u017eogice: 6,5 cm; barva: rumena; material: plastika<\/p>","protected":false},"excerpt":{"rendered":"<p>Komplet \u017eogic, s katerimi lahko napolnite suh bazen ali otro\u0161ko igri\u0161\u010de. Njihova pro\u017enost, velikost in raznolikost barv zagotavljajo psihomotori\u010dno stimulacijo in pozitivno vplivajo na senzori\u010dni razvoj pri otrocih. 500 kosov; premer \u017eogice: 6,5 cm; barva: rumena; material: plastika<\/p>","protected":false},"featured_media":11798,"menu_order":0,"comment_status":"open","ping_status":"closed","template":"","meta":[],"product_brand":[],"product_cat":[130,125],"product_tag":[],"class_list":{"0":"post-10106","1":"product","2":"type-product","3":"status-publish","4":"has-post-thumbnail","6":"product_cat-mehki-predmeti","7":"product_cat-snoezelen","9":"first","10":"instock","11":"taxable","12":"shipping-taxable","13":"purchasable","14":"product-type-simple"},"jetpack_sharing_enabled":true,"_links":{"self":[{"href":"https:\/\/senzorika-varga.si\/en\/wp-json\/wp\/v2\/product\/10106","targetHints":{"allow":["GET"]}}],"collection":[{"href":"https:\/\/senzorika-varga.si\/en\/wp-json\/wp\/v2\/product"}],"about":[{"href":"https:\/\/senzorika-varga.si\/en\/wp-json\/wp\/v2\/types\/product"}],"replies":[{"embeddable":true,"href":"https:\/\/senzorika-varga.si\/en\/wp-json\/wp\/v2\/comments?post=10106"}],"version-history":[{"count":1,"href":"https:\/\/senzorika-varga.si\/en\/wp-json\/wp\/v2\/product\/10106\/revisions"}],"predecessor-version":[{"id":10107,"href":"https:\/\/senzorika-varga.si\/en\/wp-json\/wp\/v2\/product\/10106\/revisions\/10107"}],"wp:featuredmedia":[{"embeddable":true,"href":"https:\/\/senzorika-varga.si\/en\/wp-json\/wp\/v2\/media\/11798"}],"wp:attachment":[{"href":"https:\/\/senzorika-varga.si\/en\/wp-json\/wp\/v2\/media?parent=10106"}],"wp:term":[{"taxonomy":"product_brand","embeddable":true,"href":"https:\/\/senzorika-varga.si\/en\/wp-json\/wp\/v2\/product_brand?post=10106"},{"taxonomy":"product_cat","embeddable":true,"href":"https:\/\/senzorika-varga.si\/en\/wp-json\/wp\/v2\/product_cat?post=10106"},{"taxonomy":"product_tag","embeddable":true,"href":"https:\/\/senzorika-varga.si\/en\/wp-json\/wp\/v2\/product_tag?post=10106"}],"curies":[{"name":"wp","href":"https:\/\/api.w.org\/{rel}","templated":true}]}}