{"id":10058,"date":"2025-12-05T22:07:08","date_gmt":"2025-12-05T22:07:08","guid":{"rendered":"https:\/\/senzorika.ajvonidol.si\/?post_type=product&#038;p=10058"},"modified":"2025-12-27T19:36:21","modified_gmt":"2025-12-27T19:36:21","slug":"kaytek","status":"publish","type":"product","link":"https:\/\/senzorika-varga.si\/en\/product\/kaytek\/","title":{"rendered":"Kaytek poligon"},"content":{"rendered":"<p>Modro-zelena penasta proga z ovirami Kajtek, sestavljena iz 10 elementov, je prekrita s PVC tkanino brez ftalatov, odporno proti obrabi, in opremljena z nedrse\u010dim teksturiranim PVC dnom za stabilnost med igro. Notranjost je napolnjena z visoko elasti\u010dno poliuretansko peno, ki zagotavlja udobje in varnost.<\/p>\n<p>Ta proga z ovirami je zasnovana tako, da podpira razvoj motori\u010dnih sposobnosti otrok z razli\u010dnimi dejavnostmi, kot so plezanje, skakanje, ravnote\u017eje in premagovanje ovir. Razli\u010dni elementi spodbujajo aktivno igro in telesni razvoj z izbolj\u0161anjem ravnote\u017eja, koordinacije in mi\u0161i\u010dne mo\u010di, kar je bistvenega pomena za zdravo rast.<\/p>\n<p>Dimenzije: 200 x 200 x 40 cm.<\/p>","protected":false},"excerpt":{"rendered":"<p>Modro-zelena penasta proga z ovirami Kajtek, sestavljena iz 10 elementov, je prekrita s PVC tkanino brez ftalatov, odporno proti obrabi, in opremljena z nedrse\u010dim teksturiranim PVC dnom za stabilnost med igro. Notranjost je napolnjena z visoko elasti\u010dno poliuretansko peno, ki zagotavlja udobje in varnost.<\/p>\n<p>Ta proga z ovirami je zasnovana tako, da podpira razvoj motori\u010dnih sposobnosti otrok z razli\u010dnimi dejavnostmi, kot so plezanje, skakanje, ravnote\u017eje in premagovanje ovir. Razli\u010dni elementi spodbujajo aktivno igro in telesni razvoj z izbolj\u0161anjem ravnote\u017eja, koordinacije in mi\u0161i\u010dne mo\u010di, kar je bistvenega pomena za zdravo rast.<\/p>\n<p>Dimenzije: 200 x 200 x 40 cm.<\/p>","protected":false},"featured_media":11757,"menu_order":0,"comment_status":"open","ping_status":"closed","template":"","meta":[],"product_brand":[],"product_cat":[130],"product_tag":[],"class_list":{"0":"post-10058","1":"product","2":"type-product","3":"status-publish","4":"has-post-thumbnail","6":"product_cat-mehki-predmeti","8":"first","9":"instock","10":"taxable","11":"shipping-taxable","12":"purchasable","13":"product-type-simple"},"jetpack_sharing_enabled":true,"_links":{"self":[{"href":"https:\/\/senzorika-varga.si\/en\/wp-json\/wp\/v2\/product\/10058","targetHints":{"allow":["GET"]}}],"collection":[{"href":"https:\/\/senzorika-varga.si\/en\/wp-json\/wp\/v2\/product"}],"about":[{"href":"https:\/\/senzorika-varga.si\/en\/wp-json\/wp\/v2\/types\/product"}],"replies":[{"embeddable":true,"href":"https:\/\/senzorika-varga.si\/en\/wp-json\/wp\/v2\/comments?post=10058"}],"version-history":[{"count":2,"href":"https:\/\/senzorika-varga.si\/en\/wp-json\/wp\/v2\/product\/10058\/revisions"}],"predecessor-version":[{"id":13015,"href":"https:\/\/senzorika-varga.si\/en\/wp-json\/wp\/v2\/product\/10058\/revisions\/13015"}],"wp:featuredmedia":[{"embeddable":true,"href":"https:\/\/senzorika-varga.si\/en\/wp-json\/wp\/v2\/media\/11757"}],"wp:attachment":[{"href":"https:\/\/senzorika-varga.si\/en\/wp-json\/wp\/v2\/media?parent=10058"}],"wp:term":[{"taxonomy":"product_brand","embeddable":true,"href":"https:\/\/senzorika-varga.si\/en\/wp-json\/wp\/v2\/product_brand?post=10058"},{"taxonomy":"product_cat","embeddable":true,"href":"https:\/\/senzorika-varga.si\/en\/wp-json\/wp\/v2\/product_cat?post=10058"},{"taxonomy":"product_tag","embeddable":true,"href":"https:\/\/senzorika-varga.si\/en\/wp-json\/wp\/v2\/product_tag?post=10058"}],"curies":[{"name":"wp","href":"https:\/\/api.w.org\/{rel}","templated":true}]}}