{"id":10040,"date":"2025-12-05T22:07:06","date_gmt":"2025-12-05T22:07:06","guid":{"rendered":"https:\/\/senzorika.ajvonidol.si\/?post_type=product&#038;p=10040"},"modified":"2025-12-27T19:36:18","modified_gmt":"2025-12-27T19:36:18","slug":"mega-bloki","status":"publish","type":"product","link":"https:\/\/senzorika-varga.si\/en\/product\/mega-bloki\/","title":{"rendered":"Mega bloki"},"content":{"rendered":"<p>Komplet gradbenih blokov iz pene megabloks, prevle\u010den s PVC tkanino brez ftalatov, odporno proti obrabi, in napolnjen z visoko elasti\u010dno poliuretansko peno, je odli\u010dna izbira za ustvarjanje ustvarjalnih konstrukcij. Bloke je mogo\u010de razporediti v razli\u010dne oblike, kar spodbuja domi\u0161ljijo, motori\u010dne sposobnosti in sodelovanje. Zaradi velikih dimenzij elementov komplet ponuja \u0161tevilne mo\u017enosti za zanimivo igro in vaje senzori\u010dne integracije.<\/p>\n<p>Dimenzije posameznih elementov: 8 kosov dimenzij 90 x 30 cm, 10 kosov dimenzij 30 x 30 cm, premer valjev: 60 cm.<\/p>","protected":false},"excerpt":{"rendered":"<p>Komplet gradbenih blokov iz pene megabloks, prevle\u010den s PVC tkanino brez ftalatov, odporno proti obrabi, in napolnjen z visoko elasti\u010dno poliuretansko peno, je odli\u010dna izbira za ustvarjanje ustvarjalnih konstrukcij. Bloke je mogo\u010de razporediti v razli\u010dne oblike, kar spodbuja domi\u0161ljijo, motori\u010dne sposobnosti in sodelovanje. Zaradi velikih dimenzij elementov komplet ponuja \u0161tevilne mo\u017enosti za zanimivo igro in vaje senzori\u010dne integracije.<\/p>\n<p>Dimenzije posameznih elementov: 8 kosov dimenzij 90 x 30 cm, 10 kosov dimenzij 30 x 30 cm, premer valjev: 60 cm.<\/p>","protected":false},"featured_media":11744,"menu_order":0,"comment_status":"open","ping_status":"closed","template":"","meta":[],"product_brand":[],"product_cat":[130],"product_tag":[],"class_list":{"0":"post-10040","1":"product","2":"type-product","3":"status-publish","4":"has-post-thumbnail","6":"product_cat-mehki-predmeti","8":"first","9":"instock","10":"taxable","11":"shipping-taxable","12":"purchasable","13":"product-type-simple"},"jetpack_sharing_enabled":true,"_links":{"self":[{"href":"https:\/\/senzorika-varga.si\/en\/wp-json\/wp\/v2\/product\/10040","targetHints":{"allow":["GET"]}}],"collection":[{"href":"https:\/\/senzorika-varga.si\/en\/wp-json\/wp\/v2\/product"}],"about":[{"href":"https:\/\/senzorika-varga.si\/en\/wp-json\/wp\/v2\/types\/product"}],"replies":[{"embeddable":true,"href":"https:\/\/senzorika-varga.si\/en\/wp-json\/wp\/v2\/comments?post=10040"}],"version-history":[{"count":1,"href":"https:\/\/senzorika-varga.si\/en\/wp-json\/wp\/v2\/product\/10040\/revisions"}],"predecessor-version":[{"id":10041,"href":"https:\/\/senzorika-varga.si\/en\/wp-json\/wp\/v2\/product\/10040\/revisions\/10041"}],"wp:featuredmedia":[{"embeddable":true,"href":"https:\/\/senzorika-varga.si\/en\/wp-json\/wp\/v2\/media\/11744"}],"wp:attachment":[{"href":"https:\/\/senzorika-varga.si\/en\/wp-json\/wp\/v2\/media?parent=10040"}],"wp:term":[{"taxonomy":"product_brand","embeddable":true,"href":"https:\/\/senzorika-varga.si\/en\/wp-json\/wp\/v2\/product_brand?post=10040"},{"taxonomy":"product_cat","embeddable":true,"href":"https:\/\/senzorika-varga.si\/en\/wp-json\/wp\/v2\/product_cat?post=10040"},{"taxonomy":"product_tag","embeddable":true,"href":"https:\/\/senzorika-varga.si\/en\/wp-json\/wp\/v2\/product_tag?post=10040"}],"curies":[{"name":"wp","href":"https:\/\/api.w.org\/{rel}","templated":true}]}}