{"id":10038,"date":"2025-12-05T22:07:06","date_gmt":"2025-12-05T22:07:06","guid":{"rendered":"https:\/\/senzorika.ajvonidol.si\/?post_type=product&#038;p=10038"},"modified":"2025-12-27T19:36:18","modified_gmt":"2025-12-27T19:36:18","slug":"ultra-bloki","status":"publish","type":"product","link":"https:\/\/senzorika-varga.si\/en\/product\/ultra-bloki\/","title":{"rendered":"Ultra bloki"},"content":{"rendered":"<p>Komplet ultrablokov je sestavljen iz 40 kosov, izdelanih iz PVC tkanine brez ftalatov, odporne proti odrgninam in napolnjenih z visoko elasti\u010dno poliuretansko peno. Ti bloki so odli\u010dno orodje za razvoj ustvarjalnosti in motori\u010dnih sposobnosti pri otrocih. Njihove razli\u010dne oblike in velikosti spodbujajo igro in terapijo, spodbujajo domi\u0161ljijo in aktivnost.<\/p>\n<p>Dimenzije: najmanj\u0161i element 40 x 20 x 20 cm, najve\u010dji 120 x 20 x 20 cm.<\/p>","protected":false},"excerpt":{"rendered":"<p>Komplet ultrablokov je sestavljen iz 40 kosov, izdelanih iz PVC tkanine brez ftalatov, odporne proti odrgninam in napolnjenih z visoko elasti\u010dno poliuretansko peno. Ti bloki so odli\u010dno orodje za razvoj ustvarjalnosti in motori\u010dnih sposobnosti pri otrocih. Njihove razli\u010dne oblike in velikosti spodbujajo igro in terapijo, spodbujajo domi\u0161ljijo in aktivnost.<\/p>\n<p>Dimenzije: najmanj\u0161i element 40 x 20 x 20 cm, najve\u010dji 120 x 20 x 20 cm.<\/p>","protected":false},"featured_media":11741,"menu_order":0,"comment_status":"open","ping_status":"closed","template":"","meta":[],"product_brand":[],"product_cat":[130],"product_tag":[],"class_list":{"0":"post-10038","1":"product","2":"type-product","3":"status-publish","4":"has-post-thumbnail","6":"product_cat-mehki-predmeti","8":"first","9":"instock","10":"taxable","11":"shipping-taxable","12":"purchasable","13":"product-type-simple"},"jetpack_sharing_enabled":true,"_links":{"self":[{"href":"https:\/\/senzorika-varga.si\/en\/wp-json\/wp\/v2\/product\/10038","targetHints":{"allow":["GET"]}}],"collection":[{"href":"https:\/\/senzorika-varga.si\/en\/wp-json\/wp\/v2\/product"}],"about":[{"href":"https:\/\/senzorika-varga.si\/en\/wp-json\/wp\/v2\/types\/product"}],"replies":[{"embeddable":true,"href":"https:\/\/senzorika-varga.si\/en\/wp-json\/wp\/v2\/comments?post=10038"}],"version-history":[{"count":1,"href":"https:\/\/senzorika-varga.si\/en\/wp-json\/wp\/v2\/product\/10038\/revisions"}],"predecessor-version":[{"id":10039,"href":"https:\/\/senzorika-varga.si\/en\/wp-json\/wp\/v2\/product\/10038\/revisions\/10039"}],"wp:featuredmedia":[{"embeddable":true,"href":"https:\/\/senzorika-varga.si\/en\/wp-json\/wp\/v2\/media\/11741"}],"wp:attachment":[{"href":"https:\/\/senzorika-varga.si\/en\/wp-json\/wp\/v2\/media?parent=10038"}],"wp:term":[{"taxonomy":"product_brand","embeddable":true,"href":"https:\/\/senzorika-varga.si\/en\/wp-json\/wp\/v2\/product_brand?post=10038"},{"taxonomy":"product_cat","embeddable":true,"href":"https:\/\/senzorika-varga.si\/en\/wp-json\/wp\/v2\/product_cat?post=10038"},{"taxonomy":"product_tag","embeddable":true,"href":"https:\/\/senzorika-varga.si\/en\/wp-json\/wp\/v2\/product_tag?post=10038"}],"curies":[{"name":"wp","href":"https:\/\/api.w.org\/{rel}","templated":true}]}}