{"id":10036,"date":"2025-12-05T22:07:06","date_gmt":"2025-12-05T22:07:06","guid":{"rendered":"https:\/\/senzorika.ajvonidol.si\/?post_type=product&#038;p=10036"},"modified":"2025-12-27T19:36:18","modified_gmt":"2025-12-27T19:36:18","slug":"oblike-iz-pene-komplet-4","status":"publish","type":"product","link":"https:\/\/senzorika-varga.si\/en\/product\/oblike-iz-pene-komplet-4\/","title":{"rendered":"Oblike iz pene (komplet 6)"},"content":{"rendered":"<p>Komplet iz pene v oran\u017eni, rde\u010di, svetlo modri, temno modri, zeleni in svetlo zeleni barvi je sestavljen iz \u0161estih delov. Prevleka iz PVC tkanine brez ftalatov je odporna proti odrgninam, kar zagotavlja vzdr\u017eljivost in enostavno vzdr\u017eevanje. Polnilo iz poliuretanske pene zagotavlja udobje in oporo med igro. Komplet je odli\u010den za razli\u010dne telesne dejavnosti, razvoj motori\u010dnih sposobnosti, koordinacije, ustvarjalnosti in timskega dela.<\/p>","protected":false},"excerpt":{"rendered":"<p>Komplet iz pene v oran\u017eni, rde\u010di, svetlo modri, temno modri, zeleni in svetlo zeleni barvi je sestavljen iz \u0161estih delov. Prevleka iz PVC tkanine brez ftalatov je odporna proti odrgninam, kar zagotavlja vzdr\u017eljivost in enostavno vzdr\u017eevanje. Polnilo iz poliuretanske pene zagotavlja udobje in oporo med igro. Komplet je odli\u010den za razli\u010dne telesne dejavnosti, razvoj motori\u010dnih sposobnosti, koordinacije, ustvarjalnosti in timskega dela.<\/p>","protected":false},"featured_media":11740,"menu_order":0,"comment_status":"open","ping_status":"closed","template":"","meta":[],"product_brand":[],"product_cat":[130],"product_tag":[],"class_list":{"0":"post-10036","1":"product","2":"type-product","3":"status-publish","4":"has-post-thumbnail","6":"product_cat-mehki-predmeti","8":"first","9":"instock","10":"taxable","11":"shipping-taxable","12":"purchasable","13":"product-type-simple"},"jetpack_sharing_enabled":true,"_links":{"self":[{"href":"https:\/\/senzorika-varga.si\/en\/wp-json\/wp\/v2\/product\/10036","targetHints":{"allow":["GET"]}}],"collection":[{"href":"https:\/\/senzorika-varga.si\/en\/wp-json\/wp\/v2\/product"}],"about":[{"href":"https:\/\/senzorika-varga.si\/en\/wp-json\/wp\/v2\/types\/product"}],"replies":[{"embeddable":true,"href":"https:\/\/senzorika-varga.si\/en\/wp-json\/wp\/v2\/comments?post=10036"}],"version-history":[{"count":2,"href":"https:\/\/senzorika-varga.si\/en\/wp-json\/wp\/v2\/product\/10036\/revisions"}],"predecessor-version":[{"id":13011,"href":"https:\/\/senzorika-varga.si\/en\/wp-json\/wp\/v2\/product\/10036\/revisions\/13011"}],"wp:featuredmedia":[{"embeddable":true,"href":"https:\/\/senzorika-varga.si\/en\/wp-json\/wp\/v2\/media\/11740"}],"wp:attachment":[{"href":"https:\/\/senzorika-varga.si\/en\/wp-json\/wp\/v2\/media?parent=10036"}],"wp:term":[{"taxonomy":"product_brand","embeddable":true,"href":"https:\/\/senzorika-varga.si\/en\/wp-json\/wp\/v2\/product_brand?post=10036"},{"taxonomy":"product_cat","embeddable":true,"href":"https:\/\/senzorika-varga.si\/en\/wp-json\/wp\/v2\/product_cat?post=10036"},{"taxonomy":"product_tag","embeddable":true,"href":"https:\/\/senzorika-varga.si\/en\/wp-json\/wp\/v2\/product_tag?post=10036"}],"curies":[{"name":"wp","href":"https:\/\/api.w.org\/{rel}","templated":true}]}}