{"id":10022,"date":"2025-12-05T22:07:04","date_gmt":"2025-12-05T22:07:04","guid":{"rendered":"https:\/\/senzorika.ajvonidol.si\/?post_type=product&#038;p=10022"},"modified":"2025-12-27T19:36:15","modified_gmt":"2025-12-27T19:36:15","slug":"kotna-blazina-rumena","status":"publish","type":"product","link":"https:\/\/senzorika-varga.si\/en\/product\/kotna-blazina-rumena\/","title":{"rendered":"Kotna blazina Rumena"},"content":{"rendered":"<p>Rumena kotna vzmetnica je funkcionalen dodatek, ki se dobro prilega igralnim in po\u010divalnim povr\u0161inam. Prevle\u010dena je s PVC tkanino brez ftalatov, odporno proti obrabi, zato zagotavlja estetsko privla\u010dnost in enostavno vzdr\u017eevanje. Zahvaljujo\u010d mo\u010dnemu je\u017eku jo je mogo\u010de brez te\u017eav kombinirati z drugimi elementi, kar omogo\u010da razli\u010dne konfiguracije. Nedrse\u010de dno iz teksturirane PVC tkanine zagotavlja stabilnost, polnilo iz visoko elasti\u010dne poliuretanske pene pa zagotavlja udobje in oporo med uporabo.<\/p>\n<p>Dimenzije: 100 x 100 x 10 cm.<\/p>","protected":false},"excerpt":{"rendered":"<p>Rumena kotna vzmetnica je funkcionalen dodatek, ki se dobro prilega igralnim in po\u010divalnim povr\u0161inam. Prevle\u010dena je s PVC tkanino brez ftalatov, odporno proti obrabi, zato zagotavlja estetsko privla\u010dnost in enostavno vzdr\u017eevanje. Zahvaljujo\u010d mo\u010dnemu je\u017eku jo je mogo\u010de brez te\u017eav kombinirati z drugimi elementi, kar omogo\u010da razli\u010dne konfiguracije. Nedrse\u010de dno iz teksturirane PVC tkanine zagotavlja stabilnost, polnilo iz visoko elasti\u010dne poliuretanske pene pa zagotavlja udobje in oporo med uporabo.<\/p>\n<p>Dimenzije: 100 x 100 x 10 cm.<\/p>","protected":false},"featured_media":11730,"menu_order":0,"comment_status":"open","ping_status":"closed","template":"","meta":[],"product_brand":[],"product_cat":[130],"product_tag":[],"class_list":{"0":"post-10022","1":"product","2":"type-product","3":"status-publish","4":"has-post-thumbnail","6":"product_cat-mehki-predmeti","8":"first","9":"instock","10":"taxable","11":"shipping-taxable","12":"purchasable","13":"product-type-simple"},"jetpack_sharing_enabled":true,"_links":{"self":[{"href":"https:\/\/senzorika-varga.si\/en\/wp-json\/wp\/v2\/product\/10022","targetHints":{"allow":["GET"]}}],"collection":[{"href":"https:\/\/senzorika-varga.si\/en\/wp-json\/wp\/v2\/product"}],"about":[{"href":"https:\/\/senzorika-varga.si\/en\/wp-json\/wp\/v2\/types\/product"}],"replies":[{"embeddable":true,"href":"https:\/\/senzorika-varga.si\/en\/wp-json\/wp\/v2\/comments?post=10022"}],"version-history":[{"count":2,"href":"https:\/\/senzorika-varga.si\/en\/wp-json\/wp\/v2\/product\/10022\/revisions"}],"predecessor-version":[{"id":13007,"href":"https:\/\/senzorika-varga.si\/en\/wp-json\/wp\/v2\/product\/10022\/revisions\/13007"}],"wp:featuredmedia":[{"embeddable":true,"href":"https:\/\/senzorika-varga.si\/en\/wp-json\/wp\/v2\/media\/11730"}],"wp:attachment":[{"href":"https:\/\/senzorika-varga.si\/en\/wp-json\/wp\/v2\/media?parent=10022"}],"wp:term":[{"taxonomy":"product_brand","embeddable":true,"href":"https:\/\/senzorika-varga.si\/en\/wp-json\/wp\/v2\/product_brand?post=10022"},{"taxonomy":"product_cat","embeddable":true,"href":"https:\/\/senzorika-varga.si\/en\/wp-json\/wp\/v2\/product_cat?post=10022"},{"taxonomy":"product_tag","embeddable":true,"href":"https:\/\/senzorika-varga.si\/en\/wp-json\/wp\/v2\/product_tag?post=10022"}],"curies":[{"name":"wp","href":"https:\/\/api.w.org\/{rel}","templated":true}]}}