{"id":10016,"date":"2025-12-05T22:07:04","date_gmt":"2025-12-05T22:07:04","guid":{"rendered":"https:\/\/senzorika.ajvonidol.si\/?post_type=product&#038;p=10016"},"modified":"2025-12-27T19:36:15","modified_gmt":"2025-12-27T19:36:15","slug":"senzoricna-blazina","status":"publish","type":"product","link":"https:\/\/senzorika-varga.si\/en\/product\/senzoricna-blazina\/","title":{"rendered":"Senzori\u010dna blazina z \u017eepi"},"content":{"rendered":"<p>Barvita podloga za senzori\u010dno rehabilitacijo z \u017eepi, izdelana iz trpe\u017ene oxfordske poliestrske tkanine, je inovativno orodje za korektivne vaje za stopala. Opremljena je s \u0161estimi \u017eepi, ki so pritrjeni z mo\u010dnim je\u017ekom, in omogo\u010da, da jih napolnite z razli\u010dnimi materiali, kot so kamni, grah, kostanji, pal\u010dke ali majhne \u017eogice (niso prilo\u017eene). Podloga spodbuja senzori\u010dne receptorje in podpira izbolj\u0161anje ravnote\u017eja in koordinacije ter razvoj taktilnega zaznavanja, kar koristi tako fini kot grobi motoriki.<\/p>\n<p>Dimenzije: 60 x 120 cm.<\/p>","protected":false},"excerpt":{"rendered":"<p>Barvita podloga za senzori\u010dno rehabilitacijo z \u017eepi, izdelana iz trpe\u017ene oxfordske poliestrske tkanine, je inovativno orodje za korektivne vaje za stopala. Opremljena je s \u0161estimi \u017eepi, ki so pritrjeni z mo\u010dnim je\u017ekom, in omogo\u010da, da jih napolnite z razli\u010dnimi materiali, kot so kamni, grah, kostanji, pal\u010dke ali majhne \u017eogice (niso prilo\u017eene). Podloga spodbuja senzori\u010dne receptorje in podpira izbolj\u0161anje ravnote\u017eja in koordinacije ter razvoj taktilnega zaznavanja, kar koristi tako fini kot grobi motoriki.<\/p>\n<p>Dimenzije: 60 x 120 cm.<\/p>","protected":false},"featured_media":11725,"menu_order":0,"comment_status":"open","ping_status":"closed","template":"","meta":[],"product_brand":[],"product_cat":[130],"product_tag":[],"class_list":{"0":"post-10016","1":"product","2":"type-product","3":"status-publish","4":"has-post-thumbnail","6":"product_cat-mehki-predmeti","8":"first","9":"instock","10":"taxable","11":"shipping-taxable","12":"purchasable","13":"product-type-simple"},"jetpack_sharing_enabled":true,"_links":{"self":[{"href":"https:\/\/senzorika-varga.si\/en\/wp-json\/wp\/v2\/product\/10016","targetHints":{"allow":["GET"]}}],"collection":[{"href":"https:\/\/senzorika-varga.si\/en\/wp-json\/wp\/v2\/product"}],"about":[{"href":"https:\/\/senzorika-varga.si\/en\/wp-json\/wp\/v2\/types\/product"}],"replies":[{"embeddable":true,"href":"https:\/\/senzorika-varga.si\/en\/wp-json\/wp\/v2\/comments?post=10016"}],"version-history":[{"count":2,"href":"https:\/\/senzorika-varga.si\/en\/wp-json\/wp\/v2\/product\/10016\/revisions"}],"predecessor-version":[{"id":13004,"href":"https:\/\/senzorika-varga.si\/en\/wp-json\/wp\/v2\/product\/10016\/revisions\/13004"}],"wp:featuredmedia":[{"embeddable":true,"href":"https:\/\/senzorika-varga.si\/en\/wp-json\/wp\/v2\/media\/11725"}],"wp:attachment":[{"href":"https:\/\/senzorika-varga.si\/en\/wp-json\/wp\/v2\/media?parent=10016"}],"wp:term":[{"taxonomy":"product_brand","embeddable":true,"href":"https:\/\/senzorika-varga.si\/en\/wp-json\/wp\/v2\/product_brand?post=10016"},{"taxonomy":"product_cat","embeddable":true,"href":"https:\/\/senzorika-varga.si\/en\/wp-json\/wp\/v2\/product_cat?post=10016"},{"taxonomy":"product_tag","embeddable":true,"href":"https:\/\/senzorika-varga.si\/en\/wp-json\/wp\/v2\/product_tag?post=10016"}],"curies":[{"name":"wp","href":"https:\/\/api.w.org\/{rel}","templated":true}]}}