{"id":1001,"date":"2025-11-03T21:50:48","date_gmt":"2025-11-03T21:50:48","guid":{"rendered":"https:\/\/senzorika.ajvonidol.si\/?post_type=product&#038;p=1001"},"modified":"2025-12-31T08:33:49","modified_gmt":"2025-12-31T08:33:49","slug":"ropotajoca-kaca","status":"publish","type":"product","link":"https:\/\/senzorika-varga.si\/en\/product\/ropotajoca-kaca\/","title":{"rendered":"Ropotajo\u010da ka\u010da"},"content":{"rendered":"<div><!--block-->Na\u0161a najbolje prodajana senzori\u010dna igra\u010da Ropotajo\u010da ka\u010da je eden izmed na\u0161ih najljub\u0161ih izdelkov za pomo\u010d pri spodbujanju umirjenosti in sprostitve.<\/p>\n<p>Vibracije pomagajo sprostiti telo in so kot nala\u0161\u010d za tiste, ki potrebujejo dodaten senzori\u010dni vnos. Senzori\u010dna vibrirajo\u010da igra\u010da Ka\u010da deluje na baterije, ima mo\u017enost izbire med dvema hitrostma, je prilagodljiva in pomaga pri stimulaciji na\u0161ih proprioceptivnih \u010dutov.<\/p>\n<p>Ovijte vibrirajo\u010do ka\u010do okoli vratu, hrbta, rok, nog ali trupa za vibracije tam, kjer jih potrebujete. Konci s kavljem in zanko ter dodatna sponka pomagajo dr\u017eati obliko.<\/p>\n<p>Pove\u017eite svojo ka\u010do z enim od na\u0161ih prevlek za razli\u010dne otipne ob\u010dutke &#8211; &gt; 3SKCVG ali 3SKSK!<\/p><\/div>","protected":false},"excerpt":{"rendered":"<p>Ropotajo\u010da ka\u010da<\/p>","protected":false},"featured_media":5093,"menu_order":0,"comment_status":"open","ping_status":"closed","template":"","meta":[],"product_brand":[],"product_cat":[96,98,95,125,100,99],"product_tag":[],"class_list":{"0":"post-1001","1":"product","2":"type-product","3":"status-publish","4":"has-post-thumbnail","6":"product_cat-masaza","7":"product_cat-obcutek-telesa","8":"product_cat-propriocepcija","9":"product_cat-snoezelen","10":"product_cat-udobje","11":"product_cat-vibracije","13":"first","14":"instock","15":"taxable","16":"shipping-taxable","17":"purchasable","18":"product-type-simple"},"jetpack_sharing_enabled":true,"_links":{"self":[{"href":"https:\/\/senzorika-varga.si\/en\/wp-json\/wp\/v2\/product\/1001","targetHints":{"allow":["GET"]}}],"collection":[{"href":"https:\/\/senzorika-varga.si\/en\/wp-json\/wp\/v2\/product"}],"about":[{"href":"https:\/\/senzorika-varga.si\/en\/wp-json\/wp\/v2\/types\/product"}],"replies":[{"embeddable":true,"href":"https:\/\/senzorika-varga.si\/en\/wp-json\/wp\/v2\/comments?post=1001"}],"version-history":[{"count":1,"href":"https:\/\/senzorika-varga.si\/en\/wp-json\/wp\/v2\/product\/1001\/revisions"}],"predecessor-version":[{"id":1002,"href":"https:\/\/senzorika-varga.si\/en\/wp-json\/wp\/v2\/product\/1001\/revisions\/1002"}],"wp:featuredmedia":[{"embeddable":true,"href":"https:\/\/senzorika-varga.si\/en\/wp-json\/wp\/v2\/media\/5093"}],"wp:attachment":[{"href":"https:\/\/senzorika-varga.si\/en\/wp-json\/wp\/v2\/media?parent=1001"}],"wp:term":[{"taxonomy":"product_brand","embeddable":true,"href":"https:\/\/senzorika-varga.si\/en\/wp-json\/wp\/v2\/product_brand?post=1001"},{"taxonomy":"product_cat","embeddable":true,"href":"https:\/\/senzorika-varga.si\/en\/wp-json\/wp\/v2\/product_cat?post=1001"},{"taxonomy":"product_tag","embeddable":true,"href":"https:\/\/senzorika-varga.si\/en\/wp-json\/wp\/v2\/product_tag?post=1001"}],"curies":[{"name":"wp","href":"https:\/\/api.w.org\/{rel}","templated":true}]}}