{"id":11,"date":"2025-10-30T20:39:29","date_gmt":"2025-10-30T20:39:29","guid":{"rendered":"https:\/\/senzorika.ajvonidol.si\/?page_id=11"},"modified":"2025-10-30T20:39:31","modified_gmt":"2025-10-30T20:39:31","slug":"pogoji-poslovanja","status":"publish","type":"page","link":"https:\/\/senzorika-varga.si\/en\/pogoji-poslovanja\/","title":{"rendered":"Splo\u0161ni pogoji poslovanja"},"content":{"rendered":"<p><strong>Pogoji poslovanja spletne trgovina Senzorika-Varga.si<\/strong><\/p>\n\n\n\n<p><\/p>\n\n\n\n<p>Splo\u0161ni pogoji poslovanja spletne trgovine Senzorika-Varga.si so sestavljeni v skladu z Zakonom o varstvu potro\u0161nikov (ZVPot), na podlagi priporo\u010dil GZS in mednarodnih kodeksov za e-poslovanje.<\/p>\n\n\n\n<p>S spletno trgovino Senzorika-Varga.si upravlja podjetje Senzorika Varga, Mario Varga s.p. (v nadaljevanju \u00bbponudnik\u00ab), ponudnik storitev e-poslovanja. Ob registraciji v sistem Senzorika-Varga.si obiskovalec pridobi uporabni\u0161ko ime, ki je enako naslovu njegove elektronske po\u0161te, ter geslo. Uporabni\u0161ko ime in geslo uporabnika nedvoumno dolo\u010data in povezujeta z vne\u0161enimi podatki. Z registracijo obiskovalec postane uporabnik in pridobi pravico do nakupa.<\/p>\n\n\n\n<p>Splo\u0161ni pogoji poslovanja obravnavajo delovanje spletne trgovine Senzorika-Varga.si, pravice uporabnika, ter poslovni odnos med ponudnikom in kupcem.<\/p>\n\n\n\n<p>Splo\u0161ni pogoji za\u010dnejo veljati takoj, ko vstopite na spletno trgovino in veljajo za vse njene strani. Spremembo pogojev si pridr\u017eujemo spremeniti brez posebne predhodne najave in velja od datuma sprembe dalje. Spletna trgovina Senzorika-Varga.si se ne zavezuje, da so podatki o izdelku popolni, pojavijo pa se lahko tudi odstopanja artikla iz fotografije in njegovim dejanskim izgledom. Pridr\u017eujemo si tudi pravico o prekinitvi delovanja spletne strani ali omejimo njeno delovanje in, da za dolo\u010den \u010das omejimo ali onemogo\u010dimo prodajo dolo\u010denih izdelkov.<\/p>\n\n\n\n<p>Pridr\u017eujemo si, da odstopimo od naro\u010dila, v primeru, \u010de sumimo kupca kot rizi\u010dnega, bodisi niso bili izpoljeni vsi potrebni podatki ali zaradi napake v ceniku. V tem primeru vas o tem obvestimo na elektronski naslov ali pa vas pokli\u010demo.<br>S potrditvijo naro\u010dila se vsak kupec strinja s pogoji poslovanja in uporabe.<\/p>\n\n\n\n<p style=\"font-size:23px\"><strong>Dostopnost informacij (povzetek zakonodaje)<\/strong><\/p>\n\n\n\n<p>Ponudnik se zavezuje, da bo kupcu vselej zagotovil naslednje informacije:<\/p>\n\n\n\n<ul class=\"wp-block-list\">\n<li>identiteto podjetja (ime in sede\u017e podjetja, \u0161tevilka registra)<\/li>\n\n\n\n<li>kontaktne podatke, ki uporabniku omogo\u010dajo hitro in u\u010dinkovito komunikacijo (e-po\u0161ta, telefon),<\/li>\n\n\n\n<li>bistvene zna\u010dilnosti blaga oziroma storitev (vklju\u010dno s poprodajnimi storitvami in garancijami),<\/li>\n\n\n\n<li>dostopnost izdelkov (vsak izdelek ali storitev, ki je v ponudbi na spletnem mestu, naj bi bil dostopen v razumljivem roku),<\/li>\n\n\n\n<li>pogoje dostave izdelka ali izvr\u0161itve storitve (na\u010din, kraj in rok dostave),<\/li>\n\n\n\n<li>vse cene morajo biti jasno in nedvoumno dolo\u010dene in razvidno mora biti prikazano, ali \u017ee vsebujejo davke in stro\u0161ke prevoza,<\/li>\n\n\n\n<li>na\u010din pla\u010dila in dostave,<\/li>\n\n\n\n<li>\u010dasovno veljavnost ponudbe,<\/li>\n\n\n\n<li>rok, v katerem je \u0161e mo\u017eno odstopiti od pogodbe in pogojih za odstop; poleg tega tudi o tem, \u010de in koliko stane kupca vra\u010dilo izdelka,<\/li>\n\n\n\n<li>pojasnilo postopka ob prito\u017ebi, vklju\u010dno z vsemi podatki o kontaktni osebi ali slu\u017ebi za stike s kupci.<\/li>\n<\/ul>\n\n\n\n<p style=\"font-size:23px\"><strong>Ponudba artiklov<\/strong><\/p>\n\n\n\n<p>Zaradi narave poslovanja preko svetovnega spleta se ponudba Senzorika-Varga.si a\u017eurira in spreminja pogosto in hitro.<\/p>\n\n\n\n<p style=\"font-size:23px\"><strong>Cene<\/strong><\/p>\n\n\n\n<p>Cena velja enako za vse uporabnike Senzorika-Varga.si. \u010clan Senzorika-Varga.si postanete z registracijo v spletni trgovini Senzorika-Varga.si.<br>Cene vsebujejo DDV, razen \u010de je izrecno napisano druga\u010de.<\/p>\n\n\n\n<p>Ponudnik bo blago oziroma storitev dostavil v dogovorjenem roku. Ponudnik si pridr\u017euje pravico izbrati poljubno dostavno slu\u017ebo, \u010de bo s tem lahko naro\u010dilo izpolnil bolj u\u010dinkovito in v skladu s ceno\/stro\u0161kom po\u0161iljanja, kot je navedeno ob naro\u010dilu.<\/p>\n\n\n\n<p style=\"font-size:23px\"><strong>Komunikacija<\/strong><\/p>\n\n\n\n<p>Ponudnik bo z uporabnikom stopil v stik preko sredstev komunikacij na daljavo le, \u010de temu uporabnik izrecno ne nasprotuje.<br>Oglasna elektronska sporo\u010dila bodo vsebovala naslednje sestavine:<\/p>\n\n\n\n<ul class=\"wp-block-list\">\n<li>jasno in nedvoumno bodo ozna\u010dena kot oglasna sporo\u010dila,<\/li>\n\n\n\n<li>po\u0161iljatelj bo jasno razviden,<\/li>\n\n\n\n<li>razli\u010dne akcije, promocije in druge tr\u017ene tehnike, bodo ozna\u010dene kot tak\u0161ne. Prav tako bodo jasno dolo\u010deni pogoji udele\u017ebe v njih,<\/li>\n\n\n\n<li>jasno bo predstavljen na\u010din odjave od prejemanja oglasnih sporo\u010dil,<\/li>\n\n\n\n<li>\u017eeljo uporabnika, da ne \u017eeli prejemati oglasnih sporo\u010dil, bo ponudnik izrecno spo\u0161toval.<\/li>\n<\/ul>\n\n\n\n<p style=\"font-size:23px\"><strong>Mnenja \/ komentarji uporabnikov<\/strong><\/p>\n\n\n\n<p>Mnenja oziroma komentarji uporabnikov ter recenzije izdelkov, ki jih kupci napi\u0161ejo, so del funkcionalnosti trgovine, ki so namenjene skupnosti uporabnikov. Ponudnik omogo\u010da, da mnenje napi\u0161e katerikoli registrirani uporabnik trgovine, pred dokon\u010dno objavo pa jih ponudnik pregleda. Ponudnik ne bo objavil mnenj oziroma prispevkov, ki so kakorkoli \u017ealjivi, obsceni ali po mnenju ponudnika ne nudijo koristi drugim uporabnikom in obiskovalcem.<br>Z oddajo mnenja ali komentarja se uporabnik izrecno strinja s pogoji uporabe in ponudniku dovoljuje objavo dela ali celotnega teksta v vseh elektronskih in drugih medijih. Ponudnik ima pravico vsebino uporabljati \u010dasovno neomejeno in za katerikoli namen, ki je v poslovnem interesu ponudnika, vklju\u010dno z objavo v oglasih ali drugih marketin\u0161kih komunikacijah. Avtor mnenja hkrati izjavlja in zagotavlja, da je lastnik materialnih in moralnih avtorskih pravic za napisana mnenja in komentarje ter da te pravice neizklju\u010dno in \u010dasovno neomejeno prena\u0161a na ponudnika.<\/p>\n\n\n\n<p style=\"font-size:23px\"><strong>Stvarna napaka<\/strong><\/p>\n\n\n\n<p>Kdaj je napaka stvarna?<\/p>\n\n\n\n<p>Kadar:<br>artikel nima lastnosti, ki so potrebne za njegovo normalno rabo ali za promet<br>artikel nima lastnosti, ki so potrebne za posebno rabo, za katero jo kupec kupuje, ki pa je bila prodajalcu znana oziroma bi mu morala biti znana<br>artikel nima lastnosti in odlik, ki so bile izrecno ali mol\u010de dogovorjene oziroma predpisane<br>je prodajalec izro\u010dil artikel, ki se ne ujema z vzorcem ali modelom, razen \u010de je bil vzorec ali model pokazan le zaradi obvestila.<br>Kako se preverja primernost artikla?<br>Preverja se z drugim, brezhibnim artiklom enake vrste, hkrati pa tudi z izjavami proizvajalca oziroma navedbami na samem artiklu.<\/p>\n\n\n\n<p>Kako se stvarno napako uveljavi?<br>Kupec nas mora o morebitni stvarni napaki skupaj z natan\u010dnim opisom le-te obvestiti v zakonsko dolo\u010denem roku in nam hkrati omogo\u010diti pregled artikla. Kupec nas o stvarni napaki obvesti na info@senzorika-varga.si.<\/p>\n\n\n\n<p>Pravico do uveljavljanja stvarne napake na artiklu natan\u010dneje urejajo dolo\u010dila zakona o varstvu potro\u0161nikov.<\/p>\n\n\n\n<p>Kupec mora prodajalca o napaki obvestiti najkasneje v 2 mesecih, odkar jo je kupec odkril.<\/p>\n\n\n\n<p>Prodajalec odgovarja za napake na novih izdelkih 2 leti od izro\u010ditve izdelka, za rabljene stvari pa velja enoletni rok.<\/p>\n\n\n\n<p style=\"font-size:23px\"><strong>NARO\u010cILO<\/strong><\/p>\n\n\n\n<p><strong>1. Senzorika-varga.si naro\u010dilo<\/strong><\/p>\n\n\n\n<p>Po oddaji naro\u010dila kupec prejme obvestilo po elektronski po\u0161ti, da je naro\u010dilo sprejeto. \u010clanu senzorika-varga.si so na spletni strani senzorika-varga.si vselej dostopni iz\u010drpni podatki o statusu in vsebini naro\u010dila. senzorika-varga.si lahko za preverjanje podatkov ali zaradi zagotavljanja to\u010dnosti dobave pokli\u010de kupca na njegovo kontaktno telefonsko \u0161tevilko. Pri dobavi artiklov, ki jih senzorika-varga.si nima na zalogi, je senzorika-varga.si izklju\u010dno vezan na dobavo s strani svojega dobavitelja in na \u010das, v katerem lahko ta dobavitelj dostavi artikel do senzorika-varga.si. Prek elektronske po\u0161te Senzorika Varga kupca sproti obve\u0161\u010da o a\u017eurnih podatkih v zvezi z dobavo artiklov. \u010ce je dobavna doba zelo dolga in kupec ne \u017eeli \u010dakati, lahko kupec to sporo\u010di Senzorika Varga, ki bo artikel odstranil iz naro\u010dila in vrnil kupcu morebitna \u017ee vpla\u010dana sredstva, ostale artikle iz naro\u010dila pa po izbiri kupca ali dobavil ali pa celotno naro\u010dilo storniral.<\/p>\n\n\n\n<p><strong>2. Naro\u010dilo je odpremljeno\/Naro\u010dilo je pripravljeno za prevzem<br><\/strong><br>Senzorika Varga v dogovorjenem roku artikel pripravi, odpo\u0161lje oziroma pripravi za osebni prevzem in o tem po elektronski po\u0161ti obvesti kupca.<\/p>\n\n\n\n<p>V primeru, da se kupec pravo\u010dasno odlo\u010di za preklic naro\u010dila, mora prodajalca o tem nemudoma obvestiti na telefonsko \u0161tevilko splo\u0161ne pomo\u010di 031 314 963 ali po e-mailu na naslov info@senzorika-varga.si. \u010ce se zgodi, da je naro\u010dilo \u017ee odpremljeno, po\u0161iljko kupec zavrne dostavni slu\u017ebi.<\/p>\n\n\n\n<p><strong>3. Tehni\u010dni postopek za sklenitev pogodbe &#8211; Tehni\u010dna izvedba naro\u010dila<br><\/strong>Kupec naro\u010di blago tako, da najprej izbere \u017eelen produkt, ki ga vmesti ko\u0161arico. To stori z gumbom V ko\u0161arico. Po kliku se pojavi okno, kjer kupec preveri svoje naro\u010dilo. V pojavnem oknu se nahajajo podatki o izbranem produktu, o ceni, o stro\u0161kih dostave, o DDV-ju in koliko je kon\u010dna cena za pla\u010dilo. Kupec ima na voljo nadaljevati nakup ali pa zaklju\u010diti na blagajni. S klikom na blagajno se pojavi okno, kjer je ponovno povzeto naro\u010dilo in zneski dostave, DDV-ja in kon\u010dna cena za pla\u010dilo. Pod tem oknom se nahaja obrazec, ki ga kupec izpolni s svojimo podatki (ime in priimek, naslov, telefonska \u0161tevilka), na\u010din pla\u010dila ter gumb, s katerim dokon\u010dno potrdi nakup in je s tem povezana obveznost pla\u010dila podjetju Senzorika Varga.<\/p>\n\n\n\n<p>Pred kon\u010dnim naro\u010dilom (preko zgoraj navedenega postopka) ima kupec mo\u017enost preveriti pravilnost naro\u010dila in je s tem kupcu po izbiri blaga in pred oddajo naro\u010dila omogo\u010den pregled celotne vsebine naro\u010dila vklju\u010dno s koli\u010dino in ceno ter popravek morebitnih napak.<\/p>\n\n\n\n<p style=\"font-size:23px\"><strong>Izvensodno re\u0161evanje potro\u0161ni\u0161kih sporov<\/strong><\/p>\n\n\n\n<p>Skladno z zakonskimi normativi podjetje Senzorika Varga ne priznava nobenega izvajalca izvensodnega re\u0161evanja potro\u0161ni\u0161kih sporov kot pristojnega za re\u0161evanje potro\u0161ni\u0161kega spora, ki bi ga potro\u0161nik lahko spro\u017eil v skladu z Zakonom o izvensodnem re\u0161evanju potro\u0161ni\u0161kih sporov.<\/p>\n\n\n\n<p>Podjetje Senzorika Varga, ki kot ponudnik blaga in storitev omogo\u010da spletno trgovino na obmo\u010dju RS, na svoji spletni strani objavlja elektronsko povezavo na platformo za spletno re\u0161evanje potro\u0161ni\u0161kih sporov (SRPS). Platforma je na voljo potro\u0161nikom tukaj:&nbsp;<a href=\"https:\/\/webgate.ec.europa.eu\/odr\/main\/index.cfm?event=main.home.show&amp;lng=SL\">https:\/\/webgate.ec.europa.eu\/odr\/main\/index.cfm?event=main.home.show&amp;lng=SL<\/a><\/p>\n\n\n\n<p>Navedena ureditev izhaja iz Zakona o izvensodnem re\u0161evanju potro\u0161ni\u0161kih sporov.<\/p>\n\n\n\n<p style=\"font-size:23px\"><strong>OSNOVNI PODATKI O PODJETJU<\/strong><\/p>\n\n\n\n<p>Kratek naziv: Senzorika Varga, Mario Varga s.p.<br>Dolgi naziv: Senzorika Varga, specializirana trgovina s pripomo\u010dki za osebe s posebnimi potrebami, Mario Varga, s.p.<br>Dav\u010dna \u0161tevilka: SI63756005<br>Mati\u010dna \u0161tevilka: 6660622000<br>Poslovni ra\u010dun: SI56 3400 0101 6674 533 (odprt pri Sparkasse d.d.)<br>Datum vpisa v register: 19.08.2014<br>Vpisna \u0161tevilka:316-04-01213-2019 Registrski organ:AJPES, izpostava LjubljanaPodjetje je dav\u010dni zavezanec.<\/p>","protected":false},"excerpt":{"rendered":"<p>Pogoji poslovanja spletne trgovina Senzorika-Varga.si Splo\u0161ni pogoji poslovanja spletne trgovine Senzorika-Varga.si so sestavljeni v skladu z Zakonom o varstvu potro\u0161nikov (ZVPot), na podlagi priporo\u010dil GZS in mednarodnih kodeksov za e-poslovanje. S spletno trgovino Senzorika-Varga.si upravlja podjetje Senzorika Varga, Mario Varga s.p. (v nadaljevanju \u00bbponudnik\u00ab), ponudnik storitev e-poslovanja. Ob registraciji v sistem Senzorika-Varga.si obiskovalec pridobi uporabni\u0161ko &#8230;<\/p>","protected":false},"author":1,"featured_media":0,"parent":0,"menu_order":0,"comment_status":"closed","ping_status":"closed","template":"","meta":{"footnotes":""},"class_list":["post-11","page","type-page","status-publish","hentry"],"jetpack_sharing_enabled":true,"_links":{"self":[{"href":"https:\/\/senzorika-varga.si\/en\/wp-json\/wp\/v2\/pages\/11","targetHints":{"allow":["GET"]}}],"collection":[{"href":"https:\/\/senzorika-varga.si\/en\/wp-json\/wp\/v2\/pages"}],"about":[{"href":"https:\/\/senzorika-varga.si\/en\/wp-json\/wp\/v2\/types\/page"}],"author":[{"embeddable":true,"href":"https:\/\/senzorika-varga.si\/en\/wp-json\/wp\/v2\/users\/1"}],"replies":[{"embeddable":true,"href":"https:\/\/senzorika-varga.si\/en\/wp-json\/wp\/v2\/comments?post=11"}],"version-history":[{"count":2,"href":"https:\/\/senzorika-varga.si\/en\/wp-json\/wp\/v2\/pages\/11\/revisions"}],"predecessor-version":[{"id":874,"href":"https:\/\/senzorika-varga.si\/en\/wp-json\/wp\/v2\/pages\/11\/revisions\/874"}],"wp:attachment":[{"href":"https:\/\/senzorika-varga.si\/en\/wp-json\/wp\/v2\/media?parent=11"}],"curies":[{"name":"wp","href":"https:\/\/api.w.org\/{rel}","templated":true}]}}